{"id":1152,"date":"2019-12-06T11:50:43","date_gmt":"2019-12-06T19:50:43","guid":{"rendered":"http:\/\/webspace.royalroads.ca\/jhodson\/?page_id=1152"},"modified":"2019-12-17T08:52:09","modified_gmt":"2019-12-17T16:52:09","slug":"pratiques-exemplaires-en-communication-scientifique","status":"publish","type":"page","link":"https:\/\/webspace.royalroads.ca\/jhodson\/communication-in-the-public-interest-resources\/pratiques-exemplaires-en-communication-scientifique\/","title":{"rendered":"PRATIQUES EXEMPLAIRES EN COMMUNICATION SCIENTIFIQUE"},"content":{"rendered":"<p>Bienvenue aux\u00a0<strong><em>Pratiques exemplaires en communication scientifique!<\/em><\/strong><\/p>\n<figure id=\"attachment_1153\" aria-describedby=\"caption-attachment-1153\" style=\"width: 895px\" class=\"wp-caption alignright\"><img decoding=\"async\" class=\"size-full wp-image-1153 lazyload\" data-src=\"https:\/\/webspace.royalroads.ca\/jhodson\/wp-content\/uploads\/sites\/175\/2019\/12\/ScienceHackDay.png\" alt=\"\" width=\"895\" height=\"598\" data-srcset=\"https:\/\/webspace.royalroads.ca\/jhodson\/wp-content\/uploads\/sites\/175\/2019\/12\/ScienceHackDay.png 895w, https:\/\/webspace.royalroads.ca\/jhodson\/wp-content\/uploads\/sites\/175\/2019\/12\/ScienceHackDay-300x200.png 300w, https:\/\/webspace.royalroads.ca\/jhodson\/wp-content\/uploads\/sites\/175\/2019\/12\/ScienceHackDay-768x513.png 768w\" data-sizes=\"(max-width: 895px) 100vw, 895px\" src=\"data:image\/svg+xml;base64,PHN2ZyB3aWR0aD0iMSIgaGVpZ2h0PSIxIiB4bWxucz0iaHR0cDovL3d3dy53My5vcmcvMjAwMC9zdmciPjwvc3ZnPg==\" style=\"--smush-placeholder-width: 895px; --smush-placeholder-aspect-ratio: 895\/598;\" \/><figcaption id=\"caption-attachment-1153\" class=\"wp-caption-text\">\u00ab\u00a0Science Hack Day\u00a0\u00bb par fumi selon les termes de CC\u00a0BY-NC-SA\u00a02.0<\/figcaption><\/figure>\n<p>La pr\u00e9sente ressource en ligne a \u00e9t\u00e9 rendue possible gr\u00e2ce \u00e0 des efforts appuy\u00e9s par MITACS, Environnement et Changement climatique Canada et l\u2019Universit\u00e9 Royal Roads. Ce carrefour d\u2019information en ligne sera une ressource pour vous lorsque vous choisirez de rendre vos travaux scientifiques disponibles au grand public. Enti\u00e8rement libre acc\u00e8s, vous pourrez y faire r\u00e9f\u00e9rence en tout temps en ligne et l\u2019information demeurera \u00e0 jour et r\u00e9guli\u00e8rement enrichie de nouveaut\u00e9s, d\u2019\u00e9tudes de cas et de pratiques exemplaires.<\/p>\n<p><em>I have also created an English version of this resource. <a href=\"http:\/\/webspace.royalroads.ca\/jhodson\/communication-in-the-public-interest-resources\/science-communication\/\">To access this guide in English, click here.<\/a><\/em><\/p>\n<p>Cette ressource en ligne peut \u00eatre per\u00e7ue comme un livre multim\u00e9dia interactif. En plus d\u2019offrir un guide simple \u00e0 propos de la communication en ligne, vous y trouverez des vid\u00e9os de YouTube; des hyperliens vers des entr\u00e9es de blogue, des articles d\u2019universitaires et bien plus encore. J\u2019ai compil\u00e9 et organis\u00e9 pour vous ces liens venant de sources vari\u00e9es afin de vous fournir un point d\u2019acc\u00e8s unique \u00a0visant \u00e0 offrir \u00a0le meilleur soutien possible en mati\u00e8re de communication scientifique.<\/p>\n<p>Les navigateurs Web Firefox et Chrome sont les meilleures interfaces pour l\u2019utilisation de cette ressource. En fait, le visionnement des vid\u00e9os n\u2019est pas toujours possible sur les autres navigateurs. \u00c0 cet effet, j\u2019ai aussi inclus les hyperliens vers les vid\u00e9os utilis\u00e9es pour contrer le probl\u00e8me d\u2019affichage sur les autres navigateurs.<\/p>\n<p>Cliquez sur un des chapitres suivants pour en savoir plus ou encore suivez tout le module de formation sur la communication scientifique en cliquant sur\u00a0<strong>&gt;&gt;Suivant<\/strong>\u00a0au bas de chaque page quand vous en avez termin\u00e9 la lecture.<\/p>\n<p><strong>Table des mati\u00e8res\u00a0:<\/strong><\/p>\n<ol>\n<li><a href=\"https:\/\/webspace.royalroads.ca\/jhodson\/communication-in-the-public-interest-resources\/pratiques-exemplaires-en-communication-scientifique\/chapitre-1-parler-de-la-science-pourquoi\/\">Chapitre\u00a01\u00a0: Parler de la science, pourquoi?<\/a><\/li>\n<li><a href=\"https:\/\/webspace.royalroads.ca\/jhodson\/communication-in-the-public-interest-resources\/pratiques-exemplaires-en-communication-scientifique\/chapitre-2-la-communication-scientifique-astuces-et-defis\/\">Chapitre\u00a02\u00a0: Parler de la science, astuces et d\u00e9fis<\/a><\/li>\n<li><a href=\"https:\/\/webspace.royalroads.ca\/jhodson\/communication-in-the-public-interest-resources\/pratiques-exemplaires-en-communication-scientifique\/chapitre-3-avoir-recours-aux-medias-sociaux-pour-parler-de-votre-disciplinevos-travaux-scientifiques\/\">Chapitre\u00a03\u00a0: Diffuser vos r\u00e9sultats de recherche par les r\u00e9seaux sociaux<\/a><\/li>\n<li><a href=\"https:\/\/webspace.royalroads.ca\/jhodson\/communication-in-the-public-interest-resources\/pratiques-exemplaires-en-communication-scientifique\/chapitre-4-presenter-votre-travail-a-un-public-non-universitaire\/\">Chapitre\u00a04\u00a0: Pr\u00e9senter votre travail \u00e0 un public non universitaire<\/a><\/li>\n<\/ol>\n<h6><strong>&gt;&gt;SUIVANT: <\/strong><a href=\"https:\/\/webspace.royalroads.ca\/jhodson\/communication-in-the-public-interest-resources\/pratiques-exemplaires-en-communication-scientifique\/chapitre-1-parler-de-la-science-pourquoi\/\"><strong>CHAPITRE 1: PARLER DE LA SCIENCE, POURQUOI?<\/strong><\/a><\/h6>\n<hr \/>\n<p><strong>Appuy\u00e9 par\u00a0:<\/strong><\/p>\n<p><img decoding=\"async\" class=\"wp-image-1033 alignleft lazyload\" data-src=\"https:\/\/webspace.royalroads.ca\/jhodson\/wp-content\/uploads\/sites\/175\/2019\/08\/ECCC-logo.png\" alt=\"\" width=\"660\" height=\"47\" data-srcset=\"https:\/\/webspace.royalroads.ca\/jhodson\/wp-content\/uploads\/sites\/175\/2019\/08\/ECCC-logo.png 2358w, https:\/\/webspace.royalroads.ca\/jhodson\/wp-content\/uploads\/sites\/175\/2019\/08\/ECCC-logo-300x21.png 300w, https:\/\/webspace.royalroads.ca\/jhodson\/wp-content\/uploads\/sites\/175\/2019\/08\/ECCC-logo-768x55.png 768w, https:\/\/webspace.royalroads.ca\/jhodson\/wp-content\/uploads\/sites\/175\/2019\/08\/ECCC-logo-1024x73.png 1024w\" data-sizes=\"(max-width: 660px) 100vw, 660px\" src=\"data:image\/svg+xml;base64,PHN2ZyB3aWR0aD0iMSIgaGVpZ2h0PSIxIiB4bWxucz0iaHR0cDovL3d3dy53My5vcmcvMjAwMC9zdmciPjwvc3ZnPg==\" style=\"--smush-placeholder-width: 660px; --smush-placeholder-aspect-ratio: 660\/47;\" \/><\/p>\n<p><img decoding=\"async\" class=\"alignright wp-image-766 lazyload\" data-src=\"https:\/\/webspace.royalroads.ca\/jhodson\/wp-content\/uploads\/sites\/175\/2019\/08\/mitacs_colour.jpg\" alt=\"\" width=\"163\" height=\"59\" data-srcset=\"https:\/\/webspace.royalroads.ca\/jhodson\/wp-content\/uploads\/sites\/175\/2019\/08\/mitacs_colour.jpg 2237w, https:\/\/webspace.royalroads.ca\/jhodson\/wp-content\/uploads\/sites\/175\/2019\/08\/mitacs_colour-300x109.jpg 300w, https:\/\/webspace.royalroads.ca\/jhodson\/wp-content\/uploads\/sites\/175\/2019\/08\/mitacs_colour-768x278.jpg 768w, https:\/\/webspace.royalroads.ca\/jhodson\/wp-content\/uploads\/sites\/175\/2019\/08\/mitacs_colour-1024x371.jpg 1024w\" data-sizes=\"(max-width: 163px) 100vw, 163px\" src=\"data:image\/svg+xml;base64,PHN2ZyB3aWR0aD0iMSIgaGVpZ2h0PSIxIiB4bWxucz0iaHR0cDovL3d3dy53My5vcmcvMjAwMC9zdmciPjwvc3ZnPg==\" style=\"--smush-placeholder-width: 163px; --smush-placeholder-aspect-ratio: 163\/59;\" \/><\/p>\n<p><img decoding=\"async\" class=\"wp-image-765 alignleft lazyload\" data-src=\"https:\/\/webspace.royalroads.ca\/jhodson\/wp-content\/uploads\/sites\/175\/2019\/08\/Royal_Roads_large.jpg\" alt=\"\" width=\"147\" height=\"75\" data-srcset=\"https:\/\/webspace.royalroads.ca\/jhodson\/wp-content\/uploads\/sites\/175\/2019\/08\/Royal_Roads_large.jpg 323w, https:\/\/webspace.royalroads.ca\/jhodson\/wp-content\/uploads\/sites\/175\/2019\/08\/Royal_Roads_large-300x153.jpg 300w\" data-sizes=\"(max-width: 147px) 100vw, 147px\" src=\"data:image\/svg+xml;base64,PHN2ZyB3aWR0aD0iMSIgaGVpZ2h0PSIxIiB4bWxucz0iaHR0cDovL3d3dy53My5vcmcvMjAwMC9zdmciPjwvc3ZnPg==\" style=\"--smush-placeholder-width: 147px; --smush-placeholder-aspect-ratio: 147\/75;\" \/><\/p>\n","protected":false},"excerpt":{"rendered":"<p>Bienvenue aux\u00a0Pratiques exemplaires en communication scientifique! La pr\u00e9sente ressource en ligne a \u00e9t\u00e9 rendue possible gr\u00e2ce \u00e0 des efforts appuy\u00e9s par MITACS, Environnement et Changement climatique Canada et l\u2019Universit\u00e9 Royal Roads. Ce carrefour d\u2019information en ligne sera une ressource pour vous lorsque vous choisirez de rendre vos travaux scientifiques disponibles au grand public. Enti\u00e8rement libre [&hellip;]<\/p>\n","protected":false},"author":184,"featured_media":0,"parent":411,"menu_order":1,"comment_status":"closed","ping_status":"closed","template":"","meta":{"footnotes":""},"class_list":["post-1152","page","type-page","status-publish","hentry"],"_links":{"self":[{"href":"https:\/\/webspace.royalroads.ca\/jhodson\/wp-json\/wp\/v2\/pages\/1152","targetHints":{"allow":["GET"]}}],"collection":[{"href":"https:\/\/webspace.royalroads.ca\/jhodson\/wp-json\/wp\/v2\/pages"}],"about":[{"href":"https:\/\/webspace.royalroads.ca\/jhodson\/wp-json\/wp\/v2\/types\/page"}],"author":[{"embeddable":true,"href":"https:\/\/webspace.royalroads.ca\/jhodson\/wp-json\/wp\/v2\/users\/184"}],"replies":[{"embeddable":true,"href":"https:\/\/webspace.royalroads.ca\/jhodson\/wp-json\/wp\/v2\/comments?post=1152"}],"version-history":[{"count":7,"href":"https:\/\/webspace.royalroads.ca\/jhodson\/wp-json\/wp\/v2\/pages\/1152\/revisions"}],"predecessor-version":[{"id":1326,"href":"https:\/\/webspace.royalroads.ca\/jhodson\/wp-json\/wp\/v2\/pages\/1152\/revisions\/1326"}],"up":[{"embeddable":true,"href":"https:\/\/webspace.royalroads.ca\/jhodson\/wp-json\/wp\/v2\/pages\/411"}],"wp:attachment":[{"href":"https:\/\/webspace.royalroads.ca\/jhodson\/wp-json\/wp\/v2\/media?parent=1152"}],"curies":[{"name":"wp","href":"https:\/\/api.w.org\/{rel}","templated":true}]}}