{"id":1161,"date":"2019-12-10T09:05:42","date_gmt":"2019-12-10T17:05:42","guid":{"rendered":"http:\/\/webspace.royalroads.ca\/jhodson\/?page_id=1161"},"modified":"2019-12-10T09:20:34","modified_gmt":"2019-12-10T17:20:34","slug":"pas-ma-tache-pourquoi-les-scientifiques-devraient-aussi-etre-des-communicateurs","status":"publish","type":"page","link":"https:\/\/webspace.royalroads.ca\/jhodson\/communication-in-the-public-interest-resources\/pratiques-exemplaires-en-communication-scientifique\/chapitre-1-parler-de-la-science-pourquoi\/pas-ma-tache-pourquoi-les-scientifiques-devraient-aussi-etre-des-communicateurs\/","title":{"rendered":"PAS MA T\u00c2CHE\u00a0: POURQUOI LES SCIENTIFIQUES DEVRAIENT AUSSI \u00caTRE DES COMMUNICATEURS"},"content":{"rendered":"<p>En tant que scientifique, vous la conduite de vos recherches vous donne d\u00e9j\u00e0 pas mal de pain sur la planche, ce qui pourrait vous pousser \u00e0 penser qu\u2019en faire la promotion devrait \u00eatre la t\u00e2che d\u2019un autre. Apr\u00e8s tout, les employ\u00e9s responsables de la communication de votre minist\u00e8re, de l\u2019universit\u00e9 ou du laboratoire peuvent le faire, n\u2019est\u2011ce pas?<\/p>\n<p>Nous avons d\u00e9j\u00e0 entendu ce commentaire. En fait, m\u00eame si les professionnels en communications poss\u00e8dent beaucoup de connaissances dans ce domaine, les raisons pourquoi les scientifiques devraient apprendre \u00e0 communiquer \u00e0 propos de leur travail sont nombreuses. Par exemple, les \u00e9tudes montrent que le degr\u00e9 confiance concernant une information scientifique sur le climat est plus faible lorsqu\u2019elle est communiqu\u00e9e par un politicien ou un professionnel en communications que si l\u2019information est pr\u00e9sent\u00e9e par un climatologue.<\/p>\n<p><a href=\"https:\/\/blogs.scientificamerican.com\/observations\/scientists-need-to-talk-to-the-public\/\">La pr\u00e9sente entr\u00e9e d\u2019un blogue de scientifiques am\u00e9ricains<\/a> pr\u00e9sente quelques raisons convaincantes qui invitent les scientifiques \u00e0 communiquer directement avec le grand public plut\u00f4t que de passer par un interm\u00e9diaire. Voici les raisons principales expliquant pourquoi les scientifiques demeurent les meilleurs communicateurs de leur travail\u00a0:<\/p>\n<ul>\n<li>La passion qu\u2019a le scientifique pour son travail peut inspirer les gens.<\/li>\n<li>La plupart des scientifiques ont le mandat de servir le grand public (une partie de leur salaire vient des contribuables), il est donc de leur devoir de communiquer \u00e0 la population le r\u00e9sultat de leurs recherches.<\/li>\n<li>Les scientifiques comprennent leur discipline mieux que quiconque, ce qui fait d\u2019eux les mieux plac\u00e9s pour l\u2019expliquer aux autres.<\/li>\n<li>Une communication scientifique r\u00e9ussie peut stimuler la pens\u00e9e critique et ainsi contribuer \u00e0 un dialogue plus int\u00e9ress\u00e9 et mieux inform\u00e9 avec le public.<\/li>\n<\/ul>\n<p>En lisant tout l\u2019article, vous d\u00e9couvrirez d\u2019autres raisons et vous trouverez des conseils pour vous aider \u00e0 trouver d\u2019autres ressources de communication scientifique.<\/p>\n<figure id=\"attachment_1162\" aria-describedby=\"caption-attachment-1162\" style=\"width: 345px\" class=\"wp-caption alignright\"><img decoding=\"async\" class=\"size-full wp-image-1162 lazyload\" data-src=\"https:\/\/webspace.royalroads.ca\/jhodson\/wp-content\/uploads\/sites\/175\/2019\/12\/NotMyJob.png\" alt=\"\" width=\"345\" height=\"345\" data-srcset=\"https:\/\/webspace.royalroads.ca\/jhodson\/wp-content\/uploads\/sites\/175\/2019\/12\/NotMyJob.png 345w, https:\/\/webspace.royalroads.ca\/jhodson\/wp-content\/uploads\/sites\/175\/2019\/12\/NotMyJob-150x150.png 150w, https:\/\/webspace.royalroads.ca\/jhodson\/wp-content\/uploads\/sites\/175\/2019\/12\/NotMyJob-300x300.png 300w\" data-sizes=\"(max-width: 345px) 100vw, 345px\" src=\"data:image\/svg+xml;base64,PHN2ZyB3aWR0aD0iMSIgaGVpZ2h0PSIxIiB4bWxucz0iaHR0cDovL3d3dy53My5vcmcvMjAwMC9zdmciPjwvc3ZnPg==\" style=\"--smush-placeholder-width: 345px; --smush-placeholder-aspect-ratio: 345\/345;\" \/><figcaption id=\"caption-attachment-1162\" class=\"wp-caption-text\">\u00ab\u00a0Flame Challenge\u00a03\u00a0\u00bb par l\u2019\u00e9quipe KGA (6e ann\u00e9e) selon les termes de CC\u00a0BY-NC-SA\u00a02.0<\/figcaption><\/figure>\n<p>Personne ne comprend votre discipline mieux que vous. Vous avez d\u00e9vou\u00e9 des ann\u00e9es de travail \u00e0 en saisir toutes les subtilit\u00e9s. Un professionnel en communications ne peut donc pas pr\u00e9senter l\u2019information aussi bien que vous. Si des d\u00e9tails additionnels leur sont demand\u00e9s, ils pourraient ne pas \u00eatre en mesure de fournir la meilleure r\u00e9ponse. De votre c\u00f4t\u00e9, vous \u00eates capable de r\u00e9pondre \u00e0 de nombreuses questions puisqu\u2019il s\u2019agit de votre domaine d\u2019expertise. En prenant le temps de communiquer vous-m\u00eame l\u2019information, vous garantissez aux gens un acc\u00e8s \u00e0 la meilleure qualit\u00e9 d\u2019information possible puisqu\u2019elle vient de vous.<\/p>\n<h6>&gt;&gt;SUIVANT : <a href=\"http:\/\/webspace.royalroads.ca\/jhodson\/conseils-dexperts-en-matiere-de-communication-scientifique\/\">CONSEILS D\u2019EXPERTS EN MATI\u00c8RE DE COMMUNICATION SCIENTIFIQUE<\/a><\/h6>\n<h6>&lt;&lt;<a href=\"https:\/\/webspace.royalroads.ca\/jhodson\/communication-in-the-public-interest-resources\/pratiques-exemplaires-en-communication-scientifique\/chapitre-1-parler-de-la-science-pourquoi\/\">RETOUR \u00c0 LA LISTE DE SUJETS DU CHAPITRE 1<\/a><\/h6>\n","protected":false},"excerpt":{"rendered":"<p>En tant que scientifique, vous la conduite de vos recherches vous donne d\u00e9j\u00e0 pas mal de pain sur la planche, ce qui pourrait vous pousser \u00e0 penser qu\u2019en faire la promotion devrait \u00eatre la t\u00e2che d\u2019un autre. Apr\u00e8s tout, les employ\u00e9s responsables de la communication de votre minist\u00e8re, de l\u2019universit\u00e9 ou du laboratoire peuvent le [&hellip;]<\/p>\n","protected":false},"author":184,"featured_media":0,"parent":1156,"menu_order":1,"comment_status":"closed","ping_status":"closed","template":"","meta":{"footnotes":""},"class_list":["post-1161","page","type-page","status-publish","hentry"],"_links":{"self":[{"href":"https:\/\/webspace.royalroads.ca\/jhodson\/wp-json\/wp\/v2\/pages\/1161","targetHints":{"allow":["GET"]}}],"collection":[{"href":"https:\/\/webspace.royalroads.ca\/jhodson\/wp-json\/wp\/v2\/pages"}],"about":[{"href":"https:\/\/webspace.royalroads.ca\/jhodson\/wp-json\/wp\/v2\/types\/page"}],"author":[{"embeddable":true,"href":"https:\/\/webspace.royalroads.ca\/jhodson\/wp-json\/wp\/v2\/users\/184"}],"replies":[{"embeddable":true,"href":"https:\/\/webspace.royalroads.ca\/jhodson\/wp-json\/wp\/v2\/comments?post=1161"}],"version-history":[{"count":2,"href":"https:\/\/webspace.royalroads.ca\/jhodson\/wp-json\/wp\/v2\/pages\/1161\/revisions"}],"predecessor-version":[{"id":1175,"href":"https:\/\/webspace.royalroads.ca\/jhodson\/wp-json\/wp\/v2\/pages\/1161\/revisions\/1175"}],"up":[{"embeddable":true,"href":"https:\/\/webspace.royalroads.ca\/jhodson\/wp-json\/wp\/v2\/pages\/1156"}],"wp:attachment":[{"href":"https:\/\/webspace.royalroads.ca\/jhodson\/wp-json\/wp\/v2\/media?parent=1161"}],"curies":[{"name":"wp","href":"https:\/\/api.w.org\/{rel}","templated":true}]}}