{"id":1164,"date":"2019-12-10T09:08:29","date_gmt":"2019-12-10T17:08:29","guid":{"rendered":"http:\/\/webspace.royalroads.ca\/jhodson\/?page_id=1164"},"modified":"2019-12-10T09:21:23","modified_gmt":"2019-12-10T17:21:23","slug":"conseils-dexperts-en-matiere-de-communication-scientifique","status":"publish","type":"page","link":"https:\/\/webspace.royalroads.ca\/jhodson\/communication-in-the-public-interest-resources\/pratiques-exemplaires-en-communication-scientifique\/chapitre-1-parler-de-la-science-pourquoi\/conseils-dexperts-en-matiere-de-communication-scientifique\/","title":{"rendered":"CONSEILS D\u2019EXPERTS EN MATI\u00c8RE DE COMMUNICATION SCIENTIFIQUE"},"content":{"rendered":"<p>Et si vous n\u2019\u00eates pas encore convaincus du pouvoir de la communication scientifique, la pr\u00e9sente section expose l\u2019avis de quelques experts dans le domaine. La vid\u00e9o, tir\u00e9e de Science Vagabonde, explique les principes de la communication scientifique et pourquoi il est important que vous appreniez \u00e0 vous y adonner. Cette vid\u00e9o, bien que cr\u00e9\u00e9e pour le public fran\u00e7ais, explique l\u2019importance de parler des sciences et s\u2019applique bien au contexte canadien. La vid\u00e9o est int\u00e9gr\u00e9e dans le document; cependant, si vous \u00e9prouvez des difficult\u00e9s avec l\u2019affichage de la vid\u00e9o, <a href=\"https:\/\/www.youtube.com\/watch?v=Pn7cd2M_S8A\">utilisez ce lien vers YouTube.<\/a><\/p>\n<p><iframe title=\"Regards sur la communication des sciences : Nicolas Beck\" width=\"660\" height=\"371\" src=\"https:\/\/www.youtube.com\/embed\/Pn7cd2M_S8A?feature=oembed\" frameborder=\"0\" allow=\"accelerometer; autoplay; clipboard-write; encrypted-media; gyroscope; picture-in-picture; web-share\" referrerpolicy=\"strict-origin-when-cross-origin\" allowfullscreen><\/iframe><\/p>\n<p><strong><em>Vid\u00e9o\u00a0:<\/em><\/strong><em> <strong>Regards sur la communication des sciences\u00a0: Nicolas\u00a0Beck<\/strong><\/em><\/p>\n<h6>&gt;&gt;SUIVANT\u00a0:\u00a0<a href=\"http:\/\/webspace.royalroads.ca\/jhodson\/communication-in-the-public-interest-resources\/pratiques-exemplaires-en-communication-scientifique\/chapitre-1-parler-de-la-science-pourquoi\/la-communication-scientifique-et-votre-carriere\/\">LA COMMUNICATION SCIENTIFIQUE ET VOTRE CARRI\u00c8RE<\/a><\/h6>\n<h6>&lt;&lt;<a href=\"https:\/\/webspace.royalroads.ca\/jhodson\/communication-in-the-public-interest-resources\/pratiques-exemplaires-en-communication-scientifique\/chapitre-1-parler-de-la-science-pourquoi\/\">RETOUR \u00c0 LA LISTE DE SUJETS DU CHAPITRE\u00a01<\/a><\/h6>\n","protected":false},"excerpt":{"rendered":"<p>Et si vous n\u2019\u00eates pas encore convaincus du pouvoir de la communication scientifique, la pr\u00e9sente section expose l\u2019avis de quelques experts dans le domaine. La vid\u00e9o, tir\u00e9e de Science Vagabonde, explique les principes de la communication scientifique et pourquoi il est important que vous appreniez \u00e0 vous y adonner. Cette vid\u00e9o, bien que cr\u00e9\u00e9e pour [&hellip;]<\/p>\n","protected":false},"author":184,"featured_media":0,"parent":1156,"menu_order":2,"comment_status":"closed","ping_status":"closed","template":"","meta":{"footnotes":""},"class_list":["post-1164","page","type-page","status-publish","hentry"],"_links":{"self":[{"href":"https:\/\/webspace.royalroads.ca\/jhodson\/wp-json\/wp\/v2\/pages\/1164","targetHints":{"allow":["GET"]}}],"collection":[{"href":"https:\/\/webspace.royalroads.ca\/jhodson\/wp-json\/wp\/v2\/pages"}],"about":[{"href":"https:\/\/webspace.royalroads.ca\/jhodson\/wp-json\/wp\/v2\/types\/page"}],"author":[{"embeddable":true,"href":"https:\/\/webspace.royalroads.ca\/jhodson\/wp-json\/wp\/v2\/users\/184"}],"replies":[{"embeddable":true,"href":"https:\/\/webspace.royalroads.ca\/jhodson\/wp-json\/wp\/v2\/comments?post=1164"}],"version-history":[{"count":2,"href":"https:\/\/webspace.royalroads.ca\/jhodson\/wp-json\/wp\/v2\/pages\/1164\/revisions"}],"predecessor-version":[{"id":1176,"href":"https:\/\/webspace.royalroads.ca\/jhodson\/wp-json\/wp\/v2\/pages\/1164\/revisions\/1176"}],"up":[{"embeddable":true,"href":"https:\/\/webspace.royalroads.ca\/jhodson\/wp-json\/wp\/v2\/pages\/1156"}],"wp:attachment":[{"href":"https:\/\/webspace.royalroads.ca\/jhodson\/wp-json\/wp\/v2\/media?parent=1164"}],"curies":[{"name":"wp","href":"https:\/\/api.w.org\/{rel}","templated":true}]}}