{"id":1167,"date":"2019-12-10T09:15:02","date_gmt":"2019-12-10T17:15:02","guid":{"rendered":"http:\/\/webspace.royalroads.ca\/jhodson\/?page_id=1167"},"modified":"2019-12-10T09:21:52","modified_gmt":"2019-12-10T17:21:52","slug":"la-communication-scientifique-et-votre-carriere","status":"publish","type":"page","link":"https:\/\/webspace.royalroads.ca\/jhodson\/communication-in-the-public-interest-resources\/pratiques-exemplaires-en-communication-scientifique\/chapitre-1-parler-de-la-science-pourquoi\/la-communication-scientifique-et-votre-carriere\/","title":{"rendered":"La communication scientifique ET VOTRE CARRI\u00c8RE"},"content":{"rendered":"<p>De nombreuses raisons existent en faveur de la science ouverte. Il se peut que vous le fassiez d\u00e9j\u00e0 dans votre propre discipline. Par exemple, vous publiez peut-\u00eatre une version pr\u00e9liminaire de vos articles dans un d\u00e9p\u00f4t en ligne, ou encore vous partagez vos ensembles de donn\u00e9es. Comme le mentionne la Public Library of Science, les avantages de la science ouverte sont\u00a0:<\/p>\n<ul>\n<li>acc\u00e9l\u00e9rer le processus de d\u00e9couverte scientifique;<\/li>\n<li>contribuer au bien public;<\/li>\n<li>fournir mondialement un acc\u00e8s aux sciences, et particuli\u00e8rement aux gens de collectivit\u00e9s mal desservies comme les pays de l\u2019h\u00e9misph\u00e8re sud ou le Grand Nord canadien.<\/li>\n<\/ul>\n<figure id=\"attachment_1168\" aria-describedby=\"caption-attachment-1168\" style=\"width: 945px\" class=\"wp-caption alignright\"><img decoding=\"async\" class=\"size-full wp-image-1168 lazyload\" data-src=\"https:\/\/webspace.royalroads.ca\/jhodson\/wp-content\/uploads\/sites\/175\/2019\/12\/CentreDesSciencesFR.jpg\" alt=\"\" width=\"945\" height=\"634\" data-srcset=\"https:\/\/webspace.royalroads.ca\/jhodson\/wp-content\/uploads\/sites\/175\/2019\/12\/CentreDesSciencesFR.jpg 945w, https:\/\/webspace.royalroads.ca\/jhodson\/wp-content\/uploads\/sites\/175\/2019\/12\/CentreDesSciencesFR-300x201.jpg 300w, https:\/\/webspace.royalroads.ca\/jhodson\/wp-content\/uploads\/sites\/175\/2019\/12\/CentreDesSciencesFR-768x515.jpg 768w\" data-sizes=\"(max-width: 945px) 100vw, 945px\" src=\"data:image\/svg+xml;base64,PHN2ZyB3aWR0aD0iMSIgaGVpZ2h0PSIxIiB4bWxucz0iaHR0cDovL3d3dy53My5vcmcvMjAwMC9zdmciPjwvc3ZnPg==\" style=\"--smush-placeholder-width: 945px; --smush-placeholder-aspect-ratio: 945\/634;\" \/><figcaption id=\"caption-attachment-1168\" class=\"wp-caption-text\">\u00ab\u00a0Centre des sciences de Montr\u00e9al\u00a0\u00bb par afagen selon les termes de CC\u00a0BY-NC-SA\u00a02.0<\/figcaption><\/figure>\n<p>Vous savez probablement d\u00e9j\u00e0 que le <a href=\"https:\/\/www.canada.ca\/fr\/secretariat-conseil-tresor\/services\/acces-information-protection-reseignements-personnels\/engagement-canada-egard-science-ouverte.html\">gouvernement du Canada appuie la science ouverte<\/a> dans le cadre de son engagement envers un gouvernement ouvert, l\u2019innovation et la transparence. Donc, si vous \u00eates un employ\u00e9 du gouvernement ou un universitaire demandant du financement gouvernemental, votre habilet\u00e9 \u00e0 communiquer vos connaissances aux autres est importante pour assurer la transparence, autant envers le public qu\u2019envers votre employeur.<\/p>\n<p>Cependant, vous ne savez peut-\u00eatre pas encore qu\u2019en ouvrant votre science aux autres, vous pouvez aussi aider \u00e0 d\u00e9velopper votre carri\u00e8re et votre profil en tant que scientifique. La science ouverte et bien communiqu\u00e9e peut offrir les avantages suivants aux scientifiques\u00a0:<\/p>\n<ul>\n<li>am\u00e9liorer leur r\u00e9putation dans leur champ de comp\u00e9tence;<\/li>\n<li>augmenter les occasions de collaboration;<\/li>\n<li>favoriser l\u2019augmentation de la confiance du public envers les d\u00e9couvertes scientifiques;<\/li>\n<li>cr\u00e9er un climat de bonne volont\u00e9 entre chercheurs;<\/li>\n<li>multiplier les occasions de publication avec une large gamme de d\u00e9bouch\u00e9s;<\/li>\n<li>augmenter la fiabilit\u00e9 et l\u2019applicabilit\u00e9 de leur recherche.<\/li>\n<\/ul>\n<p>Pour de plus amples renseignements, veuillez lire cet\u00a0<a href=\"https:\/\/journals.plos.org\/plosbiology\/article?rev=1&amp;id=10.1371\/journal.pbio.3000246\">article dans PLOS Biology<\/a> et <a href=\"https:\/\/www.ncbi.nlm.nih.gov\/pubmed\/31081499\">cet article dans le journal Nature.<\/a><\/p>\n<h6>&gt;&gt;Suivant\u00a0: <a href=\"http:\/\/webspace.royalroads.ca\/jhodson\/communication-in-the-public-interest-resources\/pratiques-exemplaires-en-communication-scientifique\/chapitre-1-parler-de-la-science-pourquoi\/la-communication-scientifique-et-la-science-ouverte\/\">LA COMMUNICATION SCIENTIFIQUE ET LA SCIENCE OUVERTE<\/a><\/h6>\n<h6>\u00a0&lt;&lt;<a href=\"https:\/\/webspace.royalroads.ca\/jhodson\/communication-in-the-public-interest-resources\/pratiques-exemplaires-en-communication-scientifique\/chapitre-1-parler-de-la-science-pourquoi\/\">RETOUR \u00c0 LA LISTE DE SUJETS DU CHAPITRE\u00a01\u00a0<\/a><\/h6>\n","protected":false},"excerpt":{"rendered":"<p>De nombreuses raisons existent en faveur de la science ouverte. Il se peut que vous le fassiez d\u00e9j\u00e0 dans votre propre discipline. Par exemple, vous publiez peut-\u00eatre une version pr\u00e9liminaire de vos articles dans un d\u00e9p\u00f4t en ligne, ou encore vous partagez vos ensembles de donn\u00e9es. Comme le mentionne la Public Library of Science, les [&hellip;]<\/p>\n","protected":false},"author":184,"featured_media":0,"parent":1156,"menu_order":3,"comment_status":"closed","ping_status":"closed","template":"","meta":{"footnotes":""},"class_list":["post-1167","page","type-page","status-publish","hentry"],"_links":{"self":[{"href":"https:\/\/webspace.royalroads.ca\/jhodson\/wp-json\/wp\/v2\/pages\/1167","targetHints":{"allow":["GET"]}}],"collection":[{"href":"https:\/\/webspace.royalroads.ca\/jhodson\/wp-json\/wp\/v2\/pages"}],"about":[{"href":"https:\/\/webspace.royalroads.ca\/jhodson\/wp-json\/wp\/v2\/types\/page"}],"author":[{"embeddable":true,"href":"https:\/\/webspace.royalroads.ca\/jhodson\/wp-json\/wp\/v2\/users\/184"}],"replies":[{"embeddable":true,"href":"https:\/\/webspace.royalroads.ca\/jhodson\/wp-json\/wp\/v2\/comments?post=1167"}],"version-history":[{"count":2,"href":"https:\/\/webspace.royalroads.ca\/jhodson\/wp-json\/wp\/v2\/pages\/1167\/revisions"}],"predecessor-version":[{"id":1177,"href":"https:\/\/webspace.royalroads.ca\/jhodson\/wp-json\/wp\/v2\/pages\/1167\/revisions\/1177"}],"up":[{"embeddable":true,"href":"https:\/\/webspace.royalroads.ca\/jhodson\/wp-json\/wp\/v2\/pages\/1156"}],"wp:attachment":[{"href":"https:\/\/webspace.royalroads.ca\/jhodson\/wp-json\/wp\/v2\/media?parent=1167"}],"curies":[{"name":"wp","href":"https:\/\/api.w.org\/{rel}","templated":true}]}}