{"id":1170,"date":"2019-12-10T09:18:32","date_gmt":"2019-12-10T17:18:32","guid":{"rendered":"http:\/\/webspace.royalroads.ca\/jhodson\/?page_id=1170"},"modified":"2019-12-10T09:18:32","modified_gmt":"2019-12-10T17:18:32","slug":"la-communication-scientifique-et-la-science-ouverte","status":"publish","type":"page","link":"https:\/\/webspace.royalroads.ca\/jhodson\/communication-in-the-public-interest-resources\/pratiques-exemplaires-en-communication-scientifique\/chapitre-1-parler-de-la-science-pourquoi\/la-communication-scientifique-et-la-science-ouverte\/","title":{"rendered":"LA COMMUNICATION SCIENTIFIQUE ET LA SCIENCE OUVERTE"},"content":{"rendered":"<p>Appuyer la science ouverte et la communication scientifique, et ce, en particulier sur les r\u00e9seaux sociaux, suscite \u00e9galement des r\u00e9percussions positives. Une utilisation strat\u00e9gique et des m\u00e9dias sociaux \u00e0 des fins scientifiques, selon <em>Science Magazine<\/em>, peut aider les chercheurs \u00e0 se b\u00e2tir une communaut\u00e9 de collaborateurs, donner une pouss\u00e9e \u00e0 leur profil et pourrait m\u00eame faire cro\u00eetre les occurrences de citation <a href=\"https:\/\/www.sciencemag.org\/careers\/2014\/10\/tweet-or-not-tweet\">(voir le lien\u00a0: <em>To Tweet or Not To Tweet<\/em>).<\/a><\/p>\n<figure id=\"attachment_1171\" aria-describedby=\"caption-attachment-1171\" style=\"width: 291px\" class=\"wp-caption alignright\"><img decoding=\"async\" class=\"size-full wp-image-1171 lazyload\" data-src=\"http:\/\/webspace.royalroads.ca\/jhodson\/wp-content\/uploads\/sites\/175\/2019\/12\/WIthoutScienceFR.jpg\" alt=\"\" width=\"291\" height=\"238\" src=\"data:image\/svg+xml;base64,PHN2ZyB3aWR0aD0iMSIgaGVpZ2h0PSIxIiB4bWxucz0iaHR0cDovL3d3dy53My5vcmcvMjAwMC9zdmciPjwvc3ZnPg==\" style=\"--smush-placeholder-width: 291px; --smush-placeholder-aspect-ratio: 291\/238;\" \/><figcaption id=\"caption-attachment-1171\" class=\"wp-caption-text\">\u00ab\u00a0Without science you wouldn\u2019t have Twitter\u00a0\u00bb par afagen selon les termes de CC\u00a0BY-NC-SA\u00a02.0<\/figcaption><\/figure>\n<p>Cette conf\u00e9rence <em>TED<\/em> pr\u00e9sent\u00e9e par Erica\u00a0Stone plaide en faveur d\u2019efforts de communication scientifique plus importants. Simplement dit, la publication de la recherche en langage simple et dans des lieux o\u00f9 le public se trouve fait partie de la mission publique de la science, ou plut\u00f4t devrait en faire partie. Jetez un coup d\u2019\u0153il \u00e0 la vid\u00e9o ci-dessous. En cas de probl\u00e8me, vous pouvez <a href=\"https:\/\/www.ted.com\/talks\/erica_stone_academic_research_is_publicly_funded_why_isn_t_it_publicly_available?language=fr\">y acc\u00e9der directement sur le site Web de <em>TED Talks<\/em> en suivant ce lien<\/a>. Pour activer les sous-titres en fran\u00e7ais,\u00a0 cliquez sur la bulle de dialogue dans le coin inf\u00e9rieur droit de la fen\u00eatre lorsque la vid\u00e9o sera d\u00e9marr\u00e9e. Vous aurez le choix de plusieurs langues pour le sous-titrage.<\/p>\n<p><iframe title=\"Erica Stone: La recherche universitaire est financ\u00e9e par l&#039;\u00e9tat \u2013 pourquoi n&#039;est-elle pas disponible publiquement ?\" src=\"https:\/\/embed.ted.com\/talks\/lang\/fr\/erica_stone_academic_research_is_publicly_funded_why_isn_t_it_publicly_available\" width=\"660\" height=\"372\" frameborder=\"0\" scrolling=\"no\" webkitAllowFullScreen mozallowfullscreen allowFullScreen><\/iframe><\/p>\n<p><strong><em>Vid\u00e9o\u00a0:<\/em><\/strong> <em>Conf\u00e9rence TED d\u2019Erica\u00a0Stone<\/em><\/p>\n<p>Il existe plusieurs bonnes raisons de parler de votre discipline en termes simples, directs et accessibles, et de le faire sur des plateformes populaires. Une des plus importantes est que vous avez l\u2019occasion de contr\u00f4ler le message et de r\u00e9pondre en temps r\u00e9el. Vous pouvez \u00e9galement utiliser votre plateforme pour aider \u00e0 augmenter la visibilit\u00e9 de diverses voix scientifiques, pour \u00e0 d\u2019autres votre passion pour votre travail, et potentiellement inspirer la prochaine g\u00e9n\u00e9ration de chercheurs. Les grands m\u00e9dias mettant actuellement \u00e0 pied des journalistes sp\u00e9cialis\u00e9s comme les journalistes scientifiques, ce qui cr\u00e9er un vide. Si les scientifiques ne font rien \u00e0 ce sujet, ce vide pourrait \u00eatre combl\u00e9 par la m\u00e9sinformation, la propagande et la d\u00e9sinformation. C\u2019est pourquoi il est encore plus important que vous preniez la responsabilit\u00e9 de prendre en charge votre propre r\u00e9cit.<\/p>\n<p><strong>Mati\u00e8re \u00e0 r\u00e9flexion\u00a0:<\/strong> Lors de la conf\u00e9rence\u00a0Force11 tenue en\u00a02018, des d\u00e9l\u00e9gu\u00e9s de partout se sont rassembl\u00e9s pour discuter de l\u2019importante relation entre la communication scientifique et la science ouverte.<\/p>\n<p>Le comit\u00e9 organisateur a soutenu que la r\u00e9ussite de la science ouverte repose sur le degr\u00e9 d\u2019accessibilit\u00e9 de la communication scientifique. La science doit \u00eatre comprise pour avoir un effet, c\u2019est pourquoi apprendre \u00e0 communiquer efficacement est si important pour les scientifiques <a href=\"https:\/\/www.mcgill.ca\/neuro\/fr\/article\/research-stories\/lavenir-de-la-communication-scientifique\">(cliquez sur ce lien pour en savoir plus\u00a0: L\u2019avenir de la communication scientifique \u00e0 McGill.ca)<\/a>.<\/p>\n<h6>&gt;&gt;Suivant\u00a0: CHAPITRE\u00a02\u00a0: LA COMMUNICATION SCIENTIFIQUE, ASTUCES ET D\u00c9FIS<\/h6>\n<h6>&lt;&lt;<a href=\"http:\/\/webspace.royalroads.ca\/jhodson\/communication-in-the-public-interest-resources\/pratiques-exemplaires-en-communication-scientifique\/\">RETOUR \u00c0 LA TABLE DES MATI\u00c8RES PRINCIPALE<\/a><\/h6>\n","protected":false},"excerpt":{"rendered":"<p>Appuyer la science ouverte et la communication scientifique, et ce, en particulier sur les r\u00e9seaux sociaux, suscite \u00e9galement des r\u00e9percussions positives. Une utilisation strat\u00e9gique et des m\u00e9dias sociaux \u00e0 des fins scientifiques, selon Science Magazine, peut aider les chercheurs \u00e0 se b\u00e2tir une communaut\u00e9 de collaborateurs, donner une pouss\u00e9e \u00e0 leur profil et pourrait m\u00eame [&hellip;]<\/p>\n","protected":false},"author":184,"featured_media":0,"parent":1156,"menu_order":4,"comment_status":"closed","ping_status":"closed","template":"","meta":{"footnotes":""},"class_list":["post-1170","page","type-page","status-publish","hentry"],"_links":{"self":[{"href":"https:\/\/webspace.royalroads.ca\/jhodson\/wp-json\/wp\/v2\/pages\/1170","targetHints":{"allow":["GET"]}}],"collection":[{"href":"https:\/\/webspace.royalroads.ca\/jhodson\/wp-json\/wp\/v2\/pages"}],"about":[{"href":"https:\/\/webspace.royalroads.ca\/jhodson\/wp-json\/wp\/v2\/types\/page"}],"author":[{"embeddable":true,"href":"https:\/\/webspace.royalroads.ca\/jhodson\/wp-json\/wp\/v2\/users\/184"}],"replies":[{"embeddable":true,"href":"https:\/\/webspace.royalroads.ca\/jhodson\/wp-json\/wp\/v2\/comments?post=1170"}],"version-history":[{"count":1,"href":"https:\/\/webspace.royalroads.ca\/jhodson\/wp-json\/wp\/v2\/pages\/1170\/revisions"}],"predecessor-version":[{"id":1172,"href":"https:\/\/webspace.royalroads.ca\/jhodson\/wp-json\/wp\/v2\/pages\/1170\/revisions\/1172"}],"up":[{"embeddable":true,"href":"https:\/\/webspace.royalroads.ca\/jhodson\/wp-json\/wp\/v2\/pages\/1156"}],"wp:attachment":[{"href":"https:\/\/webspace.royalroads.ca\/jhodson\/wp-json\/wp\/v2\/media?parent=1170"}],"curies":[{"name":"wp","href":"https:\/\/api.w.org\/{rel}","templated":true}]}}