{"id":1181,"date":"2019-12-13T09:27:51","date_gmt":"2019-12-13T17:27:51","guid":{"rendered":"http:\/\/webspace.royalroads.ca\/jhodson\/?page_id=1181"},"modified":"2019-12-13T13:32:34","modified_gmt":"2019-12-13T21:32:34","slug":"chapitre-2-la-communication-scientifique-astuces-et-defis","status":"publish","type":"page","link":"https:\/\/webspace.royalroads.ca\/jhodson\/communication-in-the-public-interest-resources\/pratiques-exemplaires-en-communication-scientifique\/chapitre-2-la-communication-scientifique-astuces-et-defis\/","title":{"rendered":"CHAPITRE\u00a02\u00a0: la communication scientifique, ASTUCES ET D\u00c9FIS"},"content":{"rendered":"<p>Dans ce chapitre, nous aborderons les questions suivantes\u00a0:<\/p>\n<ul>\n<li>Quelles sont les diff\u00e9rences entre l\u2019\u00e9criture journalistique et l\u2019\u00e9criture scientifique et de quelle fa\u00e7on conna\u00eetre ces diff\u00e9rences vous aidera \u00e0 mieux parler aux journalistes<\/li>\n<li>Quelles sont les astuces des journalistes scientifiques et des professionnels de la communication pour bien communiquer l\u2019information scientifique<\/li>\n<li>Comment mettre en r\u00e9cit votre travail et l\u2019utiliser pour rendre vos communications plus captivantes<\/li>\n<li>Comment utiliser l\u2019improvisation et l\u2019humour pour aider un auditoire \u00e0 connecter avec votre travail<\/li>\n<\/ul>\n<figure id=\"attachment_1182\" aria-describedby=\"caption-attachment-1182\" style=\"width: 683px\" class=\"wp-caption alignright\"><img decoding=\"async\" class=\"size-full wp-image-1182 lazyload\" data-src=\"https:\/\/webspace.royalroads.ca\/jhodson\/wp-content\/uploads\/sites\/175\/2019\/12\/Chapter2FR.jpg\" alt=\"\" width=\"683\" height=\"913\" data-srcset=\"https:\/\/webspace.royalroads.ca\/jhodson\/wp-content\/uploads\/sites\/175\/2019\/12\/Chapter2FR.jpg 683w, https:\/\/webspace.royalroads.ca\/jhodson\/wp-content\/uploads\/sites\/175\/2019\/12\/Chapter2FR-224x300.jpg 224w\" data-sizes=\"(max-width: 683px) 100vw, 683px\" src=\"data:image\/svg+xml;base64,PHN2ZyB3aWR0aD0iMSIgaGVpZ2h0PSIxIiB4bWxucz0iaHR0cDovL3d3dy53My5vcmcvMjAwMC9zdmciPjwvc3ZnPg==\" style=\"--smush-placeholder-width: 683px; --smush-placeholder-aspect-ratio: 683\/913;\" \/><figcaption id=\"caption-attachment-1182\" class=\"wp-caption-text\">\u00ab\u00a02018_04_070002\u00a0\u00bb par Gwydion\u00a0M.\u00a0Williams selon les termes de CC BY\u00a02.0<\/figcaption><\/figure>\n<p>Cliquez sur les liens ci-dessous pour explorer un sujet. Vous pouvez aussi lire les sujets dans l\u2019ordre en cliquant sur <strong>&gt;&gt;Suivant <\/strong>au bas de \u00a0de chaque page.<\/p>\n<p><strong>Sujets du chapitre\u00a02\u00a0:<\/strong><\/p>\n<ol>\n<li><a href=\"http:\/\/webspace.royalroads.ca\/jhodson\/communication-in-the-public-interest-resources\/pratiques-exemplaires-en-communication-scientifique\/chapitre-2-la-communication-scientifique-astuces-et-defis\/comment-penser-et-communiquer-comme-un-journaliste\/\">Comment penser (et communiquer) comme un journaliste<\/a><\/li>\n<li><a href=\"http:\/\/webspace.royalroads.ca\/jhodson\/communication-in-the-public-interest-resources\/pratiques-exemplaires-en-communication-scientifique\/chapitre-2-la-communication-scientifique-astuces-et-defis\/conseils-dexperts-en-matiere-de-communication-scientifique\/\">La communication scientifique, astuces et d\u00e9fis<\/a>\n<ol>\n<li><a href=\"http:\/\/webspace.royalroads.ca\/jhodson\/communication-in-the-public-interest-resources\/pratiques-exemplaires-en-communication-scientifique\/chapitre-2-la-communication-scientifique-astuces-et-defis\/conseils-dexperts-en-matiere-de-communication-scientifique\/la-communication-des-risques\/\">Communication des risques<\/a><\/li>\n<\/ol>\n<\/li>\n<li><a href=\"http:\/\/webspace.royalroads.ca\/jhodson\/communication-in-the-public-interest-resources\/pratiques-exemplaires-en-communication-scientifique\/chapitre-2-la-communication-scientifique-astuces-et-defis\/les-sommaires-en-langage-clair\/\">R\u00e9diger des r\u00e9sum\u00e9s de votre travail dans un langage clair<\/a><\/li>\n<li><a href=\"http:\/\/webspace.royalroads.ca\/jhodson\/communication-in-the-public-interest-resources\/pratiques-exemplaires-en-communication-scientifique\/chapitre-2-la-communication-scientifique-astuces-et-defis\/raconter-une-histoire-mettre-en-recit-votre-travail\/\">Raconter une histoire\u00a0: Mettre en r\u00e9cit votre travail<\/a><\/li>\n<li><a href=\"http:\/\/webspace.royalroads.ca\/jhodson\/communication-in-the-public-interest-resources\/pratiques-exemplaires-en-communication-scientifique\/chapitre-2-la-communication-scientifique-astuces-et-defis\/la-science-accessible\/\">Science accessible<\/a>\n<ol>\n<li><a href=\"http:\/\/webspace.royalroads.ca\/jhodson\/communication-in-the-public-interest-resources\/pratiques-exemplaires-en-communication-scientifique\/chapitre-2-la-communication-scientifique-astuces-et-defis\/la-science-accessible\/lecriture-accessible\/\">Astuces pour r\u00e9diger des textes accessibles<\/a><\/li>\n<li><a href=\"http:\/\/webspace.royalroads.ca\/jhodson\/communication-in-the-public-interest-resources\/pratiques-exemplaires-en-communication-scientifique\/chapitre-2-la-communication-scientifique-astuces-et-defis\/la-science-accessible\/la-personnalisation-et-laccessibilite\/\">Personnalisation et accessibilit\u00e9<\/a><\/li>\n<li><a href=\"http:\/\/webspace.royalroads.ca\/jhodson\/communication-in-the-public-interest-resources\/pratiques-exemplaires-en-communication-scientifique\/chapitre-2-la-communication-scientifique-astuces-et-defis\/la-science-accessible\/les-formats-multimedias-et-laccessibilite\/\">Formats multim\u00e9dias et accessibilit\u00e9<\/a><\/li>\n<\/ol>\n<\/li>\n<li><a href=\"http:\/\/webspace.royalroads.ca\/jhodson\/communication-in-the-public-interest-resources\/pratiques-exemplaires-en-communication-scientifique\/chapitre-2-la-communication-scientifique-astuces-et-defis\/les-approches-novatrices\/\">Improvisation, jeux, humour et autres approches novatrices<\/a><\/li>\n<\/ol>\n<h6>&gt;&gt;Suivant\u00a0: <a href=\"http:\/\/webspace.royalroads.ca\/jhodson\/communication-in-the-public-interest-resources\/pratiques-exemplaires-en-communication-scientifique\/chapitre-2-la-communication-scientifique-astuces-et-defis\/comment-penser-et-communiquer-comme-un-journaliste\/\">COMMENT PENSER (ET COMMUNIQUER) COMME UN JOURNALISTE<\/a><\/h6>\n<h6>&lt;&lt;<a href=\"https:\/\/webspace.royalroads.ca\/jhodson\/communication-in-the-public-interest-resources\/pratiques-exemplaires-en-communication-scientifique\/\">RETOUR \u00c0 LA TABLE DES MATI\u00c8RES PRINCIPALE<\/a><\/h6>\n","protected":false},"excerpt":{"rendered":"<p>Dans ce chapitre, nous aborderons les questions suivantes\u00a0: Quelles sont les diff\u00e9rences entre l\u2019\u00e9criture journalistique et l\u2019\u00e9criture scientifique et de quelle fa\u00e7on conna\u00eetre ces diff\u00e9rences vous aidera \u00e0 mieux parler aux journalistes Quelles sont les astuces des journalistes scientifiques et des professionnels de la communication pour bien communiquer l\u2019information scientifique Comment mettre en r\u00e9cit votre [&hellip;]<\/p>\n","protected":false},"author":184,"featured_media":0,"parent":1152,"menu_order":2,"comment_status":"closed","ping_status":"closed","template":"","meta":{"footnotes":""},"class_list":["post-1181","page","type-page","status-publish","hentry"],"_links":{"self":[{"href":"https:\/\/webspace.royalroads.ca\/jhodson\/wp-json\/wp\/v2\/pages\/1181","targetHints":{"allow":["GET"]}}],"collection":[{"href":"https:\/\/webspace.royalroads.ca\/jhodson\/wp-json\/wp\/v2\/pages"}],"about":[{"href":"https:\/\/webspace.royalroads.ca\/jhodson\/wp-json\/wp\/v2\/types\/page"}],"author":[{"embeddable":true,"href":"https:\/\/webspace.royalroads.ca\/jhodson\/wp-json\/wp\/v2\/users\/184"}],"replies":[{"embeddable":true,"href":"https:\/\/webspace.royalroads.ca\/jhodson\/wp-json\/wp\/v2\/comments?post=1181"}],"version-history":[{"count":3,"href":"https:\/\/webspace.royalroads.ca\/jhodson\/wp-json\/wp\/v2\/pages\/1181\/revisions"}],"predecessor-version":[{"id":1275,"href":"https:\/\/webspace.royalroads.ca\/jhodson\/wp-json\/wp\/v2\/pages\/1181\/revisions\/1275"}],"up":[{"embeddable":true,"href":"https:\/\/webspace.royalroads.ca\/jhodson\/wp-json\/wp\/v2\/pages\/1152"}],"wp:attachment":[{"href":"https:\/\/webspace.royalroads.ca\/jhodson\/wp-json\/wp\/v2\/media?parent=1181"}],"curies":[{"name":"wp","href":"https:\/\/api.w.org\/{rel}","templated":true}]}}