{"id":1187,"date":"2019-12-13T09:44:04","date_gmt":"2019-12-13T17:44:04","guid":{"rendered":"http:\/\/webspace.royalroads.ca\/jhodson\/?page_id=1187"},"modified":"2019-12-13T13:37:57","modified_gmt":"2019-12-13T21:37:57","slug":"conseils-dexperts-en-matiere-de-communication-scientifique","status":"publish","type":"page","link":"https:\/\/webspace.royalroads.ca\/jhodson\/communication-in-the-public-interest-resources\/pratiques-exemplaires-en-communication-scientifique\/chapitre-2-la-communication-scientifique-astuces-et-defis\/conseils-dexperts-en-matiere-de-communication-scientifique\/","title":{"rendered":"CONSEILS D\u2019EXPERTS EN MATI\u00c8RE DE COMMUNICATION SCIENTIFIQUE"},"content":{"rendered":"<p>Fausses nouvelles! \u00ab\u00a0Faits alternatifs\u00a0\u00bb Surcharge d\u2019information!<\/p>\n<p>Vous avez entendu les manchettes, les termes m\u00e9sinformation, d\u00e9sinformation cibl\u00e9e et op\u00e9ration d\u2019information semblent \u00eatre partout. En tant que scientifique et chercheur, vous \u00eates dans une \u00a0position privil\u00e9gi\u00e9e pour aider \u00e0 combattre la m\u00e9sinformation et ainsi aider \u00e0 rectifier la situation. Cependant, pour y arriver, la communication scientifique doit s\u2019effectuer de mani\u00e8re bien r\u00e9fl\u00e9chie. Dans cette conf\u00e9rence TED, Melissa\u00a0Marshall explique pourquoi la communication scientifique est n\u00e9cessaire et comment l\u2019accomplir de mani\u00e8re r\u00e9fl\u00e9chie. Il s\u2019agit d\u2019\u00e9viter le jargon scientifique, d\u2019expliquer en quoi votre discipline est stimulante et d\u2019avoir recours \u00e0 des exemples, \u00e0 des histoires et \u00e0 des analogies. Nous reviendrons sur ces id\u00e9es. Vous avez acc\u00e8s \u00e0 la vid\u00e9o ici, mais si votre appareil ou votre navigateur n\u2019affiche pas la vid\u00e9o, veuillez <a href=\"https:\/\/www.ted.com\/talks\/melissa_marshall_talk_nerdy_to_me?language=fr\">utiliser le pr\u00e9sent lien pour acc\u00e9der \u00e0 la vid\u00e9o sur le site Web de TED<\/a>. Pour activer les sous-titres en fran\u00e7ais, cliquez sur la bulle de dialogue dans le coin inf\u00e9rieur droit de la fen\u00eatre lorsque la vid\u00e9o sera d\u00e9marr\u00e9e. Vous aurez le choix de plusieurs langues pour le sous-titrage.<\/p>\n<p><iframe title=\"Melissa Marshall: Melissa Marshall : Parlez-moi simplement\" src=\"https:\/\/embed.ted.com\/talks\/lang\/fr\/melissa_marshall_talk_nerdy_to_me\" width=\"660\" height=\"372\" frameborder=\"0\" scrolling=\"no\" webkitAllowFullScreen mozallowfullscreen allowFullScreen><\/iframe><\/p>\n<p>celui de \u00a0la communication s des risques. Ce type de communications implique des r\u00e9ponses \u00e9motionnelles qui demandent un plus grand effort pour r\u00e9ussir \u00e0 en parler efficacement.<\/p>\n<h6>&gt;&gt;SUIVANT\u00a0: <a href=\"http:\/\/webspace.royalroads.ca\/jhodson\/communication-in-the-public-interest-resources\/pratiques-exemplaires-en-communication-scientifique\/chapitre-2-la-communication-scientifique-astuces-et-defis\/conseils-dexperts-en-matiere-de-communication-scientifique\/la-communication-des-risques\/\">LA COMMUNICATION DES RISQUES<\/a><\/h6>\n<h6>\u00a0&lt;&lt;<a href=\"https:\/\/webspace.royalroads.ca\/jhodson\/communication-in-the-public-interest-resources\/pratiques-exemplaires-en-communication-scientifique\/chapitre-2-la-communication-scientifique-astuces-et-defis\/\">RETOUR \u00c0 LA LISTE DE SUJETS DU CHAPITRE\u00a02<\/a><\/h6>\n","protected":false},"excerpt":{"rendered":"<p>Fausses nouvelles! \u00ab\u00a0Faits alternatifs\u00a0\u00bb Surcharge d\u2019information! Vous avez entendu les manchettes, les termes m\u00e9sinformation, d\u00e9sinformation cibl\u00e9e et op\u00e9ration d\u2019information semblent \u00eatre partout. En tant que scientifique et chercheur, vous \u00eates dans une \u00a0position privil\u00e9gi\u00e9e pour aider \u00e0 combattre la m\u00e9sinformation et ainsi aider \u00e0 rectifier la situation. Cependant, pour y arriver, la communication scientifique doit [&hellip;]<\/p>\n","protected":false},"author":184,"featured_media":0,"parent":1181,"menu_order":2,"comment_status":"closed","ping_status":"closed","template":"","meta":{"footnotes":""},"class_list":["post-1187","page","type-page","status-publish","hentry"],"_links":{"self":[{"href":"https:\/\/webspace.royalroads.ca\/jhodson\/wp-json\/wp\/v2\/pages\/1187","targetHints":{"allow":["GET"]}}],"collection":[{"href":"https:\/\/webspace.royalroads.ca\/jhodson\/wp-json\/wp\/v2\/pages"}],"about":[{"href":"https:\/\/webspace.royalroads.ca\/jhodson\/wp-json\/wp\/v2\/types\/page"}],"author":[{"embeddable":true,"href":"https:\/\/webspace.royalroads.ca\/jhodson\/wp-json\/wp\/v2\/users\/184"}],"replies":[{"embeddable":true,"href":"https:\/\/webspace.royalroads.ca\/jhodson\/wp-json\/wp\/v2\/comments?post=1187"}],"version-history":[{"count":2,"href":"https:\/\/webspace.royalroads.ca\/jhodson\/wp-json\/wp\/v2\/pages\/1187\/revisions"}],"predecessor-version":[{"id":1279,"href":"https:\/\/webspace.royalroads.ca\/jhodson\/wp-json\/wp\/v2\/pages\/1187\/revisions\/1279"}],"up":[{"embeddable":true,"href":"https:\/\/webspace.royalroads.ca\/jhodson\/wp-json\/wp\/v2\/pages\/1181"}],"wp:attachment":[{"href":"https:\/\/webspace.royalroads.ca\/jhodson\/wp-json\/wp\/v2\/media?parent=1187"}],"curies":[{"name":"wp","href":"https:\/\/api.w.org\/{rel}","templated":true}]}}