{"id":1198,"date":"2019-12-13T09:56:50","date_gmt":"2019-12-13T17:56:50","guid":{"rendered":"http:\/\/webspace.royalroads.ca\/jhodson\/?page_id=1198"},"modified":"2019-12-13T13:41:19","modified_gmt":"2019-12-13T21:41:19","slug":"la-science-accessible","status":"publish","type":"page","link":"https:\/\/webspace.royalroads.ca\/jhodson\/communication-in-the-public-interest-resources\/pratiques-exemplaires-en-communication-scientifique\/chapitre-2-la-communication-scientifique-astuces-et-defis\/la-science-accessible\/","title":{"rendered":"la SCIENCE ACCESSIBLE"},"content":{"rendered":"<p>&nbsp;<\/p>\n<figure id=\"attachment_1199\" aria-describedby=\"caption-attachment-1199\" style=\"width: 710px\" class=\"wp-caption alignright\"><img decoding=\"async\" class=\"size-full wp-image-1199 lazyload\" data-src=\"https:\/\/webspace.royalroads.ca\/jhodson\/wp-content\/uploads\/sites\/175\/2019\/12\/ScienceAccessible.jpg\" alt=\"\" width=\"710\" height=\"500\" data-srcset=\"https:\/\/webspace.royalroads.ca\/jhodson\/wp-content\/uploads\/sites\/175\/2019\/12\/ScienceAccessible.jpg 710w, https:\/\/webspace.royalroads.ca\/jhodson\/wp-content\/uploads\/sites\/175\/2019\/12\/ScienceAccessible-300x211.jpg 300w\" data-sizes=\"(max-width: 710px) 100vw, 710px\" src=\"data:image\/svg+xml;base64,PHN2ZyB3aWR0aD0iMSIgaGVpZ2h0PSIxIiB4bWxucz0iaHR0cDovL3d3dy53My5vcmcvMjAwMC9zdmciPjwvc3ZnPg==\" style=\"--smush-placeholder-width: 710px; --smush-placeholder-aspect-ratio: 710\/500;\" \/><figcaption id=\"caption-attachment-1199\" class=\"wp-caption-text\">https:\/\/imgflip.com\/i\/3awsj2<\/figcaption><\/figure>\n<p><img decoding=\"async\" class=\"size-full alignright lazyload\" data-src=\"https:\/\/media.giphy.com\/media\/xL7PDV9frcudO\/giphy.gif\" width=\"268\" height=\"274\" src=\"data:image\/svg+xml;base64,PHN2ZyB3aWR0aD0iMSIgaGVpZ2h0PSIxIiB4bWxucz0iaHR0cDovL3d3dy53My5vcmcvMjAwMC9zdmciPjwvc3ZnPg==\" style=\"--smush-placeholder-width: 268px; --smush-placeholder-aspect-ratio: 268\/274;\" \/>Parler de votre discipline avec soin et de mani\u00e8re r\u00e9fl\u00e9chie, peut \u00eatre une bonne fa\u00e7on de la rendre plus accessible \u00e0 un plus grand public. La pr\u00e9sentation offerte pour clore l\u2019\u00e9v\u00e9nement Advancing Research and Scholarship Conference de 2015 \u00e0 Philadelphie, en Pennsylvanie, montre \u00e0 quel point aller au-del\u00e0 du libre acc\u00e8s pour amener la communication savante \u00e0 un plus large auditoire est une fa\u00e7on d\u2019ouvrir la science. Selon le conf\u00e9rencier, la communication scientifique contribue \u00e0 am\u00e9liorer l\u2019accessibilit\u00e9 de la science :<\/p>\n<ul>\n<li>en permettant \u00e0 la science d\u2019atteindre un nouvel auditoire \u00e9largi<\/li>\n<li>en rendant les chercheurs et leurs travaux plus accessibles<\/li>\n<li>en augmentant les retomb\u00e9es de la recherche \u00e0 travers de meilleures connections avec la culture et la collectivit\u00e9<\/li>\n<li>en fournissant des outils pour les diff\u00e9rents \u00a0\u00a0publics cible<\/li>\n<\/ul>\n<p>Pour en savoir plus, vous pouvez voir la pr\u00e9sentation en entier (en anglais) en <a href=\"https:\/\/www.slideshare.net\/moefeliu\/public-communication-of-research-broadening-open-access\">y acc\u00e9dant via le pr\u00e9sent lien SlideShare<\/a>.<\/p>\n<p>En tant que chercheur, vous croyez probablement que la science \u00e9volue lorsque d\u2019autres peuvent y prendre appui. La meilleure mani\u00e8re d\u2019int\u00e9resser les autres \u00e0 votre discipline est d\u2019en parler au plus grand nombre possible. Dans un monde o\u00f9 de nombreux probl\u00e8mes sont de nature interdisciplinaires, c\u2019est un aspect particuli\u00e8rement important. Ouvrir vos travaux scientifiques afin de la rendre accessible permet aux gens travaillant dans d\u2019autres domaines de comprendre votre travail, ce qui pourrait permettre la cr\u00e9ation de nouvelles avenues de collaboration et de d\u00e9couverte.<\/p>\n<p>Une communication claire permet de\u00a0:<\/p>\n<ol>\n<li>\u00c9viter le jargon scientifique et les longues phrases<\/li>\n<li>Utiliser des m\u00e9taphores ou des analogies pour clarifier des points<\/li>\n<li>Utiliser la forme directe, choisir la voix active<\/li>\n<li>Personnaliser la communication selon le contexte et les valeurs de l\u2019auditoire<\/li>\n<li>Trouver des mani\u00e8res de s\u2019adresser \u00e0 diff\u00e9rentes communaut\u00e9s<\/li>\n<li>Offrir l\u2019information sous diff\u00e9rentes formes<\/li>\n<\/ol>\n<p>Dans les prochaines pages, vous d\u00e9couvrirez\u00a0\u00a0<a href=\"https:\/\/webspace.royalroads.ca\/jhodson\/communication-in-the-public-interest-resources\/science-communication\/chapter-2-tips-and-challenges-for-science-communication\/accessible-science\/writing-accessibly\/\">des astuces pour la r\u00e9daction<\/a>, suivi par\u00a0<a href=\"https:\/\/webspace.royalroads.ca\/jhodson\/communication-in-the-public-interest-resources\/science-communication\/chapter-2-tips-and-challenges-for-science-communication\/accessible-science\/personalization-and-accessibility\/\">la personnalisation<\/a>, et pour finir,\u00a0<a href=\"https:\/\/webspace.royalroads.ca\/jhodson\/communication-in-the-public-interest-resources\/science-communication\/chapter-2-tips-and-challenges-for-science-communication\/accessible-science\/multi-media-formats-for-accessibility\/\">l\u2019accessibilit\u00e9 multim\u00e9dia<\/a>.<\/p>\n<h6><strong>&gt;&gt;SUIVANT\u00a0:\u00a0<\/strong><a href=\"http:\/\/webspace.royalroads.ca\/jhodson\/communication-in-the-public-interest-resources\/pratiques-exemplaires-en-communication-scientifique\/chapitre-2-la-communication-scientifique-astuces-et-defis\/la-science-accessible\/lecriture-accessible\/\"><strong>ASTUCES POUR R\u00c9DIGER DES TEXTES ACCESSIBLES<\/strong><\/a><strong>\u00a0\u00a0\u00a0\u00a0\u00a0\u00a0\u00a0\u00a0\u00a0\u00a0\u00a0\u00a0\u00a0\u00a0\u00a0\u00a0\u00a0\u00a0\u00a0\u00a0\u00a0\u00a0\u00a0\u00a0\u00a0\u00a0\u00a0\u00a0\u00a0\u00a0\u00a0\u00a0\u00a0\u00a0\u00a0\u00a0\u00a0 <\/strong><\/h6>\n<h6><strong>&lt;&lt;<\/strong><a href=\"https:\/\/webspace.royalroads.ca\/jhodson\/communication-in-the-public-interest-resources\/pratiques-exemplaires-en-communication-scientifique\/chapitre-2-la-communication-scientifique-astuces-et-defis\/\"><strong>RETOUR \u00c0 LA LISTE DE SUJETS DU CHAPITRE\u00a02<\/strong><\/a><\/h6>\n","protected":false},"excerpt":{"rendered":"<p>&nbsp; Parler de votre discipline avec soin et de mani\u00e8re r\u00e9fl\u00e9chie, peut \u00eatre une bonne fa\u00e7on de la rendre plus accessible \u00e0 un plus grand public. La pr\u00e9sentation offerte pour clore l\u2019\u00e9v\u00e9nement Advancing Research and Scholarship Conference de 2015 \u00e0 Philadelphie, en Pennsylvanie, montre \u00e0 quel point aller au-del\u00e0 du libre acc\u00e8s pour amener la [&hellip;]<\/p>\n","protected":false},"author":184,"featured_media":0,"parent":1181,"menu_order":5,"comment_status":"closed","ping_status":"closed","template":"","meta":{"footnotes":""},"class_list":["post-1198","page","type-page","status-publish","hentry"],"_links":{"self":[{"href":"https:\/\/webspace.royalroads.ca\/jhodson\/wp-json\/wp\/v2\/pages\/1198","targetHints":{"allow":["GET"]}}],"collection":[{"href":"https:\/\/webspace.royalroads.ca\/jhodson\/wp-json\/wp\/v2\/pages"}],"about":[{"href":"https:\/\/webspace.royalroads.ca\/jhodson\/wp-json\/wp\/v2\/types\/page"}],"author":[{"embeddable":true,"href":"https:\/\/webspace.royalroads.ca\/jhodson\/wp-json\/wp\/v2\/users\/184"}],"replies":[{"embeddable":true,"href":"https:\/\/webspace.royalroads.ca\/jhodson\/wp-json\/wp\/v2\/comments?post=1198"}],"version-history":[{"count":3,"href":"https:\/\/webspace.royalroads.ca\/jhodson\/wp-json\/wp\/v2\/pages\/1198\/revisions"}],"predecessor-version":[{"id":1285,"href":"https:\/\/webspace.royalroads.ca\/jhodson\/wp-json\/wp\/v2\/pages\/1198\/revisions\/1285"}],"up":[{"embeddable":true,"href":"https:\/\/webspace.royalroads.ca\/jhodson\/wp-json\/wp\/v2\/pages\/1181"}],"wp:attachment":[{"href":"https:\/\/webspace.royalroads.ca\/jhodson\/wp-json\/wp\/v2\/media?parent=1198"}],"curies":[{"name":"wp","href":"https:\/\/api.w.org\/{rel}","templated":true}]}}