{"id":1225,"date":"2019-12-13T10:30:55","date_gmt":"2019-12-13T18:30:55","guid":{"rendered":"http:\/\/webspace.royalroads.ca\/jhodson\/?page_id=1225"},"modified":"2019-12-16T11:30:30","modified_gmt":"2019-12-16T19:30:30","slug":"les-tendances-des-medias-sociaux-comment-rester-a-jour-dans-un-domaine-changeant","status":"publish","type":"page","link":"https:\/\/webspace.royalroads.ca\/jhodson\/communication-in-the-public-interest-resources\/pratiques-exemplaires-en-communication-scientifique\/chapitre-3-avoir-recours-aux-medias-sociaux-pour-parler-de-votre-disciplinevos-travaux-scientifiques\/les-tendances-des-medias-sociaux-comment-rester-a-jour-dans-un-domaine-changeant\/","title":{"rendered":"les TENDANCES DES M\u00c9DIAS SOCIAUX\u00a0: COMMENT RESTER \u00c0 JOUR DANS UN DOMAINE CHANGEANT"},"content":{"rendered":"<p>Facebook, Twitter, LinkedIn, Instagram, SnapChat, TikTok, Medium, Spotify, YouTube, WeChat&#8230; et ensuite?<\/p>\n<p>Parfois, la liste des m\u00e9dias sociaux semble infinie. Comment optimiser votre contenu pour l\u2019adapter le mieux possible aux diff\u00e9rentes plateformes de m\u00e9dias sociaux? Sur quelles plateformes devriez-vous \u00eatre? Enfin, comment vous adapter \u00e0 toutes les nouvelles plateformes qui \u00e9mergent?<\/p>\n<figure id=\"attachment_907\" aria-describedby=\"caption-attachment-907\" style=\"width: 881px\" class=\"wp-caption alignright\"><img decoding=\"async\" class=\"size-full wp-image-907 lazyload\" data-src=\"https:\/\/webspace.royalroads.ca\/jhodson\/wp-content\/uploads\/sites\/175\/2019\/08\/socialmediaicons.png\" alt=\"\" width=\"881\" height=\"849\" data-srcset=\"https:\/\/webspace.royalroads.ca\/jhodson\/wp-content\/uploads\/sites\/175\/2019\/08\/socialmediaicons.png 881w, https:\/\/webspace.royalroads.ca\/jhodson\/wp-content\/uploads\/sites\/175\/2019\/08\/socialmediaicons-300x289.png 300w, https:\/\/webspace.royalroads.ca\/jhodson\/wp-content\/uploads\/sites\/175\/2019\/08\/socialmediaicons-768x740.png 768w\" data-sizes=\"(max-width: 881px) 100vw, 881px\" src=\"data:image\/svg+xml;base64,PHN2ZyB3aWR0aD0iMSIgaGVpZ2h0PSIxIiB4bWxucz0iaHR0cDovL3d3dy53My5vcmcvMjAwMC9zdmciPjwvc3ZnPg==\" style=\"--smush-placeholder-width: 881px; --smush-placeholder-aspect-ratio: 881\/849;\" \/><figcaption id=\"caption-attachment-907\" class=\"wp-caption-text\">\u00ab\u00a0<em>Free Social Media Icons<\/em>\u00a0\u00bb par Tyler Brooks selon les termes de CC BY-NC\u00a04.0<\/figcaption><\/figure>\n<p>Un peu plus loin dans le chapitre\u00a03, je parlerai d\u2019optimisation de votre contenu pour les formats standards sp\u00e9cifique \u00e0 chaque plateforme. Avant d\u2019entamer ce sujet, je vous montrerai, dans la pr\u00e9sente section, comment rester \u00e0 jour dans un domaine en constante \u00e9volution en vous \u00a0expliquant o\u00f9 vous rendre pour d\u00e9couvrir les nouvelles tendances du monde des m\u00e9dias sociaux. Ensuite, je vous parlerai de quelques plateformes nouvelles ou \u00e9mergentes ainsi que de la fa\u00e7on de les utiliser pour stimuler l\u2019int\u00e9r\u00eat envers vos travaux scientifiques, et ce, avec des exemples \u00e0 l\u2019appui.<\/p>\n<h5><strong>RESSOURCES\u00a0:<\/strong><\/h5>\n<p>Heureusement, plusieurs individus et organisations publient r\u00e9guli\u00e8rement des donn\u00e9es sur les tendances des m\u00e9dias sociaux, vous n\u2019avez donc pas \u00e0 d\u00e9couvrir les tendances du moment. Ci\u2011dessous, j\u2019ai mis une liste de ressources que je consulte r\u00e9guli\u00e8rement. Dans certains cas, vous pouvez m\u00eame vous abonner \u00e0 recevoir des nouvelles r\u00e9guli\u00e8res dans votre bo\u00eete de r\u00e9ception.<\/p>\n<p><strong>Statista\u00a0:<\/strong>\u00a0offre un bon nombre de rapports, de statistiques et des points de vue int\u00e9ressants en lien avec les m\u00e9dias num\u00e9riques, les m\u00e9dias sociaux et les tendances sur Internet. Le site offre un grand nombre de rapports gratuits; de plus, des statistiques sur les m\u00e9dias sociaux peuvent \u00eatre pr\u00e9sent\u00e9es dans les deux langues officielles du Canada, contrairement \u00e0 bien d\u2019autres ressources dans ce domaine. Il offre aussi un regard mondial sur l\u2019utilisation des m\u00e9dias num\u00e9riques gr\u00e2ce \u00e0 des statistiques d\u00e9passant les fronti\u00e8res de l\u2019Am\u00e9rique du Nord. Statista se trouve \u00e0 ce lien (<a href=\"https:\/\/fr.statista.com\/\">fran\u00e7ais\u00a0: statista.com<\/a>, anglais\u00a0:\u00a0<a href=\"https:\/\/www.statista.com\/\">statista.com<\/a>).<\/p>\n<p>&nbsp;<\/p>\n<p><strong>Pew Research\u00a0: <\/strong>offre de l\u2019information \u00e0 jour tir\u00e9e de recherches sur un large \u00e9ventail de sujets, dont Internet et la technologie. Pew distribue un bulletin mensuel et publie bon nombre d\u2019articles offrant des points de vue fort utiles qui font ressortir les changements d\u00e9mographiques d\u2019Internet ainsi que de l\u2019utilisation des applications mobiles. On y trouve aussi les hausses et les baisses de popularit\u00e9 des diff\u00e9rentes plateformes, ainsi que les diff\u00e9rentes pratiques technologiques adopt\u00e9es dans le monde. Le contenu est constitu\u00e9 de courtes publications, d\u2019analyses et de rapports plus \u00e9labor\u00e9s. \u00c9tant donn\u00e9 que toutes les analyses sont appuy\u00e9es sur des sondages d\u2019opinion publique rigoureux, Pew est reconnu comme \u00e9tant une des sources les plus fiables en mati\u00e8re de perspective technologique. On y trouve aussi une perspective mondiale, malgr\u00e9 le fait que le site n\u2019est publi\u00e9 qu\u2019en anglais. Les r\u00e9sultats de recherche de Pew sur l\u2019Internet et les technologies peuvent \u00eatre consult\u00e9s en suivant ce lien (<a href=\"https:\/\/www.pewinternet.org\/\">pewinternet.org<\/a>).<\/p>\n<p>&nbsp;<\/p>\n<p><strong>Social Media Lab\u00a0:<\/strong>\u00a0Pour des rapports concernant les tendances canadiennes, le Social Media Lab de l\u2019Universit\u00e9 Ryerson offre une s\u00e9rie de statistiques et de rapports fort utiles qui ciblent le public canadien en particulier. Leur rapport sur l\u2019\u00e9tat des m\u00e9dias sociaux pr\u00e9sente un bon aper\u00e7u des plateformes de m\u00e9dias sociaux les plus populaires au Canada. Ces rapports vous permettent de prendre des d\u00e9cisions \u00e9clair\u00e9es concernant votre mani\u00e8re de parler en ligne aux Canadiens \u00e0 propos de votre discipline scientifique. Le site est actuellement disponible en anglais et s\u2019acc\u00e8de par le lien suivant (<a href=\"https:\/\/socialmedialab.ca\/\">socialmedialab.ca<\/a>).<\/p>\n<p>Faire le suivi de tout \u00e7a peut sembler repr\u00e9senter beaucoup de travail. Heureusement, il n\u2019est pas n\u00e9cessaire de parler de vos travaux sur toutes les plateformes existantes ou \u00e0 venir. Nous allons maintenant voir comment choisir les plateformes pertinentes. Plus loin, dans la 5<sup>e<\/sup>\u00a0section du chapitre\u00a03, nous verrons comment adapter votre contenu aux diff\u00e9rentes plateformes.<\/p>\n<h6>&gt;&gt;SUIVANT\u00a0:\u00a0<a href=\"http:\/\/webspace.royalroads.ca\/jhodson\/communication-in-the-public-interest-resources\/pratiques-exemplaires-en-communication-scientifique\/chapitre-3-avoir-recours-aux-medias-sociaux-pour-parler-de-votre-disciplinevos-travaux-scientifiques\/les-tendances-des-medias-sociaux-comment-rester-a-jour-dans-un-domaine-changeant\/choisir-vos-plateformes\/\">CHOISIR VOS PLATEFORMES<\/a><\/h6>\n<h6>\u00a0&lt;&lt;<a href=\"https:\/\/webspace.royalroads.ca\/jhodson\/communication-in-the-public-interest-resources\/pratiques-exemplaires-en-communication-scientifique\/chapitre-3-avoir-recours-aux-medias-sociaux-pour-parler-de-votre-disciplinevos-travaux-scientifiques\/\">RETOUR \u00c0 LA LISTE DE SUJETS DU CHAPITRE\u00a03<\/a><\/h6>\n","protected":false},"excerpt":{"rendered":"<p>Facebook, Twitter, LinkedIn, Instagram, SnapChat, TikTok, Medium, Spotify, YouTube, WeChat&#8230; et ensuite? Parfois, la liste des m\u00e9dias sociaux semble infinie. Comment optimiser votre contenu pour l\u2019adapter le mieux possible aux diff\u00e9rentes plateformes de m\u00e9dias sociaux? Sur quelles plateformes devriez-vous \u00eatre? Enfin, comment vous adapter \u00e0 toutes les nouvelles plateformes qui \u00e9mergent? Un peu plus loin [&hellip;]<\/p>\n","protected":false},"author":184,"featured_media":0,"parent":1213,"menu_order":4,"comment_status":"closed","ping_status":"closed","template":"","meta":{"footnotes":""},"class_list":["post-1225","page","type-page","status-publish","hentry"],"_links":{"self":[{"href":"https:\/\/webspace.royalroads.ca\/jhodson\/wp-json\/wp\/v2\/pages\/1225","targetHints":{"allow":["GET"]}}],"collection":[{"href":"https:\/\/webspace.royalroads.ca\/jhodson\/wp-json\/wp\/v2\/pages"}],"about":[{"href":"https:\/\/webspace.royalroads.ca\/jhodson\/wp-json\/wp\/v2\/types\/page"}],"author":[{"embeddable":true,"href":"https:\/\/webspace.royalroads.ca\/jhodson\/wp-json\/wp\/v2\/users\/184"}],"replies":[{"embeddable":true,"href":"https:\/\/webspace.royalroads.ca\/jhodson\/wp-json\/wp\/v2\/comments?post=1225"}],"version-history":[{"count":2,"href":"https:\/\/webspace.royalroads.ca\/jhodson\/wp-json\/wp\/v2\/pages\/1225\/revisions"}],"predecessor-version":[{"id":1298,"href":"https:\/\/webspace.royalroads.ca\/jhodson\/wp-json\/wp\/v2\/pages\/1225\/revisions\/1298"}],"up":[{"embeddable":true,"href":"https:\/\/webspace.royalroads.ca\/jhodson\/wp-json\/wp\/v2\/pages\/1213"}],"wp:attachment":[{"href":"https:\/\/webspace.royalroads.ca\/jhodson\/wp-json\/wp\/v2\/media?parent=1225"}],"curies":[{"name":"wp","href":"https:\/\/api.w.org\/{rel}","templated":true}]}}