{"id":1227,"date":"2019-12-13T10:32:17","date_gmt":"2019-12-13T18:32:17","guid":{"rendered":"http:\/\/webspace.royalroads.ca\/jhodson\/?page_id=1227"},"modified":"2019-12-16T11:31:01","modified_gmt":"2019-12-16T19:31:01","slug":"choisir-vos-plateformes","status":"publish","type":"page","link":"https:\/\/webspace.royalroads.ca\/jhodson\/communication-in-the-public-interest-resources\/pratiques-exemplaires-en-communication-scientifique\/chapitre-3-avoir-recours-aux-medias-sociaux-pour-parler-de-votre-disciplinevos-travaux-scientifiques\/les-tendances-des-medias-sociaux-comment-rester-a-jour-dans-un-domaine-changeant\/choisir-vos-plateformes\/","title":{"rendered":"CHOISIR VOS PLATEFORMES"},"content":{"rendered":"<p>Maintenant que vous \u00eates inform\u00e9 sur les derni\u00e8res tendances en mati\u00e8re de m\u00e9dias sociaux, comment choisir les plateformes sur lesquelles investir vos efforts?<\/p>\n<p>\u00c0 l\u2019\u00e9tape o\u00f9 vous en \u00eates, la t\u00e2che peut vous sembler d\u00e9courageante. En effet, il semble que de nouvelles plateformes apparaissent tous les jours. Qui plus est, vous suivez \u00e0 peine le rythme avec vos amis sur Instagram, alors communiquer de fa\u00e7on significative au sujet de vos travaux scientifiques n\u2019est pas chose faite.<\/p>\n<p>Heureusement, vous n\u2019avez pas \u00e0 \u00eatre pr\u00e9sent sur toutes les plateformes. Dans beaucoup de cas, vous pourrez les ignorer pour vos communications scientifiques, m\u00eame les plateformes populaires! La partie difficile est\u00a0: comment d\u00e9terminer le meilleur endroit pour publier votre contenu et effectuer de la conservation de contenu scientifique?<\/p>\n<p>Si vous avez suivi les conseils pr\u00e9sent\u00e9s dans le chapitre\u00a03, vous avez fait de la recherche sur les plateformes utilis\u00e9es par les diff\u00e9rents groupes d\u00e9mographiques (en demeurant au courant des tendances). Vous avez aussi cherch\u00e9 des gens qui discutent de votre sujet au moyen des mots\u2011clics (\u00e9coute sociale) et de la recherche de sujets pour trouver les influenceurs. Vous remarquerez que les conversations connexes \u00e0 votre sujet ou les communaut\u00e9s que vous souhaitez toucher se retrouvent davantage sur certaines plateformes que sur d\u2019autres. Par exemple, vous pourriez d\u00e9cider d\u2019\u00eatre en communication avec d\u2019autres scientifiques ou des universitaires travaillant dans votre champ d\u2019expertise. Vous commencez alors en observant l\u2019activit\u00e9 sur chaque plateforme, ainsi vous remarquez que Twitter abrite une communaut\u00e9 d\u2019universitaires qui utilisent certains mots-clics (comme #PhDChat ou #research). Ou encore, vous d\u00e9cidez que, puisque vos travaux touchent \u00e0 la sant\u00e9 des enfants, vous souhaitez trouver des communaut\u00e9s de parents qui pourraient profiter de vos recherches. Tout en fouillant pour cerner des tendances, vous remarquez que les nouveaux parents ont tendance \u00e0 visiter des groupes Facebook et des communaut\u00e9s sur Reddit\u2026 Les diff\u00e9rents exemples sont nombreux. L\u2019essentiel est de s\u2019assurer de faire la recherche, sans oublier de faire de l\u2019\u00e9coute sociale pour trouver vos communaut\u00e9s en ligne.<\/p>\n<p>Concentrer vos efforts sur, au plus, deux ou trois r\u00e9seaux sociaux qui sont les plus propices pour atteindre votre auditoire cible. Ensuite, continuez d\u2019\u00e9couter ce qui se dit afin de cerner le contenu qui mobilise le plus vos communaut\u00e9s. Pour terminer, utilisez votre calendrier de contenu pour vous guider et pour effectuer le suivi de vos efforts afin d\u2019en \u00e9valuer l\u2019efficacit\u00e9. Ainsi, vous pourrez continuer ce qui fonctionne et mettre fin \u00e0 ce qui ne fonctionne pas. La vid\u00e9o suivante pr\u00e9sente diff\u00e9rentes plateformes de m\u00e9dias sociaux afin de soutenir la s\u00e9lection des plateformes appropri\u00e9es. Bien que cette vid\u00e9o s\u2019adresse davantage au monde entrepreneurial, son propos se transpose bien au domaine de la communication scientifique. Visionnez la vid\u00e9o suivante. En cas de probl\u00e8me d\u2019affichage ou de navigateur, <a href=\"https:\/\/www.youtube.com\/watch?v=Xa2KrDGZYvo\">regardez-la en suivant ce lien vers YouTube.<\/a><\/p>\n<p><iframe title=\"Choisir ses R\u00e9seaux Sociaux PRO : Le Guide Strat\u00e9gique pour les Entreprises\" width=\"660\" height=\"371\" src=\"https:\/\/www.youtube.com\/embed\/Xa2KrDGZYvo?feature=oembed\" frameborder=\"0\" allow=\"accelerometer; autoplay; clipboard-write; encrypted-media; gyroscope; picture-in-picture; web-share\" referrerpolicy=\"strict-origin-when-cross-origin\" allowfullscreen><\/iframe><\/p>\n<p>La prochaine section portera sur d\u2019autres strat\u00e9gies de cr\u00e9ation de contenus pour les m\u00e9dias sociaux. Vous en apprendrez davantage sur les diff\u00e9rents types de contenu (vid\u00e9o, audio, texte court et long), sur quelques-unes des plateformes les plus populaires, ainsi que sur les nouvelles plateformes et les plateformes \u00e9mergentes, sur la fa\u00e7on de cr\u00e9er des r\u00e9seaux d\u2019abonn\u00e9s et sur la possibilit\u00e9 de mettre de l\u2019avant votre contenu \u00e0 l\u2019aide de la publicit\u00e9 payante.<\/p>\n<h6>&gt;&gt;SUIVANT\u00a0: <a href=\"http:\/\/webspace.royalroads.ca\/jhodson\/communication-in-the-public-interest-resources\/pratiques-exemplaires-en-communication-scientifique\/chapitre-3-avoir-recours-aux-medias-sociaux-pour-parler-de-votre-disciplinevos-travaux-scientifiques\/adapter-votre-approche-les-pratiques-exemplaires-pour-les-differentes-plateformes\/\">ADAPTER VOTRE APPROCHE<\/a><\/h6>\n<h6>&lt;&lt;<a href=\"https:\/\/webspace.royalroads.ca\/jhodson\/communication-in-the-public-interest-resources\/pratiques-exemplaires-en-communication-scientifique\/chapitre-3-avoir-recours-aux-medias-sociaux-pour-parler-de-votre-disciplinevos-travaux-scientifiques\/\">RETOUR \u00c0 LA LISTE DE SUJETS DU CHAPITRE\u00a03<\/a><\/h6>\n","protected":false},"excerpt":{"rendered":"<p>Maintenant que vous \u00eates inform\u00e9 sur les derni\u00e8res tendances en mati\u00e8re de m\u00e9dias sociaux, comment choisir les plateformes sur lesquelles investir vos efforts? \u00c0 l\u2019\u00e9tape o\u00f9 vous en \u00eates, la t\u00e2che peut vous sembler d\u00e9courageante. En effet, il semble que de nouvelles plateformes apparaissent tous les jours. Qui plus est, vous suivez \u00e0 peine le [&hellip;]<\/p>\n","protected":false},"author":184,"featured_media":0,"parent":1225,"menu_order":1,"comment_status":"closed","ping_status":"closed","template":"","meta":{"footnotes":""},"class_list":["post-1227","page","type-page","status-publish","hentry"],"_links":{"self":[{"href":"https:\/\/webspace.royalroads.ca\/jhodson\/wp-json\/wp\/v2\/pages\/1227","targetHints":{"allow":["GET"]}}],"collection":[{"href":"https:\/\/webspace.royalroads.ca\/jhodson\/wp-json\/wp\/v2\/pages"}],"about":[{"href":"https:\/\/webspace.royalroads.ca\/jhodson\/wp-json\/wp\/v2\/types\/page"}],"author":[{"embeddable":true,"href":"https:\/\/webspace.royalroads.ca\/jhodson\/wp-json\/wp\/v2\/users\/184"}],"replies":[{"embeddable":true,"href":"https:\/\/webspace.royalroads.ca\/jhodson\/wp-json\/wp\/v2\/comments?post=1227"}],"version-history":[{"count":2,"href":"https:\/\/webspace.royalroads.ca\/jhodson\/wp-json\/wp\/v2\/pages\/1227\/revisions"}],"predecessor-version":[{"id":1299,"href":"https:\/\/webspace.royalroads.ca\/jhodson\/wp-json\/wp\/v2\/pages\/1227\/revisions\/1299"}],"up":[{"embeddable":true,"href":"https:\/\/webspace.royalroads.ca\/jhodson\/wp-json\/wp\/v2\/pages\/1225"}],"wp:attachment":[{"href":"https:\/\/webspace.royalroads.ca\/jhodson\/wp-json\/wp\/v2\/media?parent=1227"}],"curies":[{"name":"wp","href":"https:\/\/api.w.org\/{rel}","templated":true}]}}