{"id":1231,"date":"2019-12-13T10:35:20","date_gmt":"2019-12-13T18:35:20","guid":{"rendered":"http:\/\/webspace.royalroads.ca\/jhodson\/?page_id=1231"},"modified":"2019-12-16T11:33:48","modified_gmt":"2019-12-16T19:33:48","slug":"les-sites-web","status":"publish","type":"page","link":"https:\/\/webspace.royalroads.ca\/jhodson\/communication-in-the-public-interest-resources\/pratiques-exemplaires-en-communication-scientifique\/chapitre-3-avoir-recours-aux-medias-sociaux-pour-parler-de-votre-disciplinevos-travaux-scientifiques\/adapter-votre-approche-les-pratiques-exemplaires-pour-les-differentes-plateformes\/les-sites-web\/","title":{"rendered":"les SITES WEB"},"content":{"rendered":"<p>Une fa\u00e7on rapide et facile de parler de vos travaux scientifiques en ligne et de d\u00e9velopper votre propre profil est de cr\u00e9er votre propre site Web ou blogue.<\/p>\n<p>Un site Web vous permet de pr\u00e9senter votre travail de chercheur et de communiquer ce qui vous tient \u00e0 c\u0153ur aux autres. Un blogue vous permet d\u2019\u00e9crire un contenu plus long que sur les m\u00e9dias sociaux, ce qui peut \u00eatre utile pour la communication scientifique.<\/p>\n<figure id=\"attachment_928\" aria-describedby=\"caption-attachment-928\" style=\"width: 2232px\" class=\"wp-caption alignright\"><img decoding=\"async\" class=\"size-full wp-image-928 lazyload\" data-src=\"https:\/\/webspace.royalroads.ca\/jhodson\/wp-content\/uploads\/sites\/175\/2019\/08\/LabMayfly.jpg\" alt=\"\" width=\"2232\" height=\"1097\" data-srcset=\"https:\/\/webspace.royalroads.ca\/jhodson\/wp-content\/uploads\/sites\/175\/2019\/08\/LabMayfly.jpg 2232w, https:\/\/webspace.royalroads.ca\/jhodson\/wp-content\/uploads\/sites\/175\/2019\/08\/LabMayfly-300x147.jpg 300w, https:\/\/webspace.royalroads.ca\/jhodson\/wp-content\/uploads\/sites\/175\/2019\/08\/LabMayfly-768x377.jpg 768w, https:\/\/webspace.royalroads.ca\/jhodson\/wp-content\/uploads\/sites\/175\/2019\/08\/LabMayfly-1024x503.jpg 1024w\" data-sizes=\"(max-width: 2232px) 100vw, 2232px\" src=\"data:image\/svg+xml;base64,PHN2ZyB3aWR0aD0iMSIgaGVpZ2h0PSIxIiB4bWxucz0iaHR0cDovL3d3dy53My5vcmcvMjAwMC9zdmciPjwvc3ZnPg==\" style=\"--smush-placeholder-width: 2232px; --smush-placeholder-aspect-ratio: 2232\/1097;\" \/><figcaption id=\"caption-attachment-928\" class=\"wp-caption-text\">Capture d\u2019\u00e9cran du site Web This Lab Mayfly\u00a0: thislabmayfly.org<\/figcaption><\/figure>\n<p>Voici quelques exemples de sites Web g\u00e9r\u00e9s par des scientifiques et des chercheurs\u00a0:<\/p>\n<ul>\n<li><a href=\"https:\/\/fishphilosophy.org\/\">D<sup>re<\/sup>\u00a0Zoe\u00a0Todd, Fish Philosophy (lien)\u00a0:<\/a>\u00a0professeure adjointe d\u2019anthropologie et de sociologie \u00e0 l\u2019Universit\u00e9 Carleton<\/li>\n<li><a href=\"https:\/\/www.thislabmayfly.org\/\">This Lab Mayfly (lien)\u00a0:<\/a>\u00a0page Web du laboratoire de recherche d\u2019ECCC<\/li>\n<li><a href=\"http:\/\/www.monicagranados.com\/\">Monica Granados (lien)<\/a>\u00a0: \u00e9cologue du r\u00e9seau trophique, analyste des politiques et d\u00e9fenseure de la science ouverte<\/li>\n<\/ul>\n<p>Les sites Web ne sont pas difficiles \u00e0 mettre en place, et il y a diff\u00e9rents outils que vous pouvez utiliser pour faciliter la cr\u00e9ation de votre site Web. La plupart de ces outils vous permettront d\u2019h\u00e9berger un blogue sur votre site. Les outils suivants peuvent vous aider \u00e0 cr\u00e9er facilement un site Web avec ou sans blogue\u00a0:<\/p>\n<ul>\n<li><a href=\"https:\/\/fr.wordpress.com\/\">WordPress (lien)<\/a> est un format commun utilis\u00e9 par de nombreuses personnes, ce qui signifie qu\u2019il existe une abondance de ressources disponibles sur YouTube et par recherche sur Google pour vous aider \u00e0 personnaliser votre site. WordPress vous permet \u00e9galement de choisir un <a href=\"https:\/\/wordpress.com\/themes\">th\u00e8me personnalis\u00e9<\/a> pour que votre site ait un style unique. Les th\u00e8mes sont relativement peu co\u00fbteux et certains sont assortis d\u2019un soutien technique limit\u00e9.<\/li>\n<li><a href=\"https:\/\/fr.wix.com\/\">Wix (lien)<\/a> est un constructeur de site Web qui inclue des mod\u00e8les et une conception r\u00e9active int\u00e9gr\u00e9s, ce qui signifie qu\u2019il fonctionne tout aussi bien sur les appareils mobiles que sur les ordinateurs normaux. Son forfait de base est gratuit, mais avec des frais mensuels, vous pouvez vous connecter \u00e0 votre propre nom de domaine et utiliser d\u2019autres fonctionnalit\u00e9s qui vous permettent d\u2019en faire plus avec votre site.<\/li>\n<li><a href=\"https:\/\/fr.squarespace.com\/\">Squarespace (lien)<\/a> est un autre constructeur de site Web qui comprend des mod\u00e8les et une conception r\u00e9active int\u00e9gr\u00e9s. Il n\u2019a pas de forfait gratuit, mais le co\u00fbt du forfait de base personnel est tout \u00e0 fait raisonnable.<\/li>\n<\/ul>\n<p>Si vous cr\u00e9ez un site Web et que vous voulez un nom de domaine personnalis\u00e9 comme les sites Web mentionn\u00e9s ci-dessus, vous devrez payer pour l\u2019enregistrement du nom de domaine et l\u2019h\u00e9bergement Web. Les fournisseurs de service ci-dessus vous aideront avec ces deux t\u00e2ches, mais vous pouvez \u00e9galement vous rendre sur <a href=\"https:\/\/www.cadns.ca\/\">Canadian Domain Name Services (lien)<\/a> pour enregistrer un nom de domaine \u00ab\u00a0.ca\u00a0\u00bb. Et vous pouvez consulter cet article sur le blogue des \u00e9tudiants de l\u2019UBC pour des commentaires sur les services d\u2019h\u00e9bergement Web\u00a0:\u00a0<a href=\"https:\/\/blogs.ubc.ca\/reviews\/top-canadian-web-hosting\/\">Top Canadian Web Hosting Reviews 2019 (lien)<\/a>.<\/p>\n<p>Une fois que vous avez cr\u00e9\u00e9 un site Web, ou m\u00eame si vous n\u2019avez pas de site Web, vous pouvez cr\u00e9er un blogue. Les blogues sont des espaces fr\u00e9quemment mis \u00e0 jour qui vous permettent de r\u00e9diger un article plus long que ce que vous voyez normalement sur les m\u00e9dias sociaux. La prochaine section traitera des blogues et des pratiques exemplaires en mati\u00e8re de blogage.<\/p>\n<h6><strong>&gt;&gt;<\/strong><strong>SUIVANT\u00a0: <a href=\"http:\/\/webspace.royalroads.ca\/jhodson\/communication-in-the-public-interest-resources\/pratiques-exemplaires-en-communication-scientifique\/chapitre-3-avoir-recours-aux-medias-sociaux-pour-parler-de-votre-disciplinevos-travaux-scientifiques\/adapter-votre-approche-les-pratiques-exemplaires-pour-les-differentes-plateformes\/blogues\/\">Les BLOGUES <\/a><\/strong><strong>\u00a0\u00a0\u00a0\u00a0\u00a0\u00a0\u00a0\u00a0\u00a0\u00a0\u00a0\u00a0\u00a0\u00a0\u00a0\u00a0\u00a0\u00a0\u00a0\u00a0\u00a0\u00a0\u00a0\u00a0\u00a0\u00a0\u00a0\u00a0\u00a0\u00a0\u00a0\u00a0\u00a0\u00a0\u00a0\u00a0\u00a0\u00a0\u00a0\u00a0\u00a0\u00a0\u00a0\u00a0\u00a0\u00a0\u00a0\u00a0\u00a0<\/strong><\/h6>\n<h6><strong>\u00a0&lt;&lt;<\/strong><a href=\"https:\/\/webspace.royalroads.ca\/jhodson\/communication-in-the-public-interest-resources\/pratiques-exemplaires-en-communication-scientifique\/chapitre-3-avoir-recours-aux-medias-sociaux-pour-parler-de-votre-disciplinevos-travaux-scientifiques\/\"><strong>RETOUR \u00c0 LA LISTE DE SUJETS DU CHAPITRE\u00a03<\/strong><\/a><\/h6>\n","protected":false},"excerpt":{"rendered":"<p>Une fa\u00e7on rapide et facile de parler de vos travaux scientifiques en ligne et de d\u00e9velopper votre propre profil est de cr\u00e9er votre propre site Web ou blogue. Un site Web vous permet de pr\u00e9senter votre travail de chercheur et de communiquer ce qui vous tient \u00e0 c\u0153ur aux autres. Un blogue vous permet d\u2019\u00e9crire [&hellip;]<\/p>\n","protected":false},"author":184,"featured_media":0,"parent":1229,"menu_order":1,"comment_status":"closed","ping_status":"closed","template":"","meta":{"footnotes":""},"class_list":["post-1231","page","type-page","status-publish","hentry"],"_links":{"self":[{"href":"https:\/\/webspace.royalroads.ca\/jhodson\/wp-json\/wp\/v2\/pages\/1231","targetHints":{"allow":["GET"]}}],"collection":[{"href":"https:\/\/webspace.royalroads.ca\/jhodson\/wp-json\/wp\/v2\/pages"}],"about":[{"href":"https:\/\/webspace.royalroads.ca\/jhodson\/wp-json\/wp\/v2\/types\/page"}],"author":[{"embeddable":true,"href":"https:\/\/webspace.royalroads.ca\/jhodson\/wp-json\/wp\/v2\/users\/184"}],"replies":[{"embeddable":true,"href":"https:\/\/webspace.royalroads.ca\/jhodson\/wp-json\/wp\/v2\/comments?post=1231"}],"version-history":[{"count":3,"href":"https:\/\/webspace.royalroads.ca\/jhodson\/wp-json\/wp\/v2\/pages\/1231\/revisions"}],"predecessor-version":[{"id":1302,"href":"https:\/\/webspace.royalroads.ca\/jhodson\/wp-json\/wp\/v2\/pages\/1231\/revisions\/1302"}],"up":[{"embeddable":true,"href":"https:\/\/webspace.royalroads.ca\/jhodson\/wp-json\/wp\/v2\/pages\/1229"}],"wp:attachment":[{"href":"https:\/\/webspace.royalroads.ca\/jhodson\/wp-json\/wp\/v2\/media?parent=1231"}],"curies":[{"name":"wp","href":"https:\/\/api.w.org\/{rel}","templated":true}]}}