{"id":1234,"date":"2019-12-13T10:40:26","date_gmt":"2019-12-13T18:40:26","guid":{"rendered":"http:\/\/webspace.royalroads.ca\/jhodson\/?page_id=1234"},"modified":"2019-12-16T11:37:45","modified_gmt":"2019-12-16T19:37:45","slug":"blogues","status":"publish","type":"page","link":"https:\/\/webspace.royalroads.ca\/jhodson\/communication-in-the-public-interest-resources\/pratiques-exemplaires-en-communication-scientifique\/chapitre-3-avoir-recours-aux-medias-sociaux-pour-parler-de-votre-disciplinevos-travaux-scientifiques\/adapter-votre-approche-les-pratiques-exemplaires-pour-les-differentes-plateformes\/blogues\/","title":{"rendered":"BLOGUES"},"content":{"rendered":"<p>Le blogage consiste \u00e0 r\u00e9diger r\u00e9guli\u00e8rement de courts articles sur votre sujet. Vous pouvez h\u00e9berger un blogue sur votre propre site Web, ou vous pouvez utiliser une plateforme de blogue comme <a href=\"https:\/\/medium.com\/\">Medium (lien)<\/a> ou <a href=\"https:\/\/www.tumblr.com\/?language=fr_FR\">Tumblr (lien)<\/a>.<\/p>\n<figure id=\"attachment_1235\" aria-describedby=\"caption-attachment-1235\" style=\"width: 2295px\" class=\"wp-caption alignright\"><img decoding=\"async\" class=\"wp-image-1235 size-full lazyload\" data-src=\"https:\/\/webspace.royalroads.ca\/jhodson\/wp-content\/uploads\/sites\/175\/2019\/12\/MediumFrancais.jpg\" alt=\"\" width=\"2295\" height=\"1224\" data-srcset=\"https:\/\/webspace.royalroads.ca\/jhodson\/wp-content\/uploads\/sites\/175\/2019\/12\/MediumFrancais.jpg 2295w, https:\/\/webspace.royalroads.ca\/jhodson\/wp-content\/uploads\/sites\/175\/2019\/12\/MediumFrancais-300x160.jpg 300w, https:\/\/webspace.royalroads.ca\/jhodson\/wp-content\/uploads\/sites\/175\/2019\/12\/MediumFrancais-768x410.jpg 768w, https:\/\/webspace.royalroads.ca\/jhodson\/wp-content\/uploads\/sites\/175\/2019\/12\/MediumFrancais-1024x546.jpg 1024w\" data-sizes=\"(max-width: 2295px) 100vw, 2295px\" src=\"data:image\/svg+xml;base64,PHN2ZyB3aWR0aD0iMSIgaGVpZ2h0PSIxIiB4bWxucz0iaHR0cDovL3d3dy53My5vcmcvMjAwMC9zdmciPjwvc3ZnPg==\" style=\"--smush-placeholder-width: 2295px; --smush-placeholder-aspect-ratio: 2295\/1224;\" \/><figcaption id=\"caption-attachment-1235\" class=\"wp-caption-text\">Capture d\u2019\u00e9cran du site Web Medium\u00a0: medium.com<\/figcaption><\/figure>\n<p>L\u2019avantage de l\u2019h\u00e9bergement sur votre propre plateforme est que vous contr\u00f4lez votre contenu aussi longtemps que vous h\u00e9bergez la plateforme et que vous avez un meilleur contr\u00f4le sur l\u2019archivage de votre travail. Cependant, cela prend un peu de travail \u00e0 mettre en place, il y a un co\u00fbt pour h\u00e9berger votre propre site Web et cette m\u00e9thode n\u2019a pas la m\u00eame port\u00e9e que certaines des autres plateformes. L\u2019un des avantages de l\u2019h\u00e9bergement sur une plateforme comme Medium est que ces plateformes sont gratuites \u00e0 utiliser et ont souvent des algorithmes de recommandation communautaire, ce qui signifie que votre publication pourrait \u00eatre mise en \u00e9vidence et obtenir une plus grande visibilit\u00e9 aupr\u00e8s de personnes faisant partie de la communaut\u00e9 de la plateforme. L\u2019inconv\u00e9nient est que si quelque chose arrive au site dans le futur, ou si le site change ses conditions de service, il y a une possibilit\u00e9 que vous perdiez \u00e0 la fois votre contenu et votre public, puisque vous avez moins de contr\u00f4le.<\/p>\n<p>Peu importe o\u00f9 vous choisissez d\u2019h\u00e9berger votre blogue, gardez \u00e0 l\u2019esprit les pratiques exemplaires suivantes\u00a0:<\/p>\n<ul>\n<li>Les billets doivent compter de 100\u00a0\u00e0 500\u00a0mots. Si un billet compte plus de 500\u00a0mots, divisez-le en plusieurs billets que vous publierez sur une certaine p\u00e9riode de temps.<\/li>\n<li>Publiez r\u00e9guli\u00e8rement \u2013 toutes les semaines ou toutes les deux\u00a0semaines pour que les gens sachent quand ils peuvent s\u2019attendre \u00e0 voir un nouveau billet de votre part.<\/li>\n<li>Mettez \u00e0 jour d\u2019autres fils de m\u00e9dias sociaux (s\u2019il y a lieu) lorsque vous publiez un billet de blogue pour que vos abonn\u00e9s sachent que vous avez publi\u00e9 du contenu long.<\/li>\n<li>Utilisez toutes les pratiques exemplaires d\u00e9crites au chapitre\u00a02 pour rendre vos textes accessibles \u00e0 un vaste public.<\/li>\n<li>Utilisez des images pour rendre votre billet plus attrayant et utilisez des liens pour vous relier \u00e0 une conversation plus large ou pour indiquer la source.<\/li>\n<\/ul>\n<p>La prochaine section traitera du contenu visuel et mettra l\u2019accent sur Instagram et Imgur. Vous pouvez cr\u00e9er des \u00e9l\u00e9ments visuels pour votre site Web ou votre blogue, ou vous pouvez les utiliser sur d\u2019autres r\u00e9seaux sociaux. Les \u00e9l\u00e9ments visuels sont utiles parce qu\u2019ils sont flexibles et peuvent \u00eatre utilis\u00e9s avec ou sans texte.<\/p>\n<h6><strong>&gt;&gt;<\/strong><strong>SUIVANT\u00a0: <a href=\"http:\/\/webspace.royalroads.ca\/jhodson\/communication-in-the-public-interest-resources\/pratiques-exemplaires-en-communication-scientifique\/chapitre-3-avoir-recours-aux-medias-sociaux-pour-parler-de-votre-disciplinevos-travaux-scientifiques\/adapter-votre-approche-les-pratiques-exemplaires-pour-les-differentes-plateformes\/contenu-visuel\/\">Les CONTENU VISUEL<\/a> <\/strong><strong>\u00a0\u00a0\u00a0\u00a0\u00a0\u00a0\u00a0\u00a0\u00a0\u00a0\u00a0\u00a0\u00a0\u00a0\u00a0\u00a0\u00a0\u00a0\u00a0\u00a0\u00a0\u00a0\u00a0\u00a0\u00a0\u00a0\u00a0\u00a0\u00a0\u00a0\u00a0\u00a0\u00a0\u00a0\u00a0\u00a0\u00a0\u00a0\u00a0\u00a0\u00a0\u00a0\u00a0\u00a0<\/strong><\/h6>\n<h6><strong>&lt;&lt;<\/strong><a href=\"https:\/\/webspace.royalroads.ca\/jhodson\/communication-in-the-public-interest-resources\/pratiques-exemplaires-en-communication-scientifique\/chapitre-3-avoir-recours-aux-medias-sociaux-pour-parler-de-votre-disciplinevos-travaux-scientifiques\/\"><strong>RETOUR \u00c0 LA LISTE DE SUJETS DU CHAPITRE\u00a03<\/strong><\/a><\/h6>\n","protected":false},"excerpt":{"rendered":"<p>Le blogage consiste \u00e0 r\u00e9diger r\u00e9guli\u00e8rement de courts articles sur votre sujet. Vous pouvez h\u00e9berger un blogue sur votre propre site Web, ou vous pouvez utiliser une plateforme de blogue comme Medium (lien) ou Tumblr (lien). L\u2019avantage de l\u2019h\u00e9bergement sur votre propre plateforme est que vous contr\u00f4lez votre contenu aussi longtemps que vous h\u00e9bergez la [&hellip;]<\/p>\n","protected":false},"author":184,"featured_media":0,"parent":1229,"menu_order":2,"comment_status":"closed","ping_status":"closed","template":"","meta":{"footnotes":""},"class_list":["post-1234","page","type-page","status-publish","hentry"],"_links":{"self":[{"href":"https:\/\/webspace.royalroads.ca\/jhodson\/wp-json\/wp\/v2\/pages\/1234","targetHints":{"allow":["GET"]}}],"collection":[{"href":"https:\/\/webspace.royalroads.ca\/jhodson\/wp-json\/wp\/v2\/pages"}],"about":[{"href":"https:\/\/webspace.royalroads.ca\/jhodson\/wp-json\/wp\/v2\/types\/page"}],"author":[{"embeddable":true,"href":"https:\/\/webspace.royalroads.ca\/jhodson\/wp-json\/wp\/v2\/users\/184"}],"replies":[{"embeddable":true,"href":"https:\/\/webspace.royalroads.ca\/jhodson\/wp-json\/wp\/v2\/comments?post=1234"}],"version-history":[{"count":2,"href":"https:\/\/webspace.royalroads.ca\/jhodson\/wp-json\/wp\/v2\/pages\/1234\/revisions"}],"predecessor-version":[{"id":1303,"href":"https:\/\/webspace.royalroads.ca\/jhodson\/wp-json\/wp\/v2\/pages\/1234\/revisions\/1303"}],"up":[{"embeddable":true,"href":"https:\/\/webspace.royalroads.ca\/jhodson\/wp-json\/wp\/v2\/pages\/1229"}],"wp:attachment":[{"href":"https:\/\/webspace.royalroads.ca\/jhodson\/wp-json\/wp\/v2\/media?parent=1234"}],"curies":[{"name":"wp","href":"https:\/\/api.w.org\/{rel}","templated":true}]}}