{"id":1237,"date":"2019-12-13T10:56:45","date_gmt":"2019-12-13T18:56:45","guid":{"rendered":"http:\/\/webspace.royalroads.ca\/jhodson\/?page_id=1237"},"modified":"2019-12-16T11:38:18","modified_gmt":"2019-12-16T19:38:18","slug":"contenu-visuel","status":"publish","type":"page","link":"https:\/\/webspace.royalroads.ca\/jhodson\/communication-in-the-public-interest-resources\/pratiques-exemplaires-en-communication-scientifique\/chapitre-3-avoir-recours-aux-medias-sociaux-pour-parler-de-votre-disciplinevos-travaux-scientifiques\/adapter-votre-approche-les-pratiques-exemplaires-pour-les-differentes-plateformes\/contenu-visuel\/","title":{"rendered":"CONTENU VISUEL"},"content":{"rendered":"<p>On dit qu\u2019une image vaut 1000\u00a0mots, et sur les plateformes num\u00e9riques, une image peut vous aider \u00e0 rendre votre message plus clair ou \u00e0 rendre votre travail plus attrayant.<\/p>\n<p>Il y a quelques types d\u2019images que vous voudrez peut-\u00eatre inclure dans vos communications scientifiques en ligne\u00a0:<\/p>\n<p><strong>Gifs anim\u00e9s\u00a0:<\/strong>\u00a0Les gifs anim\u00e9s (prononc\u00e9 \u00ab\u00a0jifs\u00a0\u00bb) sont de courtes images anim\u00e9es qui sont souvent dr\u00f4les ou int\u00e9ressantes. Ils peuvent \u00eatre ins\u00e9r\u00e9s dans une publication sur les m\u00e9dias sociaux ou un billet de blogue afin de diviser le texte, de faire valoir un point ou d\u2019aider \u00e0 rendre votre message plus int\u00e9ressant. Ils vous aident \u00e9galement \u00e0 ajouter de l\u2019\u00e9motion ou du contexte \u00e0 votre publication d\u2019une mani\u00e8re qui peut vous rapprocher de votre public. Trouvez des gifs sur <a href=\"https:\/\/giphy.com\/\">Giphy<\/a> ou <a href=\"https:\/\/imgur.com\/\">Imgur<\/a> et utilisez leur bouton de partage pour les int\u00e9grer \u00e0 votre blogue ou les publier sur vos fils de m\u00e9dias sociaux. Sur Instagram, vous pouvez cr\u00e9er des gifs de vous-m\u00eame ou de votre travail \u00e0 l\u2019aide de l\u2019application <a href=\"https:\/\/www.bustle.com\/articles\/141967-how-to-use-boomerang-on-instagram-get-in-on-all-the-video-sharing-fun\">Boomerang<\/a>.<\/p>\n<figure style=\"width: 356px\" class=\"wp-caption alignnone\"><img decoding=\"async\" data-src=\"https:\/\/giphygifs.s3.amazonaws.com\/media\/evdNBkiinMc2A\/giphy.gif\" alt=\"\" width=\"356\" height=\"200\" src=\"data:image\/svg+xml;base64,PHN2ZyB3aWR0aD0iMSIgaGVpZ2h0PSIxIiB4bWxucz0iaHR0cDovL3d3dy53My5vcmcvMjAwMC9zdmciPjwvc3ZnPg==\" class=\"lazyload\" style=\"--smush-placeholder-width: 356px; --smush-placeholder-aspect-ratio: 356\/200;\" \/><figcaption class=\"wp-caption-text\">\u00ab\u00a0Basking Shark\u00a0\u00bb tir\u00e9 de Giphy\u00a0: http:\/\/giphygifs.s3.amazonaws.com\/media\/evdNBkiinMc2A\/giphy.gif<\/figcaption><\/figure>\n<p><strong>Infographies\u00a0:<\/strong>\u00a0Les infographies visent \u00e0 prendre votre information et \u00e0 la pr\u00e9senter dans un format visuel. Les meilleures infographies prennent des informations complexes et les simplifient. Elles sont excellentes pour la publication sur les r\u00e9seaux sociaux visuels, ou peuvent \u00eatre incluses dans un billet de blogue sur le m\u00eame sujet. Les infographies sont susceptibles d\u2019\u00eatre partag\u00e9es par ceux qui ont besoin d\u2019explications sur votre sujet, de sorte qu\u2019il peut valoir la peine de prendre le temps de les cr\u00e9er.\u00a0<a href=\"https:\/\/piktochart.com\/\">Piktochart<\/a> est un outil glisser-d\u00e9poser de cr\u00e9ation d\u2019infographies qui vous permet de cr\u00e9er une infographie sans avoir \u00e0 ma\u00eetriser un logiciel de conception comme Photoshop ou Illustrator. Il offre une version gratuite avec le nom de marque ou un abonnement si vous souhaitez cr\u00e9er des infographies sans qu\u2019il y apparaisse l\u2019image de marque de Piktochart.<\/p>\n<p><img decoding=\"async\" class=\"alignright wp-image-1238 lazyload\" data-src=\"https:\/\/webspace.royalroads.ca\/jhodson\/wp-content\/uploads\/sites\/175\/2019\/12\/Affiche-Libre-Acce\u0300s.gif\" alt=\"\" width=\"658\" height=\"548\" src=\"data:image\/svg+xml;base64,PHN2ZyB3aWR0aD0iMSIgaGVpZ2h0PSIxIiB4bWxucz0iaHR0cDovL3d3dy53My5vcmcvMjAwMC9zdmciPjwvc3ZnPg==\" style=\"--smush-placeholder-width: 658px; --smush-placeholder-aspect-ratio: 658\/548;\" \/><\/p>\n<p><strong>\u00c9goportraits\u00a0:<\/strong>\u00a0Les \u00e9goportraits, ou les photos de vous-m\u00eame prises avec votre appareil mobile peuvent sembler frivoles, mais <a href=\"https:\/\/journals.plos.org\/plosone\/article?id=10.1371\/journal.pone.0216625\">une \u00e9tude r\u00e9cente publi\u00e9e dans PLOS One (lien)<\/a> montre que les scientifiques qui publient des \u00e9goportraits suscitent en fait une plus grande confiance de la part du public que ceux qui ne prennent pas part \u00e0 cette pratique. Utilisez les \u00e9goportraits sur un site comme Instagram pour humaniser votre science et vous rapprocher du public.<\/p>\n<p><img decoding=\"async\" class=\"alignright size-full wp-image-1239 lazyload\" data-src=\"https:\/\/webspace.royalroads.ca\/jhodson\/wp-content\/uploads\/sites\/175\/2019\/12\/Selfie-Scientifiques-1.png\" alt=\"\" width=\"931\" height=\"599\" data-srcset=\"https:\/\/webspace.royalroads.ca\/jhodson\/wp-content\/uploads\/sites\/175\/2019\/12\/Selfie-Scientifiques-1.png 931w, https:\/\/webspace.royalroads.ca\/jhodson\/wp-content\/uploads\/sites\/175\/2019\/12\/Selfie-Scientifiques-1-300x193.png 300w, https:\/\/webspace.royalroads.ca\/jhodson\/wp-content\/uploads\/sites\/175\/2019\/12\/Selfie-Scientifiques-1-768x494.png 768w\" data-sizes=\"(max-width: 931px) 100vw, 931px\" src=\"data:image\/svg+xml;base64,PHN2ZyB3aWR0aD0iMSIgaGVpZ2h0PSIxIiB4bWxucz0iaHR0cDovL3d3dy53My5vcmcvMjAwMC9zdmciPjwvc3ZnPg==\" style=\"--smush-placeholder-width: 931px; --smush-placeholder-aspect-ratio: 931\/599;\" \/><\/p>\n<p><strong>Images de vos travaux scientifiques\u00a0:\u00a0<\/strong>Que vous soyez sur le terrain ou au laboratoire, il est fort probable que votre travail soit tr\u00e8s int\u00e9ressant pour un public ext\u00e9rieur. En plus des \u00e9goportraits, publiez des photos de vos travaux ainsi qu\u2019une explication de ce que vous faites. Il est certain que des gens trouveront votre travail int\u00e9ressant et aimeront voir ce qui se passe en coulisse. Un excellent exemple de ceci est le compte Instagram de This Lab Mayfly d\u2019Environnement et Changement climatique Canada\u00a0: <a href=\"https:\/\/www.instagram.com\/thislabmayfly\/\">@thislabmayfly (lien)<\/a>.<\/p>\n<p><img decoding=\"async\" class=\"alignright size-full wp-image-1240 lazyload\" data-src=\"https:\/\/webspace.royalroads.ca\/jhodson\/wp-content\/uploads\/sites\/175\/2019\/12\/Selfie-Scientifiques-2.png\" alt=\"\" width=\"929\" height=\"565\" data-srcset=\"https:\/\/webspace.royalroads.ca\/jhodson\/wp-content\/uploads\/sites\/175\/2019\/12\/Selfie-Scientifiques-2.png 929w, https:\/\/webspace.royalroads.ca\/jhodson\/wp-content\/uploads\/sites\/175\/2019\/12\/Selfie-Scientifiques-2-300x182.png 300w, https:\/\/webspace.royalroads.ca\/jhodson\/wp-content\/uploads\/sites\/175\/2019\/12\/Selfie-Scientifiques-2-768x467.png 768w\" data-sizes=\"(max-width: 929px) 100vw, 929px\" src=\"data:image\/svg+xml;base64,PHN2ZyB3aWR0aD0iMSIgaGVpZ2h0PSIxIiB4bWxucz0iaHR0cDovL3d3dy53My5vcmcvMjAwMC9zdmciPjwvc3ZnPg==\" style=\"--smush-placeholder-width: 929px; --smush-placeholder-aspect-ratio: 929\/565;\" \/><\/p>\n<p>&nbsp;<\/p>\n<p><strong>Graphiques et diagrammes\u00a0:<\/strong>\u00a0Vous pouvez publier des graphiques et des diagrammes de votre travail sur votre blogue ou vos fils de m\u00e9dias sociaux afin de communiquer vos travaux \u00e0 d\u2019autres. Si vous choisissez de le faire, cependant, faites attention. Assurez-vous d\u2019inclure des explications faciles \u00e0 comprendre de votre travail et de rendre les \u00e9l\u00e9ments visuels clairs pour ceux qui ne sont pas dans votre domaine. Sinon, il n\u2019y a gu\u00e8re de raison de les publier pour le grand public.<\/p>\n<p>Cette vid\u00e9o YouTube, offerte par l\u2019Institut Mines-T\u00e9l\u00e9com (IMT), explique l\u2019importance du contenu visuel dans les publications sur les m\u00e9dias sociaux et offre des pistes de r\u00e9flexion afin de choisir un contenu visuel solide et accrocheur. Vous pouvez acc\u00e9der \u00e0 la vid\u00e9o int\u00e9gr\u00e9e ici, ou si la vid\u00e9o int\u00e9gr\u00e9e n\u2019est pas prise en charge par votre appareil ou navigateur particulier, vous pouvez y <a href=\"https:\/\/www.youtube.com\/watch?v=G24sNwzWVSU&amp;feature=youtu.be\">acc\u00e9der directement sur YouTube via ce lien.<\/a><\/p>\n<p><iframe title=\"Vulgarisation scientifique : n&#039;oubliez pas l&#039;image !\" width=\"660\" height=\"371\" src=\"https:\/\/www.youtube.com\/embed\/G24sNwzWVSU?feature=oembed\" frameborder=\"0\" allow=\"accelerometer; autoplay; clipboard-write; encrypted-media; gyroscope; picture-in-picture; web-share\" referrerpolicy=\"strict-origin-when-cross-origin\" allowfullscreen><\/iframe><\/p>\n<p>Les images sont une excellente fa\u00e7on de communiquer avec les gens en ligne. Les vid\u00e9os peuvent \u00eatre une autre excellente fa\u00e7on de parler de vos travaux au grand public. La section suivante traitera des vid\u00e9os et des endroits o\u00f9 les publier pour en maximiser l\u2019impact.<\/p>\n<h6><strong>&gt;&gt;<\/strong><strong>SUIVANT\u00a0: <a href=\"http:\/\/webspace.royalroads.ca\/jhodson\/communication-in-the-public-interest-resources\/pratiques-exemplaires-en-communication-scientifique\/chapitre-3-avoir-recours-aux-medias-sociaux-pour-parler-de-votre-disciplinevos-travaux-scientifiques\/adapter-votre-approche-les-pratiques-exemplaires-pour-les-differentes-plateformes\/contenu-video\/\">CONTENU VID\u00c9O<\/a><\/strong><strong>\u00a0\u00a0\u00a0\u00a0\u00a0\u00a0\u00a0\u00a0\u00a0\u00a0\u00a0\u00a0\u00a0\u00a0\u00a0\u00a0\u00a0\u00a0\u00a0\u00a0\u00a0\u00a0\u00a0\u00a0\u00a0\u00a0\u00a0\u00a0\u00a0\u00a0\u00a0\u00a0\u00a0\u00a0\u00a0\u00a0\u00a0\u00a0\u00a0\u00a0\u00a0\u00a0\u00a0\u00a0 <\/strong><\/h6>\n<h6><strong>&lt;&lt;<\/strong><a href=\"https:\/\/webspace.royalroads.ca\/jhodson\/communication-in-the-public-interest-resources\/pratiques-exemplaires-en-communication-scientifique\/chapitre-3-avoir-recours-aux-medias-sociaux-pour-parler-de-votre-disciplinevos-travaux-scientifiques\/\"><strong>RETOUR \u00c0 LA LISTE DE SUJETS DU CHAPITRE\u00a03<\/strong><\/a><\/h6>\n","protected":false},"excerpt":{"rendered":"<p>On dit qu\u2019une image vaut 1000\u00a0mots, et sur les plateformes num\u00e9riques, une image peut vous aider \u00e0 rendre votre message plus clair ou \u00e0 rendre votre travail plus attrayant. Il y a quelques types d\u2019images que vous voudrez peut-\u00eatre inclure dans vos communications scientifiques en ligne\u00a0: Gifs anim\u00e9s\u00a0:\u00a0Les gifs anim\u00e9s (prononc\u00e9 \u00ab\u00a0jifs\u00a0\u00bb) sont de courtes [&hellip;]<\/p>\n","protected":false},"author":184,"featured_media":0,"parent":1229,"menu_order":3,"comment_status":"closed","ping_status":"closed","template":"","meta":{"footnotes":""},"class_list":["post-1237","page","type-page","status-publish","hentry"],"_links":{"self":[{"href":"https:\/\/webspace.royalroads.ca\/jhodson\/wp-json\/wp\/v2\/pages\/1237","targetHints":{"allow":["GET"]}}],"collection":[{"href":"https:\/\/webspace.royalroads.ca\/jhodson\/wp-json\/wp\/v2\/pages"}],"about":[{"href":"https:\/\/webspace.royalroads.ca\/jhodson\/wp-json\/wp\/v2\/types\/page"}],"author":[{"embeddable":true,"href":"https:\/\/webspace.royalroads.ca\/jhodson\/wp-json\/wp\/v2\/users\/184"}],"replies":[{"embeddable":true,"href":"https:\/\/webspace.royalroads.ca\/jhodson\/wp-json\/wp\/v2\/comments?post=1237"}],"version-history":[{"count":2,"href":"https:\/\/webspace.royalroads.ca\/jhodson\/wp-json\/wp\/v2\/pages\/1237\/revisions"}],"predecessor-version":[{"id":1304,"href":"https:\/\/webspace.royalroads.ca\/jhodson\/wp-json\/wp\/v2\/pages\/1237\/revisions\/1304"}],"up":[{"embeddable":true,"href":"https:\/\/webspace.royalroads.ca\/jhodson\/wp-json\/wp\/v2\/pages\/1229"}],"wp:attachment":[{"href":"https:\/\/webspace.royalroads.ca\/jhodson\/wp-json\/wp\/v2\/media?parent=1237"}],"curies":[{"name":"wp","href":"https:\/\/api.w.org\/{rel}","templated":true}]}}