{"id":1244,"date":"2019-12-13T11:00:02","date_gmt":"2019-12-13T19:00:02","guid":{"rendered":"http:\/\/webspace.royalroads.ca\/jhodson\/?page_id=1244"},"modified":"2019-12-16T11:39:33","modified_gmt":"2019-12-16T19:39:33","slug":"la-baladodiffusion","status":"publish","type":"page","link":"https:\/\/webspace.royalroads.ca\/jhodson\/communication-in-the-public-interest-resources\/pratiques-exemplaires-en-communication-scientifique\/chapitre-3-avoir-recours-aux-medias-sociaux-pour-parler-de-votre-disciplinevos-travaux-scientifiques\/adapter-votre-approche-les-pratiques-exemplaires-pour-les-differentes-plateformes\/la-baladodiffusion\/","title":{"rendered":"la BALADODIFFUSION"},"content":{"rendered":"<p>Cette ann\u00e9e, <a href=\"https:\/\/www.nytimes.com\/2019\/03\/06\/business\/media\/podcast-growth.html\">le New York Times a rapport\u00e9 qu\u2019une personne sur trois \u00e9coute au moins un balado par mois (lien)<\/a>. La baladodiffusion gagne en popularit\u00e9 et il est facile de comprendre pourquoi. La baladodiffusion est un m\u00e9dia intime, et c\u2019est un m\u00e9dia que les gens peuvent \u00e9couter tout en faisant autre chose. Vous pouvez \u00e9couter des balados pendant que vous promenez le chien, par exemple, ou pendant les t\u00e2ches m\u00e9nag\u00e8res. Consultez cet <a href=\"https:\/\/www.theglobeandmail.com\/arts\/books\/article-five-science-podcasts-that-will-feed-your-brain\/\">article du Globe and Mail (lien)<\/a> pour d\u00e9couvrir cinq balados scientifiques recommand\u00e9s pour susciter votre int\u00e9r\u00eat au sujet de la baladodiffusion.<\/p>\n<p>Pour enregistrer un balado, vous voulez investir dans un microphone de bonne qualit\u00e9 et un logiciel d\u2019\u00e9dition audio comme GarageBand (Mac) ou Audacity (multiplateforme).\u00a0<a href=\"https:\/\/www.howtogeek.com\/howto\/39681\/the-how-to-geek-guide-to-audio-editing-the-basics\/\">How-to-Geek propose un tutoriel sur l\u2019utilisation d\u2019Audacity pour \u00e9diter des fichiers audio (lien)<\/a>. Vous pouvez \u00e9galement effectuer une recherche sur YouTube pour trouver des tutoriels sur une vari\u00e9t\u00e9 d\u2019autres logiciels d\u2019\u00e9dition audio.<\/p>\n<p>Vous voudrez vous assurer de trouver des enregistrements audio sous licence Creative Commons pour toute musique d\u2019introduction ou de fond que vous utiliserez dans votre balado. La section\u00a06 du pr\u00e9sent chapitre donne un aper\u00e7u du droit d\u2019auteur et de Creative Commons.<\/p>\n<p>Lorsque vous songez \u00e0 enregistrer un balado, gardez \u00e0 l\u2019esprit les \u00e9l\u00e9ments suivants\u00a0:<\/p>\n<ul>\n<li>Choisissez un endroit de votre maison o\u00f9 le bruit de fond est le plus faible possible pour l\u2019enregistrement. Si possible, accrochez des couvertures aux murs pour att\u00e9nuer toute r\u00e9verb\u00e9ration naturelle.<\/li>\n<li>N\u2019ayez pas peur d\u2019enregistrer votre balado en petites parties. De cette fa\u00e7on, si vous faites une erreur, il est facile de retourner au dernier endroit o\u00f9 vous vous \u00eates arr\u00eat\u00e9 et d\u2019enregistrer \u00e0 nouveau et d\u2019\u00e9diter votre bande audio pour coller les deux parties ensemble.<\/li>\n<li>Accordez-vous trois \u00e0 quatre\u00a0fois plus de temps que la dur\u00e9e totale pr\u00e9vue de votre balado afin de tenir compte de l\u2019enregistrement, du r\u00e9enregistrement et de l\u2019\u00e9dition.<\/li>\n<li>R\u00e9digez-vous un sc\u00e9nario ou un plan d\u00e9taill\u00e9 avant l\u2019enregistrement.<\/li>\n<li>Songez \u00e0 transcrire votre balado et \u00e0 afficher la transcription pour que votre contenu soit disponible en plusieurs formats.<\/li>\n<li>La dur\u00e9e du balado est variable. Choisissez une dur\u00e9e qui vous convient et qui peut \u00eatre r\u00e9p\u00e9t\u00e9e r\u00e9guli\u00e8rement.<\/li>\n<li>L\u2019affichage de votre balado sur votre site Web est souhaitable, mais pourrait entra\u00eener des frais suppl\u00e9mentaires \u2013 v\u00e9rifiez aupr\u00e8s de votre fournisseur les limites de t\u00e9l\u00e9versement, de t\u00e9l\u00e9chargement et d\u2019h\u00e9bergement.<\/li>\n<li>Si vous ne pouvez pas h\u00e9berger votre balado sur votre propre site Web, <a href=\"https:\/\/soundcloud.com\/\">SoundCloud<\/a> est actuellement une bonne option pour t\u00e9l\u00e9verser de l\u2019audio avec des frais d\u2019abonnement faibles ou nuls.<\/li>\n<\/ul>\n<p>StrategeMarketing a cr\u00e9\u00e9 une vid\u00e9o explicative anim\u00e9e utile qui vous montre comment faire un balado. Acc\u00e9dez \u00e0 la vid\u00e9o int\u00e9gr\u00e9e ici, ou <a href=\"https:\/\/www.youtube.com\/watch?v=BzAZCLK17JY\">utilisez ce lien pour la regarder sur YouTube.<\/a><\/p>\n<p><iframe title=\"Comment faire un podcast qui cartonne\" width=\"660\" height=\"371\" src=\"https:\/\/www.youtube.com\/embed\/BzAZCLK17JY?feature=oembed\" frameborder=\"0\" allow=\"accelerometer; autoplay; clipboard-write; encrypted-media; gyroscope; picture-in-picture; web-share\" referrerpolicy=\"strict-origin-when-cross-origin\" allowfullscreen><\/iframe><\/p>\n<p>En plus de la vid\u00e9o ci-dessus, sur sa page Web, la ressource RaccourSci offre une s\u00e9rie d\u2019astuces appuy\u00e9es par de courts \u00e9pisodes audio au sujet de la baladodiffusion (ou podcast). <a href=\"https:\/\/www.raccoursci.com\/astuce\/realiser-podcast-vulgarisation-scientifique\/\">Vous pouvez acc\u00e9der aux fichiers balados de RaccourSci sur le site Web de RaccourSci en cliquant sur ce lien.<\/a><\/p>\n<p>La prochaine section vous donnera un aper\u00e7u des plateformes de m\u00e9dias sociaux populaires pour vous aider \u00e0 d\u00e9terminer lesquelles utiliser pour communiquer vos travaux scientifiques. Choisissez le format et la communaut\u00e9 qui vous conviennent et amusez-vous. De cette fa\u00e7on, ce sera certainement plus int\u00e9ressant pour les autres.<\/p>\n<h6><strong>&gt;&gt;SUIVANT\u00a0:\u00a0<a href=\"https:\/\/webspace.royalroads.ca\/jhodson\/communication-in-the-public-interest-resources\/pratiques-exemplaires-en-communication-scientifique\/chapitre-3-avoir-recours-aux-medias-sociaux-pour-parler-de-votre-disciplinevos-travaux-scientifiques\/adapter-votre-approche-les-pratiques-exemplaires-pour-les-differentes-plateformes\/de-fantastiques-plateformes\/\">un <\/a><\/strong><a href=\"http:\/\/webspace.royalroads.ca\/jhodson\/communication-in-the-public-interest-resources\/pratiques-exemplaires-en-communication-scientifique\/chapitre-3-avoir-recours-aux-medias-sociaux-pour-parler-de-votre-disciplinevos-travaux-scientifiques\/adapter-votre-approche-les-pratiques-exemplaires-pour-les-differentes-plateformes\/de-fantastiques-plateformes\/\"><strong>APER\u00c7U DES PLATEFORMES DE M\u00c9DIAS SOCIAUX<\/strong><\/a><strong>\u00a0\u00a0\u00a0\u00a0\u00a0\u00a0\u00a0\u00a0\u00a0\u00a0\u00a0\u00a0\u00a0\u00a0\u00a0\u00a0\u00a0\u00a0\u00a0\u00a0\u00a0\u00a0\u00a0\u00a0\u00a0\u00a0\u00a0\u00a0 <\/strong><\/h6>\n<h6><strong>&lt;&lt;<\/strong><a href=\"https:\/\/webspace.royalroads.ca\/jhodson\/communication-in-the-public-interest-resources\/pratiques-exemplaires-en-communication-scientifique\/chapitre-3-avoir-recours-aux-medias-sociaux-pour-parler-de-votre-disciplinevos-travaux-scientifiques\/\"><strong>RETOUR \u00c0 LA LISTE DE SUJETS DU CHAPITRE\u00a03<\/strong><\/a><\/h6>\n","protected":false},"excerpt":{"rendered":"<p>Cette ann\u00e9e, le New York Times a rapport\u00e9 qu\u2019une personne sur trois \u00e9coute au moins un balado par mois (lien). La baladodiffusion gagne en popularit\u00e9 et il est facile de comprendre pourquoi. La baladodiffusion est un m\u00e9dia intime, et c\u2019est un m\u00e9dia que les gens peuvent \u00e9couter tout en faisant autre chose. Vous pouvez \u00e9couter [&hellip;]<\/p>\n","protected":false},"author":184,"featured_media":0,"parent":1229,"menu_order":5,"comment_status":"closed","ping_status":"closed","template":"","meta":{"footnotes":""},"class_list":["post-1244","page","type-page","status-publish","hentry"],"_links":{"self":[{"href":"https:\/\/webspace.royalroads.ca\/jhodson\/wp-json\/wp\/v2\/pages\/1244","targetHints":{"allow":["GET"]}}],"collection":[{"href":"https:\/\/webspace.royalroads.ca\/jhodson\/wp-json\/wp\/v2\/pages"}],"about":[{"href":"https:\/\/webspace.royalroads.ca\/jhodson\/wp-json\/wp\/v2\/types\/page"}],"author":[{"embeddable":true,"href":"https:\/\/webspace.royalroads.ca\/jhodson\/wp-json\/wp\/v2\/users\/184"}],"replies":[{"embeddable":true,"href":"https:\/\/webspace.royalroads.ca\/jhodson\/wp-json\/wp\/v2\/comments?post=1244"}],"version-history":[{"count":3,"href":"https:\/\/webspace.royalroads.ca\/jhodson\/wp-json\/wp\/v2\/pages\/1244\/revisions"}],"predecessor-version":[{"id":1307,"href":"https:\/\/webspace.royalroads.ca\/jhodson\/wp-json\/wp\/v2\/pages\/1244\/revisions\/1307"}],"up":[{"embeddable":true,"href":"https:\/\/webspace.royalroads.ca\/jhodson\/wp-json\/wp\/v2\/pages\/1229"}],"wp:attachment":[{"href":"https:\/\/webspace.royalroads.ca\/jhodson\/wp-json\/wp\/v2\/media?parent=1244"}],"curies":[{"name":"wp","href":"https:\/\/api.w.org\/{rel}","templated":true}]}}