{"id":1246,"date":"2019-12-13T11:02:12","date_gmt":"2019-12-13T19:02:12","guid":{"rendered":"http:\/\/webspace.royalroads.ca\/jhodson\/?page_id=1246"},"modified":"2019-12-16T11:40:05","modified_gmt":"2019-12-16T19:40:05","slug":"de-fantastiques-plateformes","status":"publish","type":"page","link":"https:\/\/webspace.royalroads.ca\/jhodson\/communication-in-the-public-interest-resources\/pratiques-exemplaires-en-communication-scientifique\/chapitre-3-avoir-recours-aux-medias-sociaux-pour-parler-de-votre-disciplinevos-travaux-scientifiques\/adapter-votre-approche-les-pratiques-exemplaires-pour-les-differentes-plateformes\/de-fantastiques-plateformes\/","title":{"rendered":"de FANTASTIQUES PLATEFORMES"},"content":{"rendered":"<p>Maintenant que vous savez comment produire diff\u00e9rents types de contenu, vous vous demandez probablement comment tirer le meilleur parti des plateformes sur lesquelles vous publiez votre formidable contenu de communication scientifique. La pr\u00e9sente section donne un aper\u00e7u des pratiques exemplaires pour les principales plateformes. Utilisez cette section, ainsi que votre \u00e9coute sociale et les types de cr\u00e9ation de contenus que vous pr\u00e9f\u00e9rez pour guider le choix des deux ou trois\u00a0plateformes sur lesquelles vous allez publier r\u00e9guli\u00e8rement. La pr\u00e9sente section traite de Facebook, Twitter, Instagram, LinkedIn, YouTube, Reddit, Pinterest et Snapchat. La section suivante traitera de certaines plateformes \u00e9mergentes\u00a0: TikTok, Spotify et WeChat.<\/p>\n<figure id=\"attachment_966\" aria-describedby=\"caption-attachment-966\" style=\"width: 653px\" class=\"wp-caption alignright\"><img decoding=\"async\" class=\"wp-image-966 lazyload\" data-src=\"https:\/\/webspace.royalroads.ca\/jhodson\/wp-content\/uploads\/sites\/175\/2019\/08\/43617178595_0c8ac1b22b_n.jpg\" alt=\"\" width=\"653\" height=\"475\" data-srcset=\"https:\/\/webspace.royalroads.ca\/jhodson\/wp-content\/uploads\/sites\/175\/2019\/08\/43617178595_0c8ac1b22b_n.jpg 319w, https:\/\/webspace.royalroads.ca\/jhodson\/wp-content\/uploads\/sites\/175\/2019\/08\/43617178595_0c8ac1b22b_n-300x218.jpg 300w\" data-sizes=\"(max-width: 653px) 100vw, 653px\" src=\"data:image\/svg+xml;base64,PHN2ZyB3aWR0aD0iMSIgaGVpZ2h0PSIxIiB4bWxucz0iaHR0cDovL3d3dy53My5vcmcvMjAwMC9zdmciPjwvc3ZnPg==\" style=\"--smush-placeholder-width: 653px; --smush-placeholder-aspect-ratio: 653\/475;\" \/><figcaption id=\"caption-attachment-966\" class=\"wp-caption-text\">\u00ab\u00a0Social Media Icons With Paint Splash Effect.\u00a0\u00bb Disponible sur <a href=\"https:\/\/www.flickr.com\/photos\/bitsfrombytes\/43617178595\">https:\/\/www.flickr.com\/photos\/bitsfrombytes\/43617178595<\/a><\/figcaption><\/figure>\n<p><strong>Facebook\u00a0:<\/strong>\u00a0Facebook est le r\u00e9seau social le plus populaire au monde. Les diff\u00e9rents groupes d\u00e9mographiques ont tendance \u00e0 utiliser Facebook diff\u00e9remment\u00a0: les baby-boomers et la g\u00e9n\u00e9ration\u00a0X l\u2019utilisent plus socialement que la g\u00e9n\u00e9ration\u00a0Y et la g\u00e9n\u00e9ration\u00a0Z, qui l\u2019utilisent principalement pour rester en contact avec la famille ou les amis d\u2019\u00e9cole. D\u2019un point de vue pratique, Facebook est surtout utile pour communiquer avec les membres de votre communaut\u00e9. Joignez-vous \u00e0 des groupes communautaires pour \u00e9tablir des liens avec les gens autour de vous et ajoutez des coll\u00e8gues, des amis et des connaissances. Vous pouvez utiliser Facebook pour publier des images de vous-m\u00eame et de vos travaux scientifiques ou des articles de nouvelles int\u00e9ressants li\u00e9s \u00e0 votre sujet. Facebook pourrait \u00e9galement \u00eatre une bonne plateforme pour participer \u00e0 des activit\u00e9s de conservation de contenu.<\/p>\n<p><strong>Twitter\u00a0:<\/strong>\u00a0Selon le Social Media Lab, 42\u00a0% des internautes canadiens utilisent Twitter. Twitter est un microblogue sur lequel vous pouvez publier des messages de 280\u00a0caract\u00e8res ou moins, ainsi que des images et de courtes vid\u00e9os. Il y a une grande communaut\u00e9 de scientifiques, de chercheurs et d\u2019universitaires sur Twitter, donc cette plateforme peut \u00eatre pratique pour \u00e9largir votre r\u00e9seau scientifique. Twitter est aussi populaire aupr\u00e8s des journalistes, ce qui signifie que vous pourriez l\u2019utiliser pour communiquer avec des journalistes qui pourraient vous pr\u00e9senter et pr\u00e9senter votre travail dans un prochain article. Comme Facebook, Twitter est un bon endroit pour conserver du contenu li\u00e9 \u00e0 votre domaine d\u2019int\u00e9r\u00eat. Il peut \u00e9galement \u00eatre un bon endroit pour partager des articles lorsqu\u2019ils sont publi\u00e9s. Utilisez l\u2019\u00e9coute sociale pour rep\u00e9rer les mots\u2011clics pertinents li\u00e9s \u00e0 votre sujet et assurez-vous d\u2019utiliser les meilleurs mots-clics dans vos publications pour obtenir le plus de rayonnement possible.<\/p>\n<p><strong>Instagram\u00a0:<\/strong> Instagram est plus populaire chez les personnes de la g\u00e9n\u00e9ration\u00a0Y et de la g\u00e9n\u00e9ration\u00a0Z et il s\u2019agit d\u2019un endroit o\u00f9 r\u00e8gne une grande culture d\u2019influence. Instagram est un r\u00e9seau social visuel, donc utilisez-le pour publier des images et de courtes vid\u00e9os. Comme pour Twitter, vous voudrez utiliser l\u2019\u00e9coute sociale pour d\u00e9terminer les meilleurs mots-clics pour accompagner vos publications. Instagram est le meilleur endroit pour publier des \u00e9goportraits scientifiques et d\u2019autres contenus visuels. Les infographies pourraient \u00eatre utiles sur cette plateforme. Essayez d\u2019exp\u00e9rimenter avec les actualit\u00e9s Instagram pour cr\u00e9er des publications de type \u00ab\u00a0une journ\u00e9e au laboratoire\u00a0\u00bb ou d\u2019autres contenus en coulisse.<\/p>\n<p><strong>LinkedIn\u00a0:<\/strong>\u00a0LinkedIn est principalement utilis\u00e9 pour le r\u00e9seautage professionnel dans le secteur priv\u00e9, mais il pourrait \u00eatre vraiment utile si vous voulez parler de votre discipline \u00e0 un public professionnel. Joignez-vous \u00e0 des groupes sur LinkedIn o\u00f9 vous pensez pouvoir apporter votre expertise \u00e0 la conversation. Si vous souhaitez rejoindre le public de LinkedIn, vous avez \u00e9galement la possibilit\u00e9 d\u2019h\u00e9berger votre blogue au sein m\u00eame de la plateforme.<\/p>\n<p><strong>YouTube\u00a0:\u00a0<\/strong>YouTube est l\u2019un des principaux endroits o\u00f9 les jeunes vont pour apprendre quelque chose.\u00a0<a href=\"https:\/\/www.thinkwithgoogle.com\/advertising-channels\/video\/gen-z-and-youtube\/\">Selon Google, 80\u00a0% des personnes de la g\u00e9n\u00e9ration\u00a0Z qui ont \u00e9t\u00e9 interrog\u00e9es ont indiqu\u00e9 que YouTube les a aid\u00e9s \u00e0 mieux conna\u00eetre un sujet (lien)<\/a>, et beaucoup se tournent aussi vers YouTube pour obtenir des nouvelles. Comme YouTube est en train de devenir un lieu d\u2019apprentissage tr\u00e8s populaire, il convient parfaitement \u00e0 la communication scientifique, dont l\u2019objectif est d\u2019enseigner la science au public. Il est pr\u00e9f\u00e9rable d\u2019utiliser YouTube conjointement avec un autre r\u00e9seau social comme Twitter et Facebook, ce qui vous permettra de publier votre contenu vid\u00e9o \u00e0 diff\u00e9rents endroits afin d\u2019accro\u00eetre votre public. Enregistrez des vid\u00e9os courtes et captivantes et essayez de trouver des fa\u00e7ons de relier vos vid\u00e9os scientifiques \u00e0 des \u00e9v\u00e9nements ou \u00e0 des enjeux d\u2019actualit\u00e9 pour susciter un plus grand int\u00e9r\u00eat.<\/p>\n<p><strong>Pinterest\u00a0:<\/strong>\u00a0comme Instagram, Pinterest est un m\u00e9dia tr\u00e8s visuel. Contrairement \u00e0 Instagram, il vous permet d\u2019ins\u00e9rer des liens directs vers d\u2019autres contenus sur le Web. Cela le rend tr\u00e8s bon pour la conservation du contenu. Cette plateforme est moins personnelle qu\u2019Instagram, donc elle ne constitue pas une bonne plateforme pour publier des \u00e9goportraits scientifiques ou des photos d\u2019une journ\u00e9e au laboratoire. Conservez plut\u00f4t le contenu correspondant \u00e0 votre sujet et utilisez Pinterest pour republier le contenu de votre blogue ou de votre site Web. Pinterest est plus populaire chez les femmes, <a href=\"https:\/\/www.omnicoreagency.com\/pinterest-statistics\/\">selon Omnicore (lien),<\/a> et tend \u00e0 \u00eatre utilis\u00e9 pour exprimer des aspirations. Pour cette raison, des publications sur les femmes et les filles en science pourraient \u00eatre un bon moyen de cr\u00e9er des contenus int\u00e9ressants sur Pinterest.<\/p>\n<p><strong>Reddit\u00a0:<\/strong>\u00a0Contrairement \u00e0 Pinterest, Reddit a tendance \u00e0 attirer un groupe d\u00e9mographique compos\u00e9 principalement de jeunes hommes <a href=\"https:\/\/www.techjunkie.com\/demographics-reddit\/\">selon TechJunkie (lien)<\/a>. Reddit est une plateforme de type forum de discussion sur laquelle les gens affichent du contenu provenant d\u2019ailleurs sur le Web et le commentent, ou posent des questions et r\u00e9pondent \u00e0 des questions. Reddit est donc un bon moyen de conserver du contenu et de poser des questions scientifiques. Les \u00ab\u00a0sous-reddits\u00a0\u00bb (ou <em>subreddits<\/em> en anglais) sont des communaut\u00e9s sur Reddit qui se consacrent \u00e0 des sujets ou \u00e0 des enjeux pr\u00e9cis. Utilisez l\u2019\u00e9coute sociale pour d\u00e9terminer les meilleurs \u00ab\u00a0sous-reddits\u00a0\u00bb auxquels vous pouvez participer, mais faites attention \u2013 chaque communaut\u00e9 Reddit a son propre caract\u00e8re et certaines sont assur\u00e9ment \u00e0 \u00e9viter au travail\u00a0(NSFW)! Les bons \u00ab\u00a0sous-reddits\u00a0\u00bb pour parler de science comprennent r\/iAMA (ask me anything), r\/science et r\/askscience, mais il y en a beaucoup d\u2019autres li\u00e9s \u00e0 presque tous les sujets, donc cherchez sur Reddit pour trouver ceux qui correspondent \u00e0 votre int\u00e9r\u00eat.<\/p>\n<p><strong>Snapchat\u00a0:<\/strong>\u00a0Snapchat prend rapidement de l\u2019ampleur, surtout \u00e0 l\u2019ext\u00e9rieur de l\u2019Am\u00e9rique du Nord, et permet d\u2019envoyer de courtes vid\u00e9os et des images \u00e0 des groupes d\u2019utilisateurs. Une partie de sa popularit\u00e9 provient des filtres Snapchat, qui permettent aux gens d\u2019ajouter du style aux images et aux vid\u00e9os qu\u2019ils publient. Pour cette raison, Snapchat pourrait \u00eatre utile pour du contenu de type \u00e9goportrait scientifique ou de type une journ\u00e9e dans la vie d\u2019un scientifique. Comme Snapchat demeure moins populaire qu\u2019Instagram, n\u2019utilisez cette plateforme que si vous connaissez une communaut\u00e9 que vous voulez rejoindre et qui s\u2019y trouve.<\/p>\n<p>La prochaine section couvrira trois\u00a0nouvelles plateformes innovantes qui ne sont peut-\u00eatre pas aussi populaires que celles mentionn\u00e9es sur cette page, mais qui pr\u00e9sentent un potentiel int\u00e9ressant pour la communication scientifique.<\/p>\n<h6><strong>&gt;&gt;<\/strong><strong>SUIVANT\u00a0: <a href=\"http:\/\/webspace.royalroads.ca\/jhodson\/communication-in-the-public-interest-resources\/pratiques-exemplaires-en-communication-scientifique\/chapitre-3-avoir-recours-aux-medias-sociaux-pour-parler-de-votre-disciplinevos-travaux-scientifiques\/adapter-votre-approche-les-pratiques-exemplaires-pour-les-differentes-plateformes\/plateformes-a-surveiller\/\">PLATEFORMES \u00c9MERGENTES <\/a><\/strong><strong>\u00a0\u00a0\u00a0\u00a0\u00a0\u00a0\u00a0\u00a0\u00a0\u00a0\u00a0\u00a0\u00a0\u00a0\u00a0\u00a0\u00a0\u00a0\u00a0\u00a0\u00a0\u00a0\u00a0\u00a0\u00a0\u00a0\u00a0\u00a0\u00a0\u00a0\u00a0\u00a0\u00a0\u00a0\u00a0\u00a0\u00a0\u00a0\u00a0<\/strong><\/h6>\n<h6><strong>\u00a0&lt;&lt;<\/strong><a href=\"https:\/\/webspace.royalroads.ca\/jhodson\/communication-in-the-public-interest-resources\/pratiques-exemplaires-en-communication-scientifique\/chapitre-3-avoir-recours-aux-medias-sociaux-pour-parler-de-votre-disciplinevos-travaux-scientifiques\/\"><strong>RETOUR \u00c0 LA LISTE DE SUJETS DU CHAPITRE\u00a03<\/strong><\/a><\/h6>\n","protected":false},"excerpt":{"rendered":"<p>Maintenant que vous savez comment produire diff\u00e9rents types de contenu, vous vous demandez probablement comment tirer le meilleur parti des plateformes sur lesquelles vous publiez votre formidable contenu de communication scientifique. La pr\u00e9sente section donne un aper\u00e7u des pratiques exemplaires pour les principales plateformes. Utilisez cette section, ainsi que votre \u00e9coute sociale et les types [&hellip;]<\/p>\n","protected":false},"author":184,"featured_media":0,"parent":1229,"menu_order":6,"comment_status":"closed","ping_status":"closed","template":"","meta":{"footnotes":""},"class_list":["post-1246","page","type-page","status-publish","hentry"],"_links":{"self":[{"href":"https:\/\/webspace.royalroads.ca\/jhodson\/wp-json\/wp\/v2\/pages\/1246","targetHints":{"allow":["GET"]}}],"collection":[{"href":"https:\/\/webspace.royalroads.ca\/jhodson\/wp-json\/wp\/v2\/pages"}],"about":[{"href":"https:\/\/webspace.royalroads.ca\/jhodson\/wp-json\/wp\/v2\/types\/page"}],"author":[{"embeddable":true,"href":"https:\/\/webspace.royalroads.ca\/jhodson\/wp-json\/wp\/v2\/users\/184"}],"replies":[{"embeddable":true,"href":"https:\/\/webspace.royalroads.ca\/jhodson\/wp-json\/wp\/v2\/comments?post=1246"}],"version-history":[{"count":2,"href":"https:\/\/webspace.royalroads.ca\/jhodson\/wp-json\/wp\/v2\/pages\/1246\/revisions"}],"predecessor-version":[{"id":1308,"href":"https:\/\/webspace.royalroads.ca\/jhodson\/wp-json\/wp\/v2\/pages\/1246\/revisions\/1308"}],"up":[{"embeddable":true,"href":"https:\/\/webspace.royalroads.ca\/jhodson\/wp-json\/wp\/v2\/pages\/1229"}],"wp:attachment":[{"href":"https:\/\/webspace.royalroads.ca\/jhodson\/wp-json\/wp\/v2\/media?parent=1246"}],"curies":[{"name":"wp","href":"https:\/\/api.w.org\/{rel}","templated":true}]}}