{"id":1248,"date":"2019-12-13T11:05:06","date_gmt":"2019-12-13T19:05:06","guid":{"rendered":"http:\/\/webspace.royalroads.ca\/jhodson\/?page_id=1248"},"modified":"2019-12-16T11:43:02","modified_gmt":"2019-12-16T19:43:02","slug":"plateformes-a-surveiller","status":"publish","type":"page","link":"https:\/\/webspace.royalroads.ca\/jhodson\/communication-in-the-public-interest-resources\/pratiques-exemplaires-en-communication-scientifique\/chapitre-3-avoir-recours-aux-medias-sociaux-pour-parler-de-votre-disciplinevos-travaux-scientifiques\/adapter-votre-approche-les-pratiques-exemplaires-pour-les-differentes-plateformes\/plateformes-a-surveiller\/","title":{"rendered":"PLATEFORMES \u00c0 SURVEILLER"},"content":{"rendered":"<p>Certaines plateformes gagnent en popularit\u00e9 et offrent des options int\u00e9ressantes pour renforcer votre communication scientifique. Cette page traitera de TikTok, Spotify et WeChat.<\/p>\n<p><strong>TikTok\u00a0:<\/strong>\u00a0TikTok est une application que vous pouvez t\u00e9l\u00e9charger sur votre t\u00e9l\u00e9phone et qui vous permet de publier du contenu vid\u00e9o court. Le contenu publi\u00e9 sur cette plateforme est habituellement irr\u00e9v\u00e9rencieux, dr\u00f4le ou autrement m\u00e9morable. Selon Business Insider, <a href=\"https:\/\/www.businessinsider.com\/tiktok-app-online-website-video-sharing-2019-7\">TikTok est devenu l\u2019une des plateformes sociales les plus populaires aupr\u00e8s des adolescents et de la g\u00e9n\u00e9ration\u00a0Z\u00a0(lien)<\/a>. TikTok permet la diffusion en direct de vid\u00e9os et permet \u00e9galement l\u2019utilisation de mots-clics. Cette application pourrait \u00eatre utile pour r\u00e9pondre \u00e0 des questions scientifiques ou pour publier un aper\u00e7u de votre laboratoire ou de vos travaux scientifiques. Vous pouvez modifier la vid\u00e9o dans l\u2019application elle-m\u00eame, en ajoutant des effets sonores et une piste sonore. Soyez concis \u2013 les vid\u00e9os TikTok ne durent que 60\u00a0secondes. Comme pour toutes les plateformes, assurez-vous de faire de l\u2019\u00e9coute sociale avant de cr\u00e9er du contenu. Cela vous permettra de cr\u00e9er le genre de contenu qui interpelle le plus la communaut\u00e9.<\/p>\n<figure id=\"attachment_971\" aria-describedby=\"caption-attachment-971\" style=\"width: 1250px\" class=\"wp-caption alignright\"><img decoding=\"async\" class=\"size-full wp-image-971 lazyload\" data-src=\"https:\/\/webspace.royalroads.ca\/jhodson\/wp-content\/uploads\/sites\/175\/2019\/08\/Tik_Tok_wordmark.png\" alt=\"\" width=\"1250\" height=\"400\" data-srcset=\"https:\/\/webspace.royalroads.ca\/jhodson\/wp-content\/uploads\/sites\/175\/2019\/08\/Tik_Tok_wordmark.png 1250w, https:\/\/webspace.royalroads.ca\/jhodson\/wp-content\/uploads\/sites\/175\/2019\/08\/Tik_Tok_wordmark-300x96.png 300w, https:\/\/webspace.royalroads.ca\/jhodson\/wp-content\/uploads\/sites\/175\/2019\/08\/Tik_Tok_wordmark-768x246.png 768w, https:\/\/webspace.royalroads.ca\/jhodson\/wp-content\/uploads\/sites\/175\/2019\/08\/Tik_Tok_wordmark-1024x328.png 1024w\" data-sizes=\"(max-width: 1250px) 100vw, 1250px\" src=\"data:image\/svg+xml;base64,PHN2ZyB3aWR0aD0iMSIgaGVpZ2h0PSIxIiB4bWxucz0iaHR0cDovL3d3dy53My5vcmcvMjAwMC9zdmciPjwvc3ZnPg==\" style=\"--smush-placeholder-width: 1250px; --smush-placeholder-aspect-ratio: 1250\/400;\" \/><figcaption id=\"caption-attachment-971\" class=\"wp-caption-text\">Mot-symbole de TikTok tir\u00e9 de Wikimedia Commons\u00a0: <a href=\"https:\/\/commons.wikimedia.org\/wiki\/File:Tik_Tok_wordmark.png\">https:\/\/commons.wikimedia.org\/wiki\/File:Tik_Tok_wordmark.png<\/a><\/figcaption><\/figure>\n<p><strong>Spotify\u00a0:<\/strong>\u00a0Spotify est une application de conservation de musique en ligne qui vous permet de cr\u00e9er des listes de lecture de chansons populaires et de les partager avec d\u2019autres. Il ne s\u2019agit pas d\u2019une plateforme que vous utiliseriez seule pour la communication scientifique, mais le fait d\u2019avoir une liste de lecture personnalis\u00e9e de chansons refl\u00e9tant votre discipline serait un excellent ajout \u00e0 votre contenu conserv\u00e9. Vous pourriez m\u00eame exp\u00e9rimenter avec quelques listes de lecture diff\u00e9rentes qui repr\u00e9sentent chacune diff\u00e9rents aspects de votre travail. Utilisez vos autres plateformes sociales pour inviter les autres \u00e0 \u00e9couter les chansons qui refl\u00e8tent vos travaux scientifiques sur Spotify. \u00c0 l\u2019inverse, si des utilisateurs de Spotify trouvent votre liste de lecture, ils pourraient vouloir vous suivre ailleurs.<\/p>\n<figure id=\"attachment_972\" aria-describedby=\"caption-attachment-972\" style=\"width: 3159px\" class=\"wp-caption alignright\"><img decoding=\"async\" class=\"size-full wp-image-972 lazyload\" data-src=\"https:\/\/webspace.royalroads.ca\/jhodson\/wp-content\/uploads\/sites\/175\/2019\/08\/Spotify_logo_horizontal_black.jpg\" alt=\"\" width=\"3159\" height=\"1428\" data-srcset=\"https:\/\/webspace.royalroads.ca\/jhodson\/wp-content\/uploads\/sites\/175\/2019\/08\/Spotify_logo_horizontal_black.jpg 3159w, https:\/\/webspace.royalroads.ca\/jhodson\/wp-content\/uploads\/sites\/175\/2019\/08\/Spotify_logo_horizontal_black-300x136.jpg 300w, https:\/\/webspace.royalroads.ca\/jhodson\/wp-content\/uploads\/sites\/175\/2019\/08\/Spotify_logo_horizontal_black-768x347.jpg 768w, https:\/\/webspace.royalroads.ca\/jhodson\/wp-content\/uploads\/sites\/175\/2019\/08\/Spotify_logo_horizontal_black-1024x463.jpg 1024w\" data-sizes=\"(max-width: 3159px) 100vw, 3159px\" src=\"data:image\/svg+xml;base64,PHN2ZyB3aWR0aD0iMSIgaGVpZ2h0PSIxIiB4bWxucz0iaHR0cDovL3d3dy53My5vcmcvMjAwMC9zdmciPjwvc3ZnPg==\" style=\"--smush-placeholder-width: 3159px; --smush-placeholder-aspect-ratio: 3159\/1428;\" \/><figcaption id=\"caption-attachment-972\" class=\"wp-caption-text\">Logo de Spotify tir\u00e9 de Wikimedia Commons\u00a0: <a href=\"https:\/\/commons.wikimedia.org\/wiki\/File:Spotify_logo_horizontal_black.jpg\">https:\/\/commons.wikimedia.org\/wiki\/File:Spotify_logo_horizontal_black.jpg<\/a><\/figcaption><\/figure>\n<p><strong>WeChat\u00a0:<\/strong>\u00a0WeChat est une application polyvalente de messagerie<\/p>\n<figure id=\"attachment_973\" aria-describedby=\"caption-attachment-973\" style=\"width: 292px\" class=\"wp-caption alignright\"><img decoding=\"async\" class=\"wp-image-973 lazyload\" data-src=\"https:\/\/webspace.royalroads.ca\/jhodson\/wp-content\/uploads\/sites\/175\/2019\/08\/WeChat_logo_Android.png\" alt=\"\" width=\"292\" height=\"292\" data-srcset=\"https:\/\/webspace.royalroads.ca\/jhodson\/wp-content\/uploads\/sites\/175\/2019\/08\/WeChat_logo_Android.png 512w, https:\/\/webspace.royalroads.ca\/jhodson\/wp-content\/uploads\/sites\/175\/2019\/08\/WeChat_logo_Android-150x150.png 150w, https:\/\/webspace.royalroads.ca\/jhodson\/wp-content\/uploads\/sites\/175\/2019\/08\/WeChat_logo_Android-300x300.png 300w\" data-sizes=\"(max-width: 292px) 100vw, 292px\" src=\"data:image\/svg+xml;base64,PHN2ZyB3aWR0aD0iMSIgaGVpZ2h0PSIxIiB4bWxucz0iaHR0cDovL3d3dy53My5vcmcvMjAwMC9zdmciPjwvc3ZnPg==\" style=\"--smush-placeholder-width: 292px; --smush-placeholder-aspect-ratio: 292\/292;\" \/><figcaption id=\"caption-attachment-973\" class=\"wp-caption-text\">Logo WeChat pour Android tir\u00e9 de Wikimedia Commons\u00a0: <a href=\"https:\/\/commons.wikimedia.org\/wiki\/File:WeChat_logo_Android.png\">https:\/\/commons.wikimedia.org\/wiki\/File:WeChat_logo_Android.png<\/a><\/figcaption><\/figure>\n<p>et de paiement mobile, et un r\u00e9seau social qui est extr\u00eamement populaire en Chine. L\u2019application compte plus d\u2019un milliard d\u2019utilisateurs mensuels et tente de s\u2019\u00e9tendre \u00e0 l\u2019ext\u00e9rieur de la Chine. \u00c0 l\u2019\u00e9chelle mondiale, il s\u2019agit d\u2019un m\u00e9dia social puissant, m\u00eame si de nombreux Nord-Am\u00e9ricains ne l\u2019utilisent pas encore. WeChat h\u00e9berge des \u00ab\u00a0mini-programmes\u00a0\u00bb ou des applications dans l\u2019application qui permettent aux utilisateurs de faire diff\u00e9rentes choses. Selon les mini-programmes, les utilisateurs peuvent utiliser WeChat de diff\u00e9rentes mani\u00e8res, notamment pour t\u00e9l\u00e9charger des images ou des vid\u00e9os, pour jouer \u00e0 des jeux ou m\u00eame pour acheter des billets de cin\u00e9ma. Si vous voulez atteindre un public en Chine avec votre communication scientifique, pensez \u00e0 WeChat. Et gardez l\u2019\u0153il ouvert pour voir si cette application p\u00e9n\u00e8tre le march\u00e9 dans votre partie du monde.<\/p>\n<p>Maintenant que vous avez une id\u00e9e de la fa\u00e7on de cr\u00e9er diff\u00e9rents types de contenu et de l\u2019endroit o\u00f9 le publier, vous voudrez peut-\u00eatre vous pencher sur les questions de libre acc\u00e8s et de droit d\u2019auteur, surtout si vous avez l\u2019intention d\u2019exercer de la conservation de contenu. La section suivante traitera du droit d\u2019auteur en ligne et de la meilleure fa\u00e7on d\u2019utiliser le contenu du Web tout en respectant les demandes des cr\u00e9ateurs.<\/p>\n<h6><strong>&gt;&gt;SUIVANT :\u00a0<\/strong> <a href=\"http:\/\/webspace.royalroads.ca\/jhodson\/communication-in-the-public-interest-resources\/pratiques-exemplaires-en-communication-scientifique\/chapitre-3-avoir-recours-aux-medias-sociaux-pour-parler-de-votre-disciplinevos-travaux-scientifiques\/adapter-votre-approche-les-pratiques-exemplaires-pour-les-differentes-plateformes\/a-quelle-frequence-publiez-vous\/\">LE MOMENT ET LA FR\u00c9QUENCE DES PUBLICATIONS<\/a><\/h6>\n<h6><strong>&lt;&lt;<\/strong><a href=\"https:\/\/webspace.royalroads.ca\/jhodson\/communication-in-the-public-interest-resources\/pratiques-exemplaires-en-communication-scientifique\/chapitre-3-avoir-recours-aux-medias-sociaux-pour-parler-de-votre-disciplinevos-travaux-scientifiques\/\"><strong>RETOUR \u00c0 LA LISTE DE SUJETS DU CHAPITRE\u00a03<\/strong><\/a><\/h6>\n","protected":false},"excerpt":{"rendered":"<p>Certaines plateformes gagnent en popularit\u00e9 et offrent des options int\u00e9ressantes pour renforcer votre communication scientifique. Cette page traitera de TikTok, Spotify et WeChat. TikTok\u00a0:\u00a0TikTok est une application que vous pouvez t\u00e9l\u00e9charger sur votre t\u00e9l\u00e9phone et qui vous permet de publier du contenu vid\u00e9o court. Le contenu publi\u00e9 sur cette plateforme est habituellement irr\u00e9v\u00e9rencieux, dr\u00f4le ou [&hellip;]<\/p>\n","protected":false},"author":184,"featured_media":0,"parent":1229,"menu_order":7,"comment_status":"closed","ping_status":"closed","template":"","meta":{"footnotes":""},"class_list":["post-1248","page","type-page","status-publish","hentry"],"_links":{"self":[{"href":"https:\/\/webspace.royalroads.ca\/jhodson\/wp-json\/wp\/v2\/pages\/1248","targetHints":{"allow":["GET"]}}],"collection":[{"href":"https:\/\/webspace.royalroads.ca\/jhodson\/wp-json\/wp\/v2\/pages"}],"about":[{"href":"https:\/\/webspace.royalroads.ca\/jhodson\/wp-json\/wp\/v2\/types\/page"}],"author":[{"embeddable":true,"href":"https:\/\/webspace.royalroads.ca\/jhodson\/wp-json\/wp\/v2\/users\/184"}],"replies":[{"embeddable":true,"href":"https:\/\/webspace.royalroads.ca\/jhodson\/wp-json\/wp\/v2\/comments?post=1248"}],"version-history":[{"count":3,"href":"https:\/\/webspace.royalroads.ca\/jhodson\/wp-json\/wp\/v2\/pages\/1248\/revisions"}],"predecessor-version":[{"id":1310,"href":"https:\/\/webspace.royalroads.ca\/jhodson\/wp-json\/wp\/v2\/pages\/1248\/revisions\/1310"}],"up":[{"embeddable":true,"href":"https:\/\/webspace.royalroads.ca\/jhodson\/wp-json\/wp\/v2\/pages\/1229"}],"wp:attachment":[{"href":"https:\/\/webspace.royalroads.ca\/jhodson\/wp-json\/wp\/v2\/media?parent=1248"}],"curies":[{"name":"wp","href":"https:\/\/api.w.org\/{rel}","templated":true}]}}