{"id":1250,"date":"2019-12-13T11:08:44","date_gmt":"2019-12-13T19:08:44","guid":{"rendered":"http:\/\/webspace.royalroads.ca\/jhodson\/?page_id=1250"},"modified":"2019-12-16T11:43:30","modified_gmt":"2019-12-16T19:43:30","slug":"a-quelle-frequence-publiez-vous","status":"publish","type":"page","link":"https:\/\/webspace.royalroads.ca\/jhodson\/communication-in-the-public-interest-resources\/pratiques-exemplaires-en-communication-scientifique\/chapitre-3-avoir-recours-aux-medias-sociaux-pour-parler-de-votre-disciplinevos-travaux-scientifiques\/adapter-votre-approche-les-pratiques-exemplaires-pour-les-differentes-plateformes\/a-quelle-frequence-publiez-vous\/","title":{"rendered":"\u00c0 quelle fr\u00e9quence publiez-vous?"},"content":{"rendered":"<p>Pour chaque plateforme, vous vous demandez probablement \u00e0 quelle fr\u00e9quence vous devriez publier votre contenu et \u00e0 quel moment il est pr\u00e9f\u00e9rable de le faire. Ce sont d\u2019excellentes questions, mais malheureusement, il n\u2019y a pas de r\u00e9ponses faciles.<\/p>\n<p><a href=\"https:\/\/giphy.com\/gifs\/warnerarchive-classic-film-warner-archive-l0MYOUI5XfRk4LLWM\">https:\/\/giphy.com\/gifs\/warnerarchive-classic-film-warner-archive-l0MYOUI5XfRk4LLWM<\/a><\/p>\n<p><span style=\"font-size: 10pt\">\u00ab Classic Film Time Gif by Warner Archive \u00bb sur Giphy : https:\/\/giphy.com\/gifs\/warnerarchive-classic-film-warner-archive-l0MYOUI5XfRk4LLWM<\/span><\/p>\n<p>Commencez par publier votre contenu en suivant les lignes directrices \u00e9num\u00e9r\u00e9es ici. Puis, \u00e0 mesure que vous ma\u00eetrisez mieux la plateforme que vous avez choisie, utilisez votre \u00e9coute sociale pour d\u00e9terminer \u00e0 quelle fr\u00e9quence les membres de votre communaut\u00e9 publient et \u00e0 quel moment ils semblent \u00eatre les plus actifs.<\/p>\n<p>Commencez par publier aux fr\u00e9quences suivantes, en pr\u00eatant attention \u00e0 ce que fait votre communaut\u00e9 et en vous adaptant au fur et \u00e0 mesure\u00a0:<\/p>\n<ul>\n<li><strong>Twitter et Instagram\u00a0:<\/strong> Au moins une fois par jour, de pr\u00e9f\u00e9rence plusieurs fois par jour. Effectuez une publication avant le travail, une \u00e0 l\u2019heure du d\u00eener et une juste apr\u00e8s le travail.<\/li>\n<li><strong>Facebook\u00a0:<\/strong> Publiez du contenu au moins quelques fois par semaine et jusqu\u2019\u00e0 une fois par jour. Effectuez vos publications entre l\u2019heure du midi et le milieu de l\u2019apr\u00e8s-midi.<\/li>\n<li>LinkedIn\u00a0: Publiez du contenu au moins une fois par semaine et jusqu\u2019\u00e0 une fois par jour. Effectuez vos publications pendant les heures de travail.<\/li>\n<li><strong>Pinterest\u00a0:<\/strong> Publiez du contenu quelques fois par semaine et jusqu\u2019\u00e0 une fois par jour. Effectuez vos publications sur l\u2019heure du midi, tout de suite apr\u00e8s le travail ou pendant le week-end.<\/li>\n<li><strong>Reddit\u00a0:<\/strong> Publiez du contenu au moins une fois par jour, le soir.<\/li>\n<li><strong>Snapchat\u00a0:<\/strong> Publiez du contenu au moins une fois par jour. Les publications s\u2019affichent habituellement 24\u00a0heures avant de dispara\u00eetre.<\/li>\n<li><strong>YouTube, blogue et baladodiffusion\u00a0:<\/strong> Publiez du contenu au moins une fois par mois et jusqu\u2019\u00e0 une fois par semaine. Choisissez une journ\u00e9e et soyez constant.<\/li>\n<li><strong>Plateformes \u00e9mergentes\u00a0:<\/strong> Participez \u00e0 la communaut\u00e9 pour voir quelles sont les tendances g\u00e9n\u00e9rales et suivez-les.<\/li>\n<\/ul>\n<p>Ces lignes directrices offrent un point de d\u00e9part, mais le processus de d\u00e9termination du meilleur moment et de la fr\u00e9quence optimale pour la publication ne s\u2019arr\u00eate pas l\u00e0. Au fur et \u00e0 mesure que vous cr\u00e9ez votre contenu et que vous le publiez, notez (par exemple, dans une feuille de calcul Excel) l\u2019heure et la fr\u00e9quence de vos publications et le rendement de chacune d\u2019entre elles. Cela vous permettra de continuer \u00e0 faire des ajustements jusqu\u2019\u00e0 ce que vous ayez d\u00e9termin\u00e9 la fr\u00e9quence et le moment optimaux pour votre contenu.<\/p>\n<p>Maintenant que vous avez une id\u00e9e de la fa\u00e7on de cr\u00e9er diff\u00e9rents types de contenu et de l\u2019endroit o\u00f9 le publier, vous voudrez peut-\u00eatre vous pencher sur les questions de libre acc\u00e8s et de droit d\u2019auteur, surtout si vous avez l\u2019intention d\u2019exercer de la conservation de contenu. La section suivante traitera du droit d\u2019auteur en ligne et de la meilleure fa\u00e7on d\u2019utiliser le contenu du Web tout en respectant les demandes des cr\u00e9ateurs.<\/p>\n<h6><strong>&gt;&gt;SUIVANT\u00a0:\u00a0<\/strong><a href=\"http:\/\/webspace.royalroads.ca\/jhodson\/communication-in-the-public-interest-resources\/pratiques-exemplaires-en-communication-scientifique\/chapitre-3-avoir-recours-aux-medias-sociaux-pour-parler-de-votre-disciplinevos-travaux-scientifiques\/droit-dauteur-et-creative-commons\/\"><strong>DROIT D\u2019AUTEUR ET CREATIVE COMMONS<\/strong><\/a><strong>\u00a0\u00a0\u00a0\u00a0\u00a0\u00a0\u00a0\u00a0\u00a0\u00a0\u00a0\u00a0\u00a0\u00a0\u00a0\u00a0\u00a0\u00a0\u00a0\u00a0\u00a0\u00a0\u00a0\u00a0\u00a0\u00a0\u00a0 \u00a0<\/strong><\/h6>\n<h6><strong>\u00a0&lt;&lt;<\/strong><a href=\"https:\/\/webspace.royalroads.ca\/jhodson\/communication-in-the-public-interest-resources\/pratiques-exemplaires-en-communication-scientifique\/chapitre-3-avoir-recours-aux-medias-sociaux-pour-parler-de-votre-disciplinevos-travaux-scientifiques\/\"><strong>RETOUR \u00c0 LA LISTE DE SUJETS DU CHAPITRE\u00a03<\/strong><\/a><\/h6>\n","protected":false},"excerpt":{"rendered":"<p>Pour chaque plateforme, vous vous demandez probablement \u00e0 quelle fr\u00e9quence vous devriez publier votre contenu et \u00e0 quel moment il est pr\u00e9f\u00e9rable de le faire. Ce sont d\u2019excellentes questions, mais malheureusement, il n\u2019y a pas de r\u00e9ponses faciles. \u00ab Classic Film Time Gif by Warner Archive \u00bb sur Giphy : https:\/\/giphy.com\/gifs\/warnerarchive-classic-film-warner-archive-l0MYOUI5XfRk4LLWM Commencez par publier votre [&hellip;]<\/p>\n","protected":false},"author":184,"featured_media":0,"parent":1229,"menu_order":8,"comment_status":"closed","ping_status":"closed","template":"","meta":{"footnotes":""},"class_list":["post-1250","page","type-page","status-publish","hentry"],"_links":{"self":[{"href":"https:\/\/webspace.royalroads.ca\/jhodson\/wp-json\/wp\/v2\/pages\/1250","targetHints":{"allow":["GET"]}}],"collection":[{"href":"https:\/\/webspace.royalroads.ca\/jhodson\/wp-json\/wp\/v2\/pages"}],"about":[{"href":"https:\/\/webspace.royalroads.ca\/jhodson\/wp-json\/wp\/v2\/types\/page"}],"author":[{"embeddable":true,"href":"https:\/\/webspace.royalroads.ca\/jhodson\/wp-json\/wp\/v2\/users\/184"}],"replies":[{"embeddable":true,"href":"https:\/\/webspace.royalroads.ca\/jhodson\/wp-json\/wp\/v2\/comments?post=1250"}],"version-history":[{"count":2,"href":"https:\/\/webspace.royalroads.ca\/jhodson\/wp-json\/wp\/v2\/pages\/1250\/revisions"}],"predecessor-version":[{"id":1311,"href":"https:\/\/webspace.royalroads.ca\/jhodson\/wp-json\/wp\/v2\/pages\/1250\/revisions\/1311"}],"up":[{"embeddable":true,"href":"https:\/\/webspace.royalroads.ca\/jhodson\/wp-json\/wp\/v2\/pages\/1229"}],"wp:attachment":[{"href":"https:\/\/webspace.royalroads.ca\/jhodson\/wp-json\/wp\/v2\/media?parent=1250"}],"curies":[{"name":"wp","href":"https:\/\/api.w.org\/{rel}","templated":true}]}}