{"id":1254,"date":"2019-12-13T11:12:00","date_gmt":"2019-12-13T19:12:00","guid":{"rendered":"http:\/\/webspace.royalroads.ca\/jhodson\/?page_id=1254"},"modified":"2019-12-16T11:44:23","modified_gmt":"2019-12-16T19:44:23","slug":"le-harcelement-en-ligne-et-vous","status":"publish","type":"page","link":"https:\/\/webspace.royalroads.ca\/jhodson\/communication-in-the-public-interest-resources\/pratiques-exemplaires-en-communication-scientifique\/chapitre-3-avoir-recours-aux-medias-sociaux-pour-parler-de-votre-disciplinevos-travaux-scientifiques\/le-harcelement-en-ligne-et-vous\/","title":{"rendered":"LE HARC\u00c8LEMENT EN LIGNE ET VOUS"},"content":{"rendered":"<p>Un effet secondaire malheureux de devenir une figure plus publique en ligne gr\u00e2ce \u00e0 vos efforts de communication scientifique est que vous pourriez accidentellement devenir la cible de certains comportements ind\u00e9sirables en ligne, comme le trollage, l\u2019intimidation ou le harc\u00e8lement.<\/p>\n<p>La bonne nouvelle, c\u2019est que ce genre de choses ne se produit pas souvent. Mais malheureusement, lorsqu\u2019elles se produisent, elles peuvent \u00eatre difficiles sur les plans psychologique et \u00e9motionnel, ce qui enl\u00e8ve le plaisir de la communication scientifique. Il n\u2019y a aucun moyen d\u2019\u00e9liminer compl\u00e8tement la menace de harc\u00e8lement en ligne, mais vous pouvez faire des choses pour vous prot\u00e9ger le plus possible et r\u00e9duire au minimum les effets du harc\u00e8lement s\u2019il se produit.<\/p>\n<ol>\n<li>Pensez \u00e0 la fa\u00e7on dont vous pourriez r\u00e9agir si un ami ou un coll\u00e8gue \u00e9tait victime d\u2019intimidation.<\/li>\n<li>Faites savoir \u00e0 vos amis, \u00e0 vos coll\u00e8gues et \u00e0 vos patrons que vous allez vous lancer dans la communication scientifique en ligne et que m\u00eame s\u2019il y a peu de chances que vous subissiez du harc\u00e8lement, vous voulez vous assurer de pouvoir obtenir leur soutien si quelque chose se produit.<\/li>\n<li>Prenez connaissance des ressources ci-dessous et transmettez-les \u00e0 vos amis, \u00e0 votre famille et \u00e0 vos coll\u00e8gues de travail.<\/li>\n<li>Ne publiez pas de photos de votre famille ou de vos enfants, ou de renseignements sur votre adresse en ligne.<\/li>\n<li>Utilisez <a href=\"https:\/\/www.theverge.com\/2017\/6\/17\/15772142\/how-to-set-up-two-factor-authentication\">l\u2019authentification \u00e0 deux facteurs (lien)<\/a> pour le plus grand nombre possible de vos comptes en ligne.<\/li>\n<li>Utilisez un <a href=\"https:\/\/www.cnet.com\/news\/the-best-password-managers-of-2019\/\">gestionnaire de mots de passe (lien)<\/a> pour vous assurer d\u2019avoir les mots de passe les plus difficiles possible pour vos comptes en ligne.<\/li>\n<li>Enfin, rappelez-vous que si quelque chose se produit, vous n\u2019\u00eates pas seul, et qu\u2019\u00e0 mesure que la sensibilisation au harc\u00e8lement en ligne et \u00e0 ses r\u00e9percussions augmente, de plus en plus de ressources sont \u00e0 la disposition des personnes qui le subissent.<\/li>\n<\/ol>\n<p>Si l\u2019intimidation ou le harc\u00e8lement en ligne vous pr\u00e9occupent, consultez les ressources suivantes pour obtenir de l\u2019information et de l\u2019aide\u00a0:<\/p>\n<ul>\n<li><a href=\"https:\/\/harassment.thedlrgroup.com\/\">Le site Web sur le harc\u00e8lement du Digital Learning Research Group (lien)<\/a> fournit aux chercheurs des liens vers des ressources et de l\u2019information sur le harc\u00e8lement en ligne, notamment une simulation qui vous permet de r\u00e9fl\u00e9chir au type de harc\u00e8lement en ligne que les chercheurs subissent et aux mesures de soutien dont vous pourriez avoir besoin si vous en subissez.<\/li>\n<li><a href=\"https:\/\/iheartmob.org\/\">Heartmob (lien)<\/a>\u00a0: Une communaut\u00e9 qui travaille \u00e0 mettre fin au harc\u00e8lement en ligne. Il y a toutes sortes de ressources offertes sur ce site, tant pour ceux qui sont victimes de harc\u00e8lement en ligne que pour ceux qui veulent faire quelque chose pour y mettre fin.<\/li>\n<li><a href=\"http:\/\/www.crashoverridenetwork.com\/\">Crash Override Network (lien)<\/a>\u00a0: Un site Web qui offre des ressources en ligne pour aider les personnes qui ont \u00e9t\u00e9 victimes de violence en ligne ou qui en sont victimes.<\/li>\n<li><a href=\"https:\/\/www.cybercivilrights.org\/welcome\/\">Cyber Civil Rights Initiative (lien)<\/a>\u00a0: Un organisme sans but lucratif qui aide les personnes qui ont \u00e9t\u00e9 victimes de violence en ligne et qui s\u2019efforce \u00e9galement de mettre fin \u00e0 la violence en ligne. Son site Web contient des ressources pour les victimes am\u00e9ricaines et internationales.<\/li>\n<li><a href=\"https:\/\/www.7cups.com\/\">7 cups of tea (lien)<\/a>\u00a0: Ce site offre des s\u00e9ances de th\u00e9rapie gratuites avec des th\u00e9rapeutes agr\u00e9\u00e9s aux personnes qui ont besoin d\u2019un peu plus de soutien \u00e9motionnel.<\/li>\n<\/ul>\n<p>Esp\u00e9rons que vous ne serez jamais victime d\u2019intimidation, de harc\u00e8lement ou de violence en ligne, mais si jamais vous en \u00eates victime, il est bon de savoir qu\u2019il existe des ressources pour vous aider.<\/p>\n<p>Vous avez maintenant atteint la fin du chapitre\u00a03. F\u00e9licitations! Il s\u2019agissait d\u2019un long chapitre \u2013 il y a beaucoup de sujets \u00e0 couvrir lorsqu\u2019on se penche sur le monde multim\u00e9dia de la communication sur les m\u00e9dias sociaux. Vous \u00eates maintenant pr\u00eat \u00e0 cr\u00e9er du contenu dans diff\u00e9rents formats, pour diff\u00e9rentes plateformes, et vous savez comment g\u00e9rer le droit d\u2019auteur en ligne. Enfin, vous avez appris o\u00f9 vous pouvez vous tourner dans l\u2019\u00e9ventualit\u00e9 peu probable que vous subissiez du harc\u00e8lement. Dans le chapitre\u00a04, j\u2019aborderai les pratiques exemplaires pour pr\u00e9senter votre recherche \u00e0 des publics non universitaires.<\/p>\n<h6><strong>&gt;&gt;Suivant\u00a0:\u00a0<\/strong><a href=\"http:\/\/webspace.royalroads.ca\/jhodson\/communication-in-the-public-interest-resources\/pratiques-exemplaires-en-communication-scientifique\/chapitre-4-presenter-votre-travail-a-un-public-non-universitaire\/\"><strong>CHAPITRE\u00a04\u00a0: PR\u00c9SENTER VOTRE TRAVAIL \u00c0 UN PUBLIC NON UNIVERSITAIRE<\/strong><\/a><strong>\u00a0\u00a0\u00a0\u00a0\u00a0\u00a0\u00a0\u00a0\u00a0\u00a0\u00a0\u00a0\u00a0 \u00a0<\/strong><\/h6>\n<h6><strong>\u00a0&lt;&lt;<\/strong><a href=\"https:\/\/webspace.royalroads.ca\/jhodson\/communication-in-the-public-interest-resources\/pratiques-exemplaires-en-communication-scientifique\/chapitre-3-avoir-recours-aux-medias-sociaux-pour-parler-de-votre-disciplinevos-travaux-scientifiques\/\"><strong>RETOUR \u00c0 LA LISTE DE SUJETS DU CHAPITRE\u00a03<\/strong><\/a><\/h6>\n<h6><strong>&lt;&lt;&lt;<\/strong><a href=\"https:\/\/webspace.royalroads.ca\/jhodson\/communication-in-the-public-interest-resources\/pratiques-exemplaires-en-communication-scientifique\/\"><strong>RETOUR \u00c0 LA TABLE DES MATI\u00c8RES PRINCIPALE<\/strong><\/a><\/h6>\n","protected":false},"excerpt":{"rendered":"<p>Un effet secondaire malheureux de devenir une figure plus publique en ligne gr\u00e2ce \u00e0 vos efforts de communication scientifique est que vous pourriez accidentellement devenir la cible de certains comportements ind\u00e9sirables en ligne, comme le trollage, l\u2019intimidation ou le harc\u00e8lement. La bonne nouvelle, c\u2019est que ce genre de choses ne se produit pas souvent. Mais [&hellip;]<\/p>\n","protected":false},"author":184,"featured_media":0,"parent":1213,"menu_order":7,"comment_status":"closed","ping_status":"closed","template":"","meta":{"footnotes":""},"class_list":["post-1254","page","type-page","status-publish","hentry"],"_links":{"self":[{"href":"https:\/\/webspace.royalroads.ca\/jhodson\/wp-json\/wp\/v2\/pages\/1254","targetHints":{"allow":["GET"]}}],"collection":[{"href":"https:\/\/webspace.royalroads.ca\/jhodson\/wp-json\/wp\/v2\/pages"}],"about":[{"href":"https:\/\/webspace.royalroads.ca\/jhodson\/wp-json\/wp\/v2\/types\/page"}],"author":[{"embeddable":true,"href":"https:\/\/webspace.royalroads.ca\/jhodson\/wp-json\/wp\/v2\/users\/184"}],"replies":[{"embeddable":true,"href":"https:\/\/webspace.royalroads.ca\/jhodson\/wp-json\/wp\/v2\/comments?post=1254"}],"version-history":[{"count":2,"href":"https:\/\/webspace.royalroads.ca\/jhodson\/wp-json\/wp\/v2\/pages\/1254\/revisions"}],"predecessor-version":[{"id":1313,"href":"https:\/\/webspace.royalroads.ca\/jhodson\/wp-json\/wp\/v2\/pages\/1254\/revisions\/1313"}],"up":[{"embeddable":true,"href":"https:\/\/webspace.royalroads.ca\/jhodson\/wp-json\/wp\/v2\/pages\/1213"}],"wp:attachment":[{"href":"https:\/\/webspace.royalroads.ca\/jhodson\/wp-json\/wp\/v2\/media?parent=1254"}],"curies":[{"name":"wp","href":"https:\/\/api.w.org\/{rel}","templated":true}]}}