{"id":1265,"date":"2019-12-13T13:20:35","date_gmt":"2019-12-13T21:20:35","guid":{"rendered":"http:\/\/webspace.royalroads.ca\/jhodson\/?page_id=1265"},"modified":"2019-12-16T13:37:26","modified_gmt":"2019-12-16T21:37:26","slug":"creation-dun-argumentaire-eclair-pour-votre-travail","status":"publish","type":"page","link":"https:\/\/webspace.royalroads.ca\/jhodson\/communication-in-the-public-interest-resources\/pratiques-exemplaires-en-communication-scientifique\/chapitre-4-presenter-votre-travail-a-un-public-non-universitaire\/creation-dun-argumentaire-eclair-pour-votre-travail\/","title":{"rendered":"CR\u00c9ATION D\u2019UN ARGUMENTAIRE \u00c9CLAIR POUR VOTRE TRAVAIL"},"content":{"rendered":"<p>Un argumentaire \u00e9clair est une courte pr\u00e9sentation (habituellement de\u00a030 \u00e0 60\u00a0secondes, mais toujours moins de 3\u00a0minutes) au sujet de votre travail et des raisons pour lesquelles il est important. L\u2019\u00e9quivalent anglais d\u2019\u00ab\u00a0argumentaire \u00e9clair\u00a0\u00bb, \u00ab\u00a0elevator pitch\u00a0\u00bb (litt\u00e9ralement \u00ab\u00a0discours d\u2019ascenseur\u00a0\u00bb), a \u00e9t\u00e9 popularis\u00e9 dans les communications d\u2019entreprise et fait r\u00e9f\u00e9rence \u00e0 la courte dur\u00e9e de la pr\u00e9sentation, de\u00a030 \u00e0 60\u00a0secondes, soit \u00e0 peu pr\u00e8s le temps dont vous disposez dans un ascenseur, o\u00f9 l\u2019on imagine que vous \u00eates invit\u00e9 \u00e0 parler de votre travail avec quelqu\u2019un que vous voulez impressionner.<\/p>\n<p>Ce diaporama de Bruno\u00a0M.\u00a0Wattenbergh offre d\u2019excellents conseils sur la fa\u00e7on de pr\u00e9parer un argumentaire \u00e9clair en vous proposant de r\u00e9pondre \u00e0 une s\u00e9rie de questions sur votre projet, votre public et les objectifs de votre projet (ou, dans ce cas, votre projet de recherche).<\/p>\n<p><a href=\"https:\/\/fr.slideshare.net\/Wattbru\/pitch-or-elevator-pitch?qid=51bb870b-38ce-4eab-a1a0-54313f353944&#038;v=&#038;b=&#038;from_search=2\">https:\/\/fr.slideshare.net\/Wattbru\/pitch-or-elevator-pitch?qid=51bb870b-38ce-4eab-a1a0-54313f353944&amp;v=&amp;b=&amp;from_search=2<\/a><\/p>\n<p>&nbsp;<\/p>\n<p>Aimeriez-vous voir un exemple d\u2019argumentaire \u00e9clair? La vid\u00e9o suivante est un argumentaire \u00e9clair pr\u00e9sent\u00e9 par POTLOC afin de promouvoir leur entreprise. Bien qu\u2019elle ne traite pas de science, elle contient tous les \u00e9l\u00e9ments d\u2019un bon argumentaire. Regardez la vid\u00e9o int\u00e9gr\u00e9e ici, ou si vous avez de la difficult\u00e9 \u00e0 la visionner sur votre appareil ou votre navigateur, <a href=\"https:\/\/www.youtube.com\/watch?v=wOf78htXFZU\">utilisez ce lien pour la regarder sur YouTube.<\/a><\/p>\n<p><a href=\"https:\/\/www.youtube.com\/watch?v=wOf78htXFZU\">https:\/\/www.youtube.com\/watch?v=wOf78htXFZU<\/a><\/p>\n<p><strong>Pourquoi pourriez-vous vouloir avoir pr\u00e9par\u00e9 un argumentaire \u00e9clair?<\/strong><\/p>\n<p>Vous cherchez peut-\u00eatre des bailleurs de fonds du secteur priv\u00e9 pour votre recherche, ou vous pensez peut-\u00eatre que votre recherche pourrait \u00eatre mise en \u0153uvre par quelqu\u2019un du secteur priv\u00e9. Un argumentaire \u00e9clair est une excellente fa\u00e7on de communiquer avec des gens d\u2019affaires qui pourraient appuyer ou r\u00e9aliser le potentiel de vos travaux scientifiques parce qu\u2019ils connaissent bien les argumentaires \u00e9clair et qu\u2019ils n\u2019ont souvent pas beaucoup de temps pour les longues pr\u00e9sentations. Si vous \u00eates un scientifique qui travaille pour ou avec le gouvernement, vous n\u2019avez peut-\u00eatre que peu de temps avec le ministre ou le sous-ministre qui, selon vous, a besoin de conna\u00eetre vos donn\u00e9es scientifiques. Un argumentaire \u00e9clair peut \u00eatre un moyen utile de leur montrer pourquoi ils devraient apprendre \u00e0 conna\u00eetre votre travail ou vous demander des conseils sur un projet. Enfin, un argumentaire \u00e9clair peut \u00eatre utile si vous cherchez \u00e0 expliquer aux journalistes ou \u00e0 d\u2019autres professionnels de la communication pourquoi ils devraient souligner votre travail dans un reportage. Si vous pouvez communiquer de fa\u00e7on convaincante en 60\u00a0secondes pourquoi vos id\u00e9es sont dignes de faire les manchettes, vous avez plus de chances d\u2019attirer l\u2019attention des m\u00e9dias.<\/p>\n<p>Maintenant que vous disposez d\u2019un argumentaire \u00e9clair solide que vous avez r\u00e9p\u00e9t\u00e9, vous \u00eates pr\u00eats \u00e0 pr\u00e9senter votre travail \u00e0 un public plus large \u00e0 la t\u00e9l\u00e9vision ou \u00e0 la radio. On vous a peut\u2011\u00eatre d\u00e9j\u00e0 demand\u00e9 de participer \u00e0 une \u00e9mission de t\u00e9l\u00e9vision ou de radio, mais la plupart des scientifiques et des chercheurs re\u00e7oivent peu ou pas de formation m\u00e9diatique dans le cadre de leur travail. Les deux prochaines sections vous donneront des conseils de base pour survivre \u00e0 une \u00e9mission de t\u00e9l\u00e9vision ou de radio, afin que vous puissiez vous sentir plus en confiance quand on vous demandera de passer \u00e0 l\u2019antenne.<\/p>\n<h6><strong>&gt;&gt;SUIVANT\u00a0:\u00a0<\/strong><a href=\"http:\/\/webspace.royalroads.ca\/jhodson\/communication-in-the-public-interest-resources\/pratiques-exemplaires-en-communication-scientifique\/chapitre-4-presenter-votre-travail-a-un-public-non-universitaire\/pratiques-exemplaires-en-matiere-de-diffusion-passer-a-la-television\/\"><strong>CONSEILS POUR LA T\u00c9L\u00c9VISION<\/strong><\/a><strong>\u00a0\u00a0\u00a0\u00a0\u00a0\u00a0\u00a0\u00a0\u00a0\u00a0\u00a0\u00a0\u00a0\u00a0\u00a0\u00a0\u00a0\u00a0\u00a0\u00a0\u00a0\u00a0\u00a0\u00a0\u00a0\u00a0\u00a0\u00a0\u00a0\u00a0\u00a0\u00a0\u00a0\u00a0\u00a0\u00a0\u00a0\u00a0\u00a0\u00a0\u00a0\u00a0\u00a0\u00a0\u00a0\u00a0\u00a0 <\/strong><\/h6>\n<h6><strong>\u00a0&lt;&lt;<\/strong><a href=\"https:\/\/webspace.royalroads.ca\/jhodson\/communication-in-the-public-interest-resources\/pratiques-exemplaires-en-communication-scientifique\/chapitre-4-presenter-votre-travail-a-un-public-non-universitaire\/\"><strong>RETOUR \u00c0 LA LISTE DE SUJETS DU CHAPITRE\u00a04<\/strong><\/a><\/h6>\n","protected":false},"excerpt":{"rendered":"<p>Un argumentaire \u00e9clair est une courte pr\u00e9sentation (habituellement de\u00a030 \u00e0 60\u00a0secondes, mais toujours moins de 3\u00a0minutes) au sujet de votre travail et des raisons pour lesquelles il est important. L\u2019\u00e9quivalent anglais d\u2019\u00ab\u00a0argumentaire \u00e9clair\u00a0\u00bb, \u00ab\u00a0elevator pitch\u00a0\u00bb (litt\u00e9ralement \u00ab\u00a0discours d\u2019ascenseur\u00a0\u00bb), a \u00e9t\u00e9 popularis\u00e9 dans les communications d\u2019entreprise et fait r\u00e9f\u00e9rence \u00e0 la courte dur\u00e9e de la pr\u00e9sentation, [&hellip;]<\/p>\n","protected":false},"author":184,"featured_media":0,"parent":1256,"menu_order":3,"comment_status":"closed","ping_status":"closed","template":"","meta":{"footnotes":""},"class_list":["post-1265","page","type-page","status-publish","hentry"],"_links":{"self":[{"href":"https:\/\/webspace.royalroads.ca\/jhodson\/wp-json\/wp\/v2\/pages\/1265","targetHints":{"allow":["GET"]}}],"collection":[{"href":"https:\/\/webspace.royalroads.ca\/jhodson\/wp-json\/wp\/v2\/pages"}],"about":[{"href":"https:\/\/webspace.royalroads.ca\/jhodson\/wp-json\/wp\/v2\/types\/page"}],"author":[{"embeddable":true,"href":"https:\/\/webspace.royalroads.ca\/jhodson\/wp-json\/wp\/v2\/users\/184"}],"replies":[{"embeddable":true,"href":"https:\/\/webspace.royalroads.ca\/jhodson\/wp-json\/wp\/v2\/comments?post=1265"}],"version-history":[{"count":2,"href":"https:\/\/webspace.royalroads.ca\/jhodson\/wp-json\/wp\/v2\/pages\/1265\/revisions"}],"predecessor-version":[{"id":1318,"href":"https:\/\/webspace.royalroads.ca\/jhodson\/wp-json\/wp\/v2\/pages\/1265\/revisions\/1318"}],"up":[{"embeddable":true,"href":"https:\/\/webspace.royalroads.ca\/jhodson\/wp-json\/wp\/v2\/pages\/1256"}],"wp:attachment":[{"href":"https:\/\/webspace.royalroads.ca\/jhodson\/wp-json\/wp\/v2\/media?parent=1265"}],"curies":[{"name":"wp","href":"https:\/\/api.w.org\/{rel}","templated":true}]}}