{"id":1267,"date":"2019-12-13T13:22:25","date_gmt":"2019-12-13T21:22:25","guid":{"rendered":"http:\/\/webspace.royalroads.ca\/jhodson\/?page_id=1267"},"modified":"2019-12-16T13:37:53","modified_gmt":"2019-12-16T21:37:53","slug":"pratiques-exemplaires-en-matiere-de-diffusion-passer-a-la-television","status":"publish","type":"page","link":"https:\/\/webspace.royalroads.ca\/jhodson\/communication-in-the-public-interest-resources\/pratiques-exemplaires-en-communication-scientifique\/chapitre-4-presenter-votre-travail-a-un-public-non-universitaire\/pratiques-exemplaires-en-matiere-de-diffusion-passer-a-la-television\/","title":{"rendered":"PRATIQUES EXEMPLAIRES EN MATI\u00c8RE DE DIFFUSION\u00a0: PASSER \u00c0 LA T\u00c9L\u00c9VISION"},"content":{"rendered":"<p>Le fait d\u2019\u00eatre invit\u00e9 \u00e0 participer \u00e0 une \u00e9mission de t\u00e9l\u00e9vision, \u00e0 un balado vid\u00e9o ou \u00e0 une autre occasion de parler de vos travaux scientifiques devant la cam\u00e9ra est un excellent moyen de rejoindre un grand nombre de personnes. Pour certains scientifiques, cependant, ces occasions peuvent aussi \u00eatre un peu angoissantes.<\/p>\n<p>Cette page vous donnera donc des conseils pour vous aider \u00e0 vous sentir plus \u00e0 l\u2019aise lorsqu\u2019on vous demande d\u2019\u00eatre devant la cam\u00e9ra. Des choses simples, comme les v\u00eatements que vous choisissez de porter ou le fait de savoir o\u00f9 regarder, peuvent vous aider \u00e0 vous sentir bien et \u00e0 avoir l\u2019air d\u2019un professionnel.<\/p>\n<figure style=\"width: 400px\" class=\"wp-caption alignnone\"><img decoding=\"async\" class=\"size-full lazyload\" data-src=\"https:\/\/media0.giphy.com\/media\/Oopi1jh9B80dG\/giphy.gif?cid=790b761133c833180b7c3cfa9f56c541de31fcf785cf00df&amp;rid=giphy.gif\" width=\"400\" height=\"225\" src=\"data:image\/svg+xml;base64,PHN2ZyB3aWR0aD0iMSIgaGVpZ2h0PSIxIiB4bWxucz0iaHR0cDovL3d3dy53My5vcmcvMjAwMC9zdmciPjwvc3ZnPg==\" style=\"--smush-placeholder-width: 400px; --smush-placeholder-aspect-ratio: 400\/225;\" \/><figcaption class=\"wp-caption-text\">Niveau d\u2019excitation\u00a0: Passer \u00e0 la t\u00e9l\u00e9 pour la premi\u00e8re fois!<\/figcaption><\/figure>\n<p>Si vous vous \u00eates rendu jusqu\u2019ici, vous avez perfectionn\u00e9 votre capacit\u00e9 \u00e0 pr\u00e9senter votre travail \u00e0 un public non universitaire en utilisant des analogies claires, en \u00e9liminant le jargon, en cr\u00e9ant un argumentaire \u00e9clair et en r\u00e9p\u00e9tant vos points de discussion. Toutes ces choses vous aideront \u00e0 donner une excellente entrevue t\u00e9l\u00e9vis\u00e9e ou vid\u00e9o. Mais il y a d\u2019autres choses que vous pouvez faire pour avoir la meilleure exp\u00e9rience possible. Les voici\u00a0:<\/p>\n<p><strong>Conseils vestimentaires\u00a0:<\/strong><\/p>\n<ul>\n<li>Certaines couleurs paraissent mieux \u00e0 l\u2019\u00e9cran que d\u2019autres. \u00c9vitez les motifs bigarr\u00e9s, les rayures ou les logos visibles. Les couleurs unies conviennent le plus.<\/li>\n<li>\u00c9vitez les boucles d\u2019oreilles pendantes ou tout autre bijou qui pourrait toucher votre microphone.<\/li>\n<li>Si vous pensez parler devant un fond bleu, \u00e9vitez de porter du bleu. Si vous n\u2019\u00eates pas certain, demandez au producteur qui vous invite des recommandations sur les couleurs \u00e0 ne pas porter.<\/li>\n<li>Vous porterez probablement un microphone-boutonni\u00e8re sans fil. Ce type de microphone se compose de deux parties\u00a0: un petit microphone qui s\u2019attache \u00e0 vos v\u00eatements pr\u00e8s du col et une bo\u00eete qui se fixe habituellement \u00e0 la poche ou \u00e0 la ceinture mont\u00e9e de votre pantalon ou de votre jupe. Ces deux \u00e9l\u00e9ments sont reli\u00e9s par un fil qui traverse votre chemise jusqu\u2019\u00e0 votre col. Si vous portez une robe ou une combinaison, il pourrait \u00eatre difficile ou impossible de porter ce type de microphone correctement et il est donc pr\u00e9f\u00e9rable de porter une tenue qui a un haut et un bas s\u00e9par\u00e9s.<\/li>\n<li>Par-dessus tout, soyez \u00e0 l\u2019aise, tout en \u00e9tant professionnel.<\/li>\n<\/ul>\n<p>&nbsp;<\/p>\n<p><strong>Maquillage\u00a0:<\/strong><\/p>\n<ul>\n<li>Certaines \u00e9missions vous offriront une retouche de maquillage et vous mettront de la poudre pour r\u00e9duire la brillance \u00e0 l\u2019\u00e9cran, mais la plupart des \u00e9missions ne le feront pas. Si possible, apportez votre propre poudre compacte et appliquez-en un peu avant de passer sur les ondes.<\/li>\n<li>N\u2019utilisez pas de produits capillaires qui ajoutent de la brillance. Cela pourrait distraire les t\u00e9l\u00e9spectateurs.<\/li>\n<li>Une apparence naturelle est g\u00e9n\u00e9ralement pr\u00e9f\u00e9rable. Avec les cam\u00e9ras\u00a0HD, il n\u2019est plus n\u00e9cessaire de mettre en \u00e9vidence certaines caract\u00e9ristiques pour la cam\u00e9ra, et en fait, un style audacieux pourrait \u00eatre une distraction si vous parlez d\u2019un sujet s\u00e9rieux.<\/li>\n<\/ul>\n<p>&nbsp;<\/p>\n<p><strong>Autres \u00e9l\u00e9ments \u00e0 prendre en consid\u00e9ration\u00a0:<\/strong><\/p>\n<ul>\n<li>L\u2019animateur ou le producteur devrait vous indiquer o\u00f9 diriger votre regard pendant l\u2019entrevue. Vous serez tent\u00e9 de regarder la cam\u00e9ra, mais r\u00e9sistez \u00e0 cette tentation, \u00e0 moins qu\u2019on ne vous demande express\u00e9ment de regarder la cam\u00e9ra.<\/li>\n<li>Ne parlez pas trop vite ni trop lentement. Essayez d\u2019adopter un ton normal.<\/li>\n<li>Si vous \u00eates dans un studio \u00e9loign\u00e9, il peut y avoir un d\u00e9lai entre le moment o\u00f9 une question vous est pos\u00e9e et celui o\u00f9 vous r\u00e9pondez. Rappelez-vous que vous pourriez \u00eatre \u00e0 l\u2019antenne m\u00eame si vous n\u2019\u00eates pas en train de r\u00e9pondre \u00e0 une question. Souriez, respirez et faites de votre mieux pour avoir l\u2019air \u00e0 l\u2019aise.<\/li>\n<li>Arrivez au moins 20 minutes avant l\u2019heure fix\u00e9e. Il y a habituellement une sorte de processus \u00e0 suivre pour passer \u00e0 l\u2019antenne, et si vous voulez que l\u2019on vous r\u00e9invite, vous devez \u00e9liminer le plus de stress possible pour les gens qui vous re\u00e7oivent.<\/li>\n<li>Faites attention aux \u00ab\u00a0temps morts\u00a0\u00bb; quelques secondes de silence peuvent sembler durer une \u00e9ternit\u00e9 pour ceux qui vous regardent. Pour vous donner du temps (si n\u00e9cessaire) pour r\u00e9pondre \u00e0 une question difficile, r\u00e9p\u00e9tez la question \u00e0 l\u2019animateur, puis r\u00e9pondez-y du mieux que vous le pouvez.<\/li>\n<\/ul>\n<p>&nbsp;<\/p>\n<p>Vous souhaitez en apprendre davantage? RaccourSci propose un article sur la fa\u00e7on d\u2019am\u00e9liorer la relation journaliste-scientifique, tant dans la presse \u00e9crite que sur les ondes. <a href=\"https:\/\/www.raccoursci.com\/astuce\/journalistes-chercheurs-vers-des-relations-apaisees\/\">Acc\u00e9dez \u00e0 l\u2019article sur le site Web de RaccourSci (lien)<\/a>.<\/p>\n<p>Puisque vos comp\u00e9tences en communication scientifique sont en forte demande, vous pourriez aussi \u00eatre invit\u00e9 \u00e0 parler en direct \u00e0 la radio. La section suivante comprendra des conseils pour les entrevues radiophoniques afin de vous aider \u00e0 pr\u00e9senter votre recherche aux auditeurs.<\/p>\n<h6><strong>&gt;&gt;SUIVANT\u00a0:\u00a0<\/strong><a href=\"http:\/\/webspace.royalroads.ca\/jhodson\/communication-in-the-public-interest-resources\/pratiques-exemplaires-en-communication-scientifique\/chapitre-4-presenter-votre-travail-a-un-public-non-universitaire\/pratiques-exemplaires-en-matiere-de-diffusion-parler-a-la-radio\/\"><strong>PARLER \u00c0 LA RADIO<\/strong><\/a><strong>\u00a0\u00a0\u00a0\u00a0\u00a0\u00a0\u00a0\u00a0\u00a0\u00a0\u00a0\u00a0\u00a0\u00a0\u00a0\u00a0\u00a0\u00a0\u00a0\u00a0\u00a0\u00a0\u00a0\u00a0\u00a0\u00a0\u00a0\u00a0\u00a0\u00a0\u00a0\u00a0\u00a0\u00a0\u00a0\u00a0\u00a0\u00a0\u00a0\u00a0\u00a0\u00a0\u00a0\u00a0 <\/strong><\/h6>\n<h6><strong>&lt;&lt;<\/strong><a href=\"https:\/\/webspace.royalroads.ca\/jhodson\/communication-in-the-public-interest-resources\/pratiques-exemplaires-en-communication-scientifique\/chapitre-4-presenter-votre-travail-a-un-public-non-universitaire\/\"><strong>RETOUR \u00c0 LA LISTE DE SUJETS DU CHAPITRE\u00a04<\/strong><\/a><\/h6>\n","protected":false},"excerpt":{"rendered":"<p>Le fait d\u2019\u00eatre invit\u00e9 \u00e0 participer \u00e0 une \u00e9mission de t\u00e9l\u00e9vision, \u00e0 un balado vid\u00e9o ou \u00e0 une autre occasion de parler de vos travaux scientifiques devant la cam\u00e9ra est un excellent moyen de rejoindre un grand nombre de personnes. Pour certains scientifiques, cependant, ces occasions peuvent aussi \u00eatre un peu angoissantes. Cette page vous [&hellip;]<\/p>\n","protected":false},"author":184,"featured_media":0,"parent":1256,"menu_order":4,"comment_status":"closed","ping_status":"closed","template":"","meta":{"footnotes":""},"class_list":["post-1267","page","type-page","status-publish","hentry"],"_links":{"self":[{"href":"https:\/\/webspace.royalroads.ca\/jhodson\/wp-json\/wp\/v2\/pages\/1267","targetHints":{"allow":["GET"]}}],"collection":[{"href":"https:\/\/webspace.royalroads.ca\/jhodson\/wp-json\/wp\/v2\/pages"}],"about":[{"href":"https:\/\/webspace.royalroads.ca\/jhodson\/wp-json\/wp\/v2\/types\/page"}],"author":[{"embeddable":true,"href":"https:\/\/webspace.royalroads.ca\/jhodson\/wp-json\/wp\/v2\/users\/184"}],"replies":[{"embeddable":true,"href":"https:\/\/webspace.royalroads.ca\/jhodson\/wp-json\/wp\/v2\/comments?post=1267"}],"version-history":[{"count":2,"href":"https:\/\/webspace.royalroads.ca\/jhodson\/wp-json\/wp\/v2\/pages\/1267\/revisions"}],"predecessor-version":[{"id":1319,"href":"https:\/\/webspace.royalroads.ca\/jhodson\/wp-json\/wp\/v2\/pages\/1267\/revisions\/1319"}],"up":[{"embeddable":true,"href":"https:\/\/webspace.royalroads.ca\/jhodson\/wp-json\/wp\/v2\/pages\/1256"}],"wp:attachment":[{"href":"https:\/\/webspace.royalroads.ca\/jhodson\/wp-json\/wp\/v2\/media?parent=1267"}],"curies":[{"name":"wp","href":"https:\/\/api.w.org\/{rel}","templated":true}]}}