{"id":1271,"date":"2019-12-13T13:27:32","date_gmt":"2019-12-13T21:27:32","guid":{"rendered":"http:\/\/webspace.royalroads.ca\/jhodson\/?page_id=1271"},"modified":"2019-12-13T13:27:32","modified_gmt":"2019-12-13T21:27:32","slug":"felicitations","status":"publish","type":"page","link":"https:\/\/webspace.royalroads.ca\/jhodson\/communication-in-the-public-interest-resources\/pratiques-exemplaires-en-communication-scientifique\/felicitations\/","title":{"rendered":"F\u00c9LICITATIONS!"},"content":{"rendered":"<figure style=\"width: 500px\" class=\"wp-caption alignnone\"><img decoding=\"async\" class=\"size-full lazyload\" data-src=\"https:\/\/media.giphy.com\/media\/G22vVm4jcPeco\/giphy.gif\" width=\"500\" height=\"282\" src=\"data:image\/svg+xml;base64,PHN2ZyB3aWR0aD0iMSIgaGVpZ2h0PSIxIiB4bWxucz0iaHR0cDovL3d3dy53My5vcmcvMjAwMC9zdmciPjwvc3ZnPg==\" style=\"--smush-placeholder-width: 500px; --smush-placeholder-aspect-ratio: 500\/282;\" \/><figcaption class=\"wp-caption-text\">Gif du Colbert Report tir\u00e9 de Giphy.com<\/figcaption><\/figure>\n<p>F\u00e9licitations, vous avez termin\u00e9 la lecture des Pratiques exemplaires en communication scientifique! Vous savez maintenant comment parler de vos travaux scientifiques d\u2019une mani\u00e8re int\u00e9ressante, novatrice et accessible. Vous avez appris \u00e0 utiliser les m\u00e9dias sociaux pour parler de votre discipline et vous avez appris les principes cl\u00e9s pour interagir avec les journalistes et dans les m\u00e9dias \u00e9lectroniques. Vous \u00eates maintenant pr\u00eat pour votre gros plan!<\/p>\n<p>Si vous avez des commentaires, n\u2019h\u00e9sitez pas \u00e0 communiquer avec moi. Vous pouvez me trouver sur Twitter @SocMedDr, ou vous pouvez m\u2019envoyer un courriel \u00e0 l\u2019Universit\u00e9 Royal Roads\u00a0: &#x6a;&#x61;&#105;&#103;ri&#x73;&#x2e;&#x68;&#111;ds&#x6f;&#x6e;&#x40;&#114;&#111;y&#x61;&#x6c;&#x72;&#111;&#97;d&#x73;&#x2e;&#x63;&#97;.<\/p>\n<h6>&lt;&lt;<a href=\"http:\/\/webspace.royalroads.ca\/jhodson\/communication-in-the-public-interest-resources\/pratiques-exemplaires-en-communication-scientifique\/chapitre-4-presenter-votre-travail-a-un-public-non-universitaire\/\">RETOUR \u00c0 LA LISTE DE SUJETS DU CHAPITRE\u00a04 \u00a0\u00a0\u00a0<\/a><\/h6>\n<h6>&lt;&lt;&lt;<a href=\"http:\/\/webspace.royalroads.ca\/jhodson\/communication-in-the-public-interest-resources\/pratiques-exemplaires-en-communication-scientifique\/\">RETOUR \u00c0 LA TABLE DES MATI\u00c8RES PRINCIPALE<\/a><\/h6>\n","protected":false},"excerpt":{"rendered":"<p>F\u00e9licitations, vous avez termin\u00e9 la lecture des Pratiques exemplaires en communication scientifique! Vous savez maintenant comment parler de vos travaux scientifiques d\u2019une mani\u00e8re int\u00e9ressante, novatrice et accessible. Vous avez appris \u00e0 utiliser les m\u00e9dias sociaux pour parler de votre discipline et vous avez appris les principes cl\u00e9s pour interagir avec les journalistes et dans les [&hellip;]<\/p>\n","protected":false},"author":184,"featured_media":0,"parent":1152,"menu_order":5,"comment_status":"closed","ping_status":"closed","template":"","meta":{"footnotes":""},"class_list":["post-1271","page","type-page","status-publish","hentry"],"_links":{"self":[{"href":"https:\/\/webspace.royalroads.ca\/jhodson\/wp-json\/wp\/v2\/pages\/1271","targetHints":{"allow":["GET"]}}],"collection":[{"href":"https:\/\/webspace.royalroads.ca\/jhodson\/wp-json\/wp\/v2\/pages"}],"about":[{"href":"https:\/\/webspace.royalroads.ca\/jhodson\/wp-json\/wp\/v2\/types\/page"}],"author":[{"embeddable":true,"href":"https:\/\/webspace.royalroads.ca\/jhodson\/wp-json\/wp\/v2\/users\/184"}],"replies":[{"embeddable":true,"href":"https:\/\/webspace.royalroads.ca\/jhodson\/wp-json\/wp\/v2\/comments?post=1271"}],"version-history":[{"count":1,"href":"https:\/\/webspace.royalroads.ca\/jhodson\/wp-json\/wp\/v2\/pages\/1271\/revisions"}],"predecessor-version":[{"id":1272,"href":"https:\/\/webspace.royalroads.ca\/jhodson\/wp-json\/wp\/v2\/pages\/1271\/revisions\/1272"}],"up":[{"embeddable":true,"href":"https:\/\/webspace.royalroads.ca\/jhodson\/wp-json\/wp\/v2\/pages\/1152"}],"wp:attachment":[{"href":"https:\/\/webspace.royalroads.ca\/jhodson\/wp-json\/wp\/v2\/media?parent=1271"}],"curies":[{"name":"wp","href":"https:\/\/api.w.org\/{rel}","templated":true}]}}