{"id":266,"date":"2022-05-11T12:12:28","date_gmt":"2022-05-11T19:12:28","guid":{"rendered":"https:\/\/webspace.royalroads.ca\/nmurray\/?page_id=266"},"modified":"2024-03-01T12:07:47","modified_gmt":"2024-03-01T20:07:47","slug":"about-me","status":"publish","type":"page","link":"https:\/\/webspace.royalroads.ca\/nmurray\/about-me\/","title":{"rendered":"About Me"},"content":{"rendered":"<div class=\"wp-block-image\">\n<figure class=\"aligncenter size-large is-resized\"><img decoding=\"async\" data-src=\"https:\/\/webspace.royalroads.ca\/nmurray\/wp-content\/uploads\/sites\/1078\/2022\/04\/Niall-Glacier-1-771x1024.jpg\" alt=\"\" class=\"wp-image-256 lazyload\" width=\"438\" height=\"582\" data-srcset=\"https:\/\/webspace.royalroads.ca\/nmurray\/wp-content\/uploads\/sites\/1078\/2022\/04\/Niall-Glacier-1-771x1024.jpg 771w, https:\/\/webspace.royalroads.ca\/nmurray\/wp-content\/uploads\/sites\/1078\/2022\/04\/Niall-Glacier-1-226x300.jpg 226w, https:\/\/webspace.royalroads.ca\/nmurray\/wp-content\/uploads\/sites\/1078\/2022\/04\/Niall-Glacier-1-768x1020.jpg 768w, https:\/\/webspace.royalroads.ca\/nmurray\/wp-content\/uploads\/sites\/1078\/2022\/04\/Niall-Glacier-1-1157x1536.jpg 1157w, https:\/\/webspace.royalroads.ca\/nmurray\/wp-content\/uploads\/sites\/1078\/2022\/04\/Niall-Glacier-1.jpg 1536w\" data-sizes=\"(max-width: 438px) 100vw, 438px\" src=\"data:image\/svg+xml;base64,PHN2ZyB3aWR0aD0iMSIgaGVpZ2h0PSIxIiB4bWxucz0iaHR0cDovL3d3dy53My5vcmcvMjAwMC9zdmciPjwvc3ZnPg==\" style=\"--smush-placeholder-width: 438px; --smush-placeholder-aspect-ratio: 438\/582;\" \/><figcaption class=\"wp-element-caption\"><em>J\u00f6kuls\u00e1rl\u00f3n Glacier, Iceland<\/em><\/figcaption><\/figure>\n<\/div>\n\n\n<p class=\"has-text-align-center\">Hi! I&#8217;m a Master of Arts in Climate Action Leadership student at Royal Roads University, Victoria, B.C. Canada. <\/p>\n\n\n\n<p class=\"has-text-align-center\">Originally from Johannesburg, South Africa, I now reside in Vancouver on the unceded and ancestral territory of the h\u0259n\u0313q\u0313\u0259min\u0313\u0259m\u0313 and S\u1e35wx\u0331w\u00fa7mesh speaking peoples, the x\u02b7m\u0259\u03b8k\u02b7\u0259y\u0313\u0259m (Musqueam), S\u1e35wx\u0331w\u00fa7mesh (Squamish), and s\u0259lilw\u0259ta\u026c (Tsleil-Waututh) Nations<\/p>\n","protected":false},"excerpt":{"rendered":"<p>Hi! I&#8217;m a Master of Arts in Climate Action Leadership student at Royal Roads University, Victoria, B.C. Canada. Originally from Johannesburg, South Africa, I now reside in Vancouver on the unceded and ancestral territory of the h\u0259n\u0313q\u0313\u0259min\u0313\u0259m\u0313 and S\u1e35wx\u0331w\u00fa7mesh speaking peoples, the x\u02b7m\u0259\u03b8k\u02b7\u0259y\u0313\u0259m (Musqueam), S\u1e35wx\u0331w\u00fa7mesh (Squamish), and s\u0259lilw\u0259ta\u026c (Tsleil-Waututh) Nations<\/p>\n","protected":false},"author":1118,"featured_media":0,"parent":0,"menu_order":0,"comment_status":"closed","ping_status":"closed","template":"","meta":{"_uag_custom_page_level_css":"","footnotes":""},"class_list":["post-266","page","type-page","status-publish","hentry"],"uagb_featured_image_src":{"full":false,"thumbnail":false,"medium":false,"medium_large":false,"large":false,"1536x1536":false,"2048x2048":false,"boardwalk-featured-image":false,"boardwalk-hero-image":false,"boardwalk-logo":false},"uagb_author_info":{"display_name":"Niall","author_link":"https:\/\/webspace.royalroads.ca\/nmurray\/author\/nmurray\/"},"uagb_comment_info":0,"uagb_excerpt":"Hi! I&#8217;m a Master of Arts in Climate Action Leadership student at Royal Roads University, Victoria, B.C. Canada. Originally from Johannesburg, South Africa, I now reside in Vancouver on the unceded and ancestral territory of the h\u0259n\u0313q\u0313\u0259min\u0313\u0259m\u0313 and S\u1e35wx\u0331w\u00fa7mesh speaking peoples, the x\u02b7m\u0259\u03b8k\u02b7\u0259y\u0313\u0259m (Musqueam), S\u1e35wx\u0331w\u00fa7mesh (Squamish), and s\u0259lilw\u0259ta\u026c (Tsleil-Waututh) Nations","_links":{"self":[{"href":"https:\/\/webspace.royalroads.ca\/nmurray\/wp-json\/wp\/v2\/pages\/266","targetHints":{"allow":["GET"]}}],"collection":[{"href":"https:\/\/webspace.royalroads.ca\/nmurray\/wp-json\/wp\/v2\/pages"}],"about":[{"href":"https:\/\/webspace.royalroads.ca\/nmurray\/wp-json\/wp\/v2\/types\/page"}],"author":[{"embeddable":true,"href":"https:\/\/webspace.royalroads.ca\/nmurray\/wp-json\/wp\/v2\/users\/1118"}],"replies":[{"embeddable":true,"href":"https:\/\/webspace.royalroads.ca\/nmurray\/wp-json\/wp\/v2\/comments?post=266"}],"version-history":[{"count":9,"href":"https:\/\/webspace.royalroads.ca\/nmurray\/wp-json\/wp\/v2\/pages\/266\/revisions"}],"predecessor-version":[{"id":509,"href":"https:\/\/webspace.royalroads.ca\/nmurray\/wp-json\/wp\/v2\/pages\/266\/revisions\/509"}],"wp:attachment":[{"href":"https:\/\/webspace.royalroads.ca\/nmurray\/wp-json\/wp\/v2\/media?parent=266"}],"curies":[{"name":"wp","href":"https:\/\/api.w.org\/{rel}","templated":true}]}}